{"id":3005,"date":"2018-01-02T13:36:16","date_gmt":"2018-01-02T11:36:16","guid":{"rendered":"https:\/\/www.manner.fi\/produkte\/equipment-castors\/"},"modified":"2019-11-27T11:18:58","modified_gmt":"2019-11-27T09:18:58","slug":"apparaterollen","status":"publish","type":"page","link":"https:\/\/www.manner.fi\/de\/produkte\/apparaterollen\/","title":{"rendered":"Apparaterollen"},"content":{"rendered":"<p style=\"text-align: center;\">Das Sortiment von Manner enth\u00e4lt eine gro\u00dfe Bandbreite von hochwertigen, strapazierf\u00e4higen und leichtg\u00e4ngigen Apparaterollen. Unsere Apparaterollen sind als Lenk- oder Bockrollen erh\u00e4ltlich. Das Rad selbst ist auch als separates Einzelteil lieferbar. Unsere leichten Apparaterollen der E-Serien verbinden Wendigkeit mit attraktivem Design. Die traditionelleren Apparaterollenserien e-Smart, ES-serie und Tango werden besonders f\u00fcr ihre \u00fcberlegene Zuverl\u00e4ssigkeit und Sicherheit gesch\u00e4tzt.<\/p>\n<p style=\"text-align: center;\">Haupts\u00e4chliche Nutzersegmente:\u00a0<a href=\"https:\/\/www.manner.fi\/de\/anwendungen\/\">Gesundheitspflege<\/a>,\u00a0<a href=\"https:\/\/www.manner.fi\/de\/anwendungen\/\">Institute und Unternehmen<\/a>,\u00a0<a href=\"https:\/\/www.manner.fi\/de\/anwendungen\/\">Gro\u00dfk\u00fcchen und Restaurants<\/a><\/p>\n","protected":false},"excerpt":{"rendered":"<p>Das Sortiment von Manner enth\u00e4lt eine gro\u00dfe Bandbreite von hochwertigen, strapazierf\u00e4higen und leichtg\u00e4ngigen Apparaterollen. Unsere Apparaterollen sind als Lenk- oder Bockrollen erh\u00e4ltlich. Das Rad selbst ist auch als separates Einzelteil lieferbar. Unsere leichten Apparaterollen der E-Serien verbinden Wendigkeit mit attraktivem Design. Die traditionelleren Apparaterollenserien e-Smart, ES-serie und Tango werden besonders f\u00fcr ihre \u00fcberlegene Zuverl\u00e4ssigkeit und [&hellip;]<\/p>\n","protected":false},"author":1,"featured_media":1518,"parent":3001,"menu_order":0,"comment_status":"closed","ping_status":"closed","template":"","meta":{"_acf_changed":false,"footnotes":""},"class_list":["post-3005","page","type-page","status-publish","has-post-thumbnail","hentry"],"acf":[],"yoast_head":"<!-- This site is optimized with the Yoast SEO plugin v25.2 - https:\/\/yoast.com\/wordpress\/plugins\/seo\/ -->\n<title>Apparaterollen | Manner<\/title>\n<meta name=\"description\" content=\"Manner Rollen werden verwendet f\u00fcr leichte und schwere Ger\u00e4te, f\u00fcr medizinische Apparate und M\u00f6bel.\" \/>\n<meta name=\"robots\" content=\"index, follow, max-snippet:-1, max-image-preview:large, max-video-preview:-1\" \/>\n<meta property=\"og:locale\" content=\"de_DE\" \/>\n<meta property=\"og:type\" content=\"article\" \/>\n<meta property=\"og:title\" content=\"Apparaterollen | Manner\" \/>\n<meta property=\"og:description\" content=\"Manner Rollen werden verwendet f\u00fcr leichte und schwere Ger\u00e4te, f\u00fcr medizinische Apparate und M\u00f6bel.\" \/>\n<meta property=\"og:url\" content=\"https:\/\/www.manner.fi\/de\/produkte\/apparaterollen\/\" \/>\n<meta property=\"og:site_name\" content=\"Manner\" \/>\n<meta property=\"article:modified_time\" content=\"2019-11-27T09:18:58+00:00\" \/>\n<meta property=\"og:image\" content=\"https:\/\/www.manner.fi\/wp-content\/uploads\/2018\/01\/tuotteet-kalustepyorat.jpg\" \/>\n\t<meta property=\"og:image:width\" content=\"1600\" \/>\n\t<meta property=\"og:image:height\" content=\"612\" \/>\n\t<meta property=\"og:image:type\" content=\"image\/jpeg\" \/>\n<meta name=\"twitter:card\" content=\"summary_large_image\" \/>\n<script type=\"application\/ld+json\" class=\"yoast-schema-graph\">{\"@context\":\"https:\/\/schema.org\",\"@graph\":[{\"@type\":\"WebPage\",\"@id\":\"https:\/\/www.manner.fi\/de\/produkte\/apparaterollen\/\",\"url\":\"https:\/\/www.manner.fi\/de\/produkte\/apparaterollen\/\",\"name\":\"Apparaterollen | Manner\",\"isPartOf\":{\"@id\":\"https:\/\/www.manner.fi\/#website\"},\"primaryImageOfPage\":{\"@id\":\"https:\/\/www.manner.fi\/de\/produkte\/apparaterollen\/#primaryimage\"},\"image\":{\"@id\":\"https:\/\/www.manner.fi\/de\/produkte\/apparaterollen\/#primaryimage\"},\"thumbnailUrl\":\"https:\/\/www.manner.fi\/wp-content\/uploads\/2018\/01\/tuotteet-kalustepyorat.jpg\",\"datePublished\":\"2018-01-02T11:36:16+00:00\",\"dateModified\":\"2019-11-27T09:18:58+00:00\",\"description\":\"Manner Rollen werden verwendet f\u00fcr leichte und schwere Ger\u00e4te, f\u00fcr medizinische Apparate und M\u00f6bel.\",\"breadcrumb\":{\"@id\":\"https:\/\/www.manner.fi\/de\/produkte\/apparaterollen\/#breadcrumb\"},\"inLanguage\":\"de\",\"potentialAction\":[{\"@type\":\"ReadAction\",\"target\":[\"https:\/\/www.manner.fi\/de\/produkte\/apparaterollen\/\"]}]},{\"@type\":\"ImageObject\",\"inLanguage\":\"de\",\"@id\":\"https:\/\/www.manner.fi\/de\/produkte\/apparaterollen\/#primaryimage\",\"url\":\"https:\/\/www.manner.fi\/wp-content\/uploads\/2018\/01\/tuotteet-kalustepyorat.jpg\",\"contentUrl\":\"https:\/\/www.manner.fi\/wp-content\/uploads\/2018\/01\/tuotteet-kalustepyorat.jpg\",\"width\":1600,\"height\":612},{\"@type\":\"BreadcrumbList\",\"@id\":\"https:\/\/www.manner.fi\/de\/produkte\/apparaterollen\/#breadcrumb\",\"itemListElement\":[{\"@type\":\"ListItem\",\"position\":1,\"name\":\"Home\",\"item\":\"https:\/\/www.manner.fi\/de\/\"},{\"@type\":\"ListItem\",\"position\":2,\"name\":\"Produkte\",\"item\":\"https:\/\/www.manner.fi\/de\/produkte\/\"},{\"@type\":\"ListItem\",\"position\":3,\"name\":\"Apparaterollen\"}]},{\"@type\":\"WebSite\",\"@id\":\"https:\/\/www.manner.fi\/#website\",\"url\":\"https:\/\/www.manner.fi\/\",\"name\":\"Manner\",\"description\":\"Smart Moves on Manner Castors\",\"potentialAction\":[{\"@type\":\"SearchAction\",\"target\":{\"@type\":\"EntryPoint\",\"urlTemplate\":\"https:\/\/www.manner.fi\/?s={search_term_string}\"},\"query-input\":{\"@type\":\"PropertyValueSpecification\",\"valueRequired\":true,\"valueName\":\"search_term_string\"}}],\"inLanguage\":\"de\"}]}<\/script>\n<!-- \/ Yoast SEO plugin. -->","yoast_head_json":{"title":"Apparaterollen | Manner","description":"Manner Rollen werden verwendet f\u00fcr leichte und schwere Ger\u00e4te, f\u00fcr medizinische Apparate und M\u00f6bel.","robots":{"index":"index","follow":"follow","max-snippet":"max-snippet:-1","max-image-preview":"max-image-preview:large","max-video-preview":"max-video-preview:-1"},"og_locale":"de_DE","og_type":"article","og_title":"Apparaterollen | Manner","og_description":"Manner Rollen werden verwendet f\u00fcr leichte und schwere Ger\u00e4te, f\u00fcr medizinische Apparate und M\u00f6bel.","og_url":"https:\/\/www.manner.fi\/de\/produkte\/apparaterollen\/","og_site_name":"Manner","article_modified_time":"2019-11-27T09:18:58+00:00","og_image":[{"width":1600,"height":612,"url":"https:\/\/www.manner.fi\/wp-content\/uploads\/2018\/01\/tuotteet-kalustepyorat.jpg","type":"image\/jpeg"}],"twitter_card":"summary_large_image","schema":{"@context":"https:\/\/schema.org","@graph":[{"@type":"WebPage","@id":"https:\/\/www.manner.fi\/de\/produkte\/apparaterollen\/","url":"https:\/\/www.manner.fi\/de\/produkte\/apparaterollen\/","name":"Apparaterollen | Manner","isPartOf":{"@id":"https:\/\/www.manner.fi\/#website"},"primaryImageOfPage":{"@id":"https:\/\/www.manner.fi\/de\/produkte\/apparaterollen\/#primaryimage"},"image":{"@id":"https:\/\/www.manner.fi\/de\/produkte\/apparaterollen\/#primaryimage"},"thumbnailUrl":"https:\/\/www.manner.fi\/wp-content\/uploads\/2018\/01\/tuotteet-kalustepyorat.jpg","datePublished":"2018-01-02T11:36:16+00:00","dateModified":"2019-11-27T09:18:58+00:00","description":"Manner Rollen werden verwendet f\u00fcr leichte und schwere Ger\u00e4te, f\u00fcr medizinische Apparate und M\u00f6bel.","breadcrumb":{"@id":"https:\/\/www.manner.fi\/de\/produkte\/apparaterollen\/#breadcrumb"},"inLanguage":"de","potentialAction":[{"@type":"ReadAction","target":["https:\/\/www.manner.fi\/de\/produkte\/apparaterollen\/"]}]},{"@type":"ImageObject","inLanguage":"de","@id":"https:\/\/www.manner.fi\/de\/produkte\/apparaterollen\/#primaryimage","url":"https:\/\/www.manner.fi\/wp-content\/uploads\/2018\/01\/tuotteet-kalustepyorat.jpg","contentUrl":"https:\/\/www.manner.fi\/wp-content\/uploads\/2018\/01\/tuotteet-kalustepyorat.jpg","width":1600,"height":612},{"@type":"BreadcrumbList","@id":"https:\/\/www.manner.fi\/de\/produkte\/apparaterollen\/#breadcrumb","itemListElement":[{"@type":"ListItem","position":1,"name":"Home","item":"https:\/\/www.manner.fi\/de\/"},{"@type":"ListItem","position":2,"name":"Produkte","item":"https:\/\/www.manner.fi\/de\/produkte\/"},{"@type":"ListItem","position":3,"name":"Apparaterollen"}]},{"@type":"WebSite","@id":"https:\/\/www.manner.fi\/#website","url":"https:\/\/www.manner.fi\/","name":"Manner","description":"Smart Moves on Manner Castors","potentialAction":[{"@type":"SearchAction","target":{"@type":"EntryPoint","urlTemplate":"https:\/\/www.manner.fi\/?s={search_term_string}"},"query-input":{"@type":"PropertyValueSpecification","valueRequired":true,"valueName":"search_term_string"}}],"inLanguage":"de"}]}},"_links":{"self":[{"href":"https:\/\/www.manner.fi\/de\/wp-json\/wp\/v2\/pages\/3005","targetHints":{"allow":["GET"]}}],"collection":[{"href":"https:\/\/www.manner.fi\/de\/wp-json\/wp\/v2\/pages"}],"about":[{"href":"https:\/\/www.manner.fi\/de\/wp-json\/wp\/v2\/types\/page"}],"author":[{"embeddable":true,"href":"https:\/\/www.manner.fi\/de\/wp-json\/wp\/v2\/users\/1"}],"replies":[{"embeddable":true,"href":"https:\/\/www.manner.fi\/de\/wp-json\/wp\/v2\/comments?post=3005"}],"version-history":[{"count":13,"href":"https:\/\/www.manner.fi\/de\/wp-json\/wp\/v2\/pages\/3005\/revisions"}],"predecessor-version":[{"id":185795,"href":"https:\/\/www.manner.fi\/de\/wp-json\/wp\/v2\/pages\/3005\/revisions\/185795"}],"up":[{"embeddable":true,"href":"https:\/\/www.manner.fi\/de\/wp-json\/wp\/v2\/pages\/3001"}],"wp:featuredmedia":[{"embeddable":true,"href":"https:\/\/www.manner.fi\/de\/wp-json\/wp\/v2\/media\/1518"}],"wp:attachment":[{"href":"https:\/\/www.manner.fi\/de\/wp-json\/wp\/v2\/media?parent=3005"}],"curies":[{"name":"wp","href":"https:\/\/api.w.org\/{rel}","templated":true}]}}