{"id":3001,"date":"2017-12-27T13:50:00","date_gmt":"2017-12-27T11:50:00","guid":{"rendered":"https:\/\/www.manner.fi\/products\/"},"modified":"2020-11-12T12:57:28","modified_gmt":"2020-11-12T10:57:28","slug":"produkte","status":"publish","type":"page","link":"https:\/\/www.manner.fi\/de\/produkte\/","title":{"rendered":"Produkte"},"content":{"rendered":"<h2 style=\"text-align: center;\">Mit Manner kommen die Dinge ins Rollen<\/h2>\n<p style=\"text-align: center;\">Auf Manner-Rollen l\u00e4sst sich nahezu alles bewegen, was nicht schneller fahren muss als 4 Stundenkilometer. Manner-Lenkrollen sind leichtg\u00e4ngig, leicht schwenkbar und extrem strapazierf\u00e4hig. Zu den typischen Einsatzbereichen z\u00e4hlen Transport- und Milchwagen, Krankenhaus- und Rehabilitationsmobiliar, Gro\u00dfk\u00fcchenger\u00e4te, Servierwagen und Tische, Fabrik- und B\u00fcromobiliar sowie Putzwagen.<\/p>\n<p style=\"text-align: center;\">W\u00e4hlen Sie die passende Rolle.<\/p>\n<p style=\"text-align: center;\">\n<p style=\"text-align: center;\"><a href=\"https:\/\/www.manner.fi\/wp-content\/uploads\/2020\/11\/Manner_Pyoranvalintaopas_DE_2020.pdf\">Hilfe bei der Rollenwahl &gt;&gt;<\/a><\/p>\n","protected":false},"excerpt":{"rendered":"<p>Mit Manner kommen die Dinge ins Rollen Auf Manner-Rollen l\u00e4sst sich nahezu alles bewegen, was nicht schneller fahren muss als 4 Stundenkilometer. Manner-Lenkrollen sind leichtg\u00e4ngig, leicht schwenkbar und extrem strapazierf\u00e4hig. Zu den typischen Einsatzbereichen z\u00e4hlen Transport- und Milchwagen, Krankenhaus- und Rehabilitationsmobiliar, Gro\u00dfk\u00fcchenger\u00e4te, Servierwagen und Tische, Fabrik- und B\u00fcromobiliar sowie Putzwagen. W\u00e4hlen Sie die passende Rolle. [&hellip;]<\/p>\n","protected":false},"author":1,"featured_media":1710,"parent":0,"menu_order":0,"comment_status":"closed","ping_status":"closed","template":"","meta":{"_acf_changed":false,"footnotes":""},"class_list":["post-3001","page","type-page","status-publish","has-post-thumbnail","hentry"],"acf":[],"yoast_head":"<!-- This site is optimized with the Yoast SEO plugin v25.2 - https:\/\/yoast.com\/wordpress\/plugins\/seo\/ -->\n<title>Produkte | Manner<\/title>\n<meta name=\"description\" content=\"Manner bietet eine gro\u00dfe Auswahl an Rollen f\u00fcr verschiendenste Verwendung. Wir entwickeln unsere Produkte f\u00fcr unsere internationalen Kunden stetig weiter.\" \/>\n<meta name=\"robots\" content=\"index, follow, max-snippet:-1, max-image-preview:large, max-video-preview:-1\" \/>\n<meta property=\"og:locale\" content=\"de_DE\" \/>\n<meta property=\"og:type\" content=\"article\" \/>\n<meta property=\"og:title\" content=\"Produkte | Manner\" \/>\n<meta property=\"og:description\" content=\"Manner bietet eine gro\u00dfe Auswahl an Rollen f\u00fcr verschiendenste Verwendung. Wir entwickeln unsere Produkte f\u00fcr unsere internationalen Kunden stetig weiter.\" \/>\n<meta property=\"og:url\" content=\"https:\/\/www.manner.fi\/de\/produkte\/\" \/>\n<meta property=\"og:site_name\" content=\"Manner\" \/>\n<meta property=\"article:modified_time\" content=\"2020-11-12T10:57:28+00:00\" \/>\n<meta property=\"og:image\" content=\"https:\/\/www.manner.fi\/wp-content\/uploads\/2018\/01\/tuotteet.jpg\" \/>\n\t<meta property=\"og:image:width\" content=\"1600\" \/>\n\t<meta property=\"og:image:height\" content=\"612\" \/>\n\t<meta property=\"og:image:type\" content=\"image\/jpeg\" \/>\n<meta name=\"twitter:card\" content=\"summary_large_image\" \/>\n<script type=\"application\/ld+json\" class=\"yoast-schema-graph\">{\"@context\":\"https:\/\/schema.org\",\"@graph\":[{\"@type\":\"WebPage\",\"@id\":\"https:\/\/www.manner.fi\/de\/produkte\/\",\"url\":\"https:\/\/www.manner.fi\/de\/produkte\/\",\"name\":\"Produkte | Manner\",\"isPartOf\":{\"@id\":\"https:\/\/www.manner.fi\/#website\"},\"primaryImageOfPage\":{\"@id\":\"https:\/\/www.manner.fi\/de\/produkte\/#primaryimage\"},\"image\":{\"@id\":\"https:\/\/www.manner.fi\/de\/produkte\/#primaryimage\"},\"thumbnailUrl\":\"https:\/\/www.manner.fi\/wp-content\/uploads\/2018\/01\/tuotteet.jpg\",\"datePublished\":\"2017-12-27T11:50:00+00:00\",\"dateModified\":\"2020-11-12T10:57:28+00:00\",\"description\":\"Manner bietet eine gro\u00dfe Auswahl an Rollen f\u00fcr verschiendenste Verwendung. Wir entwickeln unsere Produkte f\u00fcr unsere internationalen Kunden stetig weiter.\",\"breadcrumb\":{\"@id\":\"https:\/\/www.manner.fi\/de\/produkte\/#breadcrumb\"},\"inLanguage\":\"de\",\"potentialAction\":[{\"@type\":\"ReadAction\",\"target\":[\"https:\/\/www.manner.fi\/de\/produkte\/\"]}]},{\"@type\":\"ImageObject\",\"inLanguage\":\"de\",\"@id\":\"https:\/\/www.manner.fi\/de\/produkte\/#primaryimage\",\"url\":\"https:\/\/www.manner.fi\/wp-content\/uploads\/2018\/01\/tuotteet.jpg\",\"contentUrl\":\"https:\/\/www.manner.fi\/wp-content\/uploads\/2018\/01\/tuotteet.jpg\",\"width\":1600,\"height\":612},{\"@type\":\"BreadcrumbList\",\"@id\":\"https:\/\/www.manner.fi\/de\/produkte\/#breadcrumb\",\"itemListElement\":[{\"@type\":\"ListItem\",\"position\":1,\"name\":\"Home\",\"item\":\"https:\/\/www.manner.fi\/de\/\"},{\"@type\":\"ListItem\",\"position\":2,\"name\":\"Produkte\"}]},{\"@type\":\"WebSite\",\"@id\":\"https:\/\/www.manner.fi\/#website\",\"url\":\"https:\/\/www.manner.fi\/\",\"name\":\"Manner\",\"description\":\"Smart Moves on Manner Castors\",\"potentialAction\":[{\"@type\":\"SearchAction\",\"target\":{\"@type\":\"EntryPoint\",\"urlTemplate\":\"https:\/\/www.manner.fi\/?s={search_term_string}\"},\"query-input\":{\"@type\":\"PropertyValueSpecification\",\"valueRequired\":true,\"valueName\":\"search_term_string\"}}],\"inLanguage\":\"de\"}]}<\/script>\n<!-- \/ Yoast SEO plugin. -->","yoast_head_json":{"title":"Produkte | Manner","description":"Manner bietet eine gro\u00dfe Auswahl an Rollen f\u00fcr verschiendenste Verwendung. Wir entwickeln unsere Produkte f\u00fcr unsere internationalen Kunden stetig weiter.","robots":{"index":"index","follow":"follow","max-snippet":"max-snippet:-1","max-image-preview":"max-image-preview:large","max-video-preview":"max-video-preview:-1"},"og_locale":"de_DE","og_type":"article","og_title":"Produkte | Manner","og_description":"Manner bietet eine gro\u00dfe Auswahl an Rollen f\u00fcr verschiendenste Verwendung. Wir entwickeln unsere Produkte f\u00fcr unsere internationalen Kunden stetig weiter.","og_url":"https:\/\/www.manner.fi\/de\/produkte\/","og_site_name":"Manner","article_modified_time":"2020-11-12T10:57:28+00:00","og_image":[{"width":1600,"height":612,"url":"https:\/\/www.manner.fi\/wp-content\/uploads\/2018\/01\/tuotteet.jpg","type":"image\/jpeg"}],"twitter_card":"summary_large_image","schema":{"@context":"https:\/\/schema.org","@graph":[{"@type":"WebPage","@id":"https:\/\/www.manner.fi\/de\/produkte\/","url":"https:\/\/www.manner.fi\/de\/produkte\/","name":"Produkte | Manner","isPartOf":{"@id":"https:\/\/www.manner.fi\/#website"},"primaryImageOfPage":{"@id":"https:\/\/www.manner.fi\/de\/produkte\/#primaryimage"},"image":{"@id":"https:\/\/www.manner.fi\/de\/produkte\/#primaryimage"},"thumbnailUrl":"https:\/\/www.manner.fi\/wp-content\/uploads\/2018\/01\/tuotteet.jpg","datePublished":"2017-12-27T11:50:00+00:00","dateModified":"2020-11-12T10:57:28+00:00","description":"Manner bietet eine gro\u00dfe Auswahl an Rollen f\u00fcr verschiendenste Verwendung. Wir entwickeln unsere Produkte f\u00fcr unsere internationalen Kunden stetig weiter.","breadcrumb":{"@id":"https:\/\/www.manner.fi\/de\/produkte\/#breadcrumb"},"inLanguage":"de","potentialAction":[{"@type":"ReadAction","target":["https:\/\/www.manner.fi\/de\/produkte\/"]}]},{"@type":"ImageObject","inLanguage":"de","@id":"https:\/\/www.manner.fi\/de\/produkte\/#primaryimage","url":"https:\/\/www.manner.fi\/wp-content\/uploads\/2018\/01\/tuotteet.jpg","contentUrl":"https:\/\/www.manner.fi\/wp-content\/uploads\/2018\/01\/tuotteet.jpg","width":1600,"height":612},{"@type":"BreadcrumbList","@id":"https:\/\/www.manner.fi\/de\/produkte\/#breadcrumb","itemListElement":[{"@type":"ListItem","position":1,"name":"Home","item":"https:\/\/www.manner.fi\/de\/"},{"@type":"ListItem","position":2,"name":"Produkte"}]},{"@type":"WebSite","@id":"https:\/\/www.manner.fi\/#website","url":"https:\/\/www.manner.fi\/","name":"Manner","description":"Smart Moves on Manner Castors","potentialAction":[{"@type":"SearchAction","target":{"@type":"EntryPoint","urlTemplate":"https:\/\/www.manner.fi\/?s={search_term_string}"},"query-input":{"@type":"PropertyValueSpecification","valueRequired":true,"valueName":"search_term_string"}}],"inLanguage":"de"}]}},"_links":{"self":[{"href":"https:\/\/www.manner.fi\/de\/wp-json\/wp\/v2\/pages\/3001","targetHints":{"allow":["GET"]}}],"collection":[{"href":"https:\/\/www.manner.fi\/de\/wp-json\/wp\/v2\/pages"}],"about":[{"href":"https:\/\/www.manner.fi\/de\/wp-json\/wp\/v2\/types\/page"}],"author":[{"embeddable":true,"href":"https:\/\/www.manner.fi\/de\/wp-json\/wp\/v2\/users\/1"}],"replies":[{"embeddable":true,"href":"https:\/\/www.manner.fi\/de\/wp-json\/wp\/v2\/comments?post=3001"}],"version-history":[{"count":8,"href":"https:\/\/www.manner.fi\/de\/wp-json\/wp\/v2\/pages\/3001\/revisions"}],"predecessor-version":[{"id":186960,"href":"https:\/\/www.manner.fi\/de\/wp-json\/wp\/v2\/pages\/3001\/revisions\/186960"}],"wp:featuredmedia":[{"embeddable":true,"href":"https:\/\/www.manner.fi\/de\/wp-json\/wp\/v2\/media\/1710"}],"wp:attachment":[{"href":"https:\/\/www.manner.fi\/de\/wp-json\/wp\/v2\/media?parent=3001"}],"curies":[{"name":"wp","href":"https:\/\/api.w.org\/{rel}","templated":true}]}}