{"id":2984,"date":"2017-10-18T15:35:46","date_gmt":"2017-10-18T12:35:46","guid":{"rendered":"https:\/\/www.manner.fi\/applications\/"},"modified":"2020-11-12T13:12:39","modified_gmt":"2020-11-12T11:12:39","slug":"anwendungen","status":"publish","type":"page","link":"https:\/\/www.manner.fi\/de\/anwendungen\/","title":{"rendered":"Anwendungen"},"content":{"rendered":"<h3 style=\"text-align: center;\">Gemeinsames Merkmal unserer Produkte ist die garantierte Manner-Qualit\u00e4t<\/h3>\n<p style=\"text-align: center;\">Gemeinsames Merkmal unserer Produkte ist die garantierte Manner-Qualit\u00e4t<br \/>\nUnser Produktsortiment umfasst fast 2000 verschiedene Rollen. Zu den typischen Einsatzbereichen z\u00e4hlen Transport- und Milchwagen, Krankenhaus- und Rehabilitationsmobiliar, Gro\u00dfk\u00fcchenger\u00e4te, Servierwagen und Tische, Fabrik- und B\u00fcromobiliar sowie Putzwagen.<\/p>\n<p style=\"text-align: center;\"><a class=\"button light-blue\" href=\"https:\/\/www.manner.fi\/de\/produktsuche\/\">Produktsuche<\/a><\/p>\n<p>&nbsp;<\/p>\n","protected":false},"excerpt":{"rendered":"<p>Gemeinsames Merkmal unserer Produkte ist die garantierte Manner-Qualit\u00e4t Gemeinsames Merkmal unserer Produkte ist die garantierte Manner-Qualit\u00e4t Unser Produktsortiment umfasst fast 2000 verschiedene Rollen. Zu den typischen Einsatzbereichen z\u00e4hlen Transport- und Milchwagen, Krankenhaus- und Rehabilitationsmobiliar, Gro\u00dfk\u00fcchenger\u00e4te, Servierwagen und Tische, Fabrik- und B\u00fcromobiliar sowie Putzwagen. Produktsuche &nbsp;<\/p>\n","protected":false},"author":1,"featured_media":1725,"parent":0,"menu_order":0,"comment_status":"closed","ping_status":"closed","template":"","meta":{"_acf_changed":false,"footnotes":""},"class_list":["post-2984","page","type-page","status-publish","has-post-thumbnail","hentry"],"acf":[],"yoast_head":"<!-- This site is optimized with the Yoast SEO plugin v25.2 - https:\/\/yoast.com\/wordpress\/plugins\/seo\/ -->\n<title>Anwendungen | Manner<\/title>\n<meta name=\"description\" content=\"Manner bietet eine gro\u00dfe Auswahl an R\u00e4dern und Rollen, vielfach verwendet bei M\u00f6beln und in Fabriken, sowie im Gesundheitswesen und in Gro\u00dfk\u00fcchentechnik\" \/>\n<meta name=\"robots\" content=\"index, follow, max-snippet:-1, max-image-preview:large, max-video-preview:-1\" \/>\n<meta property=\"og:locale\" content=\"de_DE\" \/>\n<meta property=\"og:type\" content=\"article\" \/>\n<meta property=\"og:title\" content=\"Anwendungen | Manner\" \/>\n<meta property=\"og:description\" content=\"Manner bietet eine gro\u00dfe Auswahl an R\u00e4dern und Rollen, vielfach verwendet bei M\u00f6beln und in Fabriken, sowie im Gesundheitswesen und in Gro\u00dfk\u00fcchentechnik\" \/>\n<meta property=\"og:url\" content=\"https:\/\/www.manner.fi\/de\/anwendungen\/\" \/>\n<meta property=\"og:site_name\" content=\"Manner\" \/>\n<meta property=\"article:modified_time\" content=\"2020-11-12T11:12:39+00:00\" \/>\n<meta property=\"og:image\" content=\"https:\/\/www.manner.fi\/wp-content\/uploads\/2018\/01\/kayttokohteet.jpg\" \/>\n\t<meta property=\"og:image:width\" content=\"1600\" \/>\n\t<meta property=\"og:image:height\" content=\"612\" \/>\n\t<meta property=\"og:image:type\" content=\"image\/jpeg\" \/>\n<meta name=\"twitter:card\" content=\"summary_large_image\" \/>\n<script type=\"application\/ld+json\" class=\"yoast-schema-graph\">{\"@context\":\"https:\/\/schema.org\",\"@graph\":[{\"@type\":\"WebPage\",\"@id\":\"https:\/\/www.manner.fi\/de\/anwendungen\/\",\"url\":\"https:\/\/www.manner.fi\/de\/anwendungen\/\",\"name\":\"Anwendungen | Manner\",\"isPartOf\":{\"@id\":\"https:\/\/www.manner.fi\/#website\"},\"primaryImageOfPage\":{\"@id\":\"https:\/\/www.manner.fi\/de\/anwendungen\/#primaryimage\"},\"image\":{\"@id\":\"https:\/\/www.manner.fi\/de\/anwendungen\/#primaryimage\"},\"thumbnailUrl\":\"https:\/\/www.manner.fi\/wp-content\/uploads\/2018\/01\/kayttokohteet.jpg\",\"datePublished\":\"2017-10-18T12:35:46+00:00\",\"dateModified\":\"2020-11-12T11:12:39+00:00\",\"description\":\"Manner bietet eine gro\u00dfe Auswahl an R\u00e4dern und Rollen, vielfach verwendet bei M\u00f6beln und in Fabriken, sowie im Gesundheitswesen und in Gro\u00dfk\u00fcchentechnik\",\"breadcrumb\":{\"@id\":\"https:\/\/www.manner.fi\/de\/anwendungen\/#breadcrumb\"},\"inLanguage\":\"de\",\"potentialAction\":[{\"@type\":\"ReadAction\",\"target\":[\"https:\/\/www.manner.fi\/de\/anwendungen\/\"]}]},{\"@type\":\"ImageObject\",\"inLanguage\":\"de\",\"@id\":\"https:\/\/www.manner.fi\/de\/anwendungen\/#primaryimage\",\"url\":\"https:\/\/www.manner.fi\/wp-content\/uploads\/2018\/01\/kayttokohteet.jpg\",\"contentUrl\":\"https:\/\/www.manner.fi\/wp-content\/uploads\/2018\/01\/kayttokohteet.jpg\",\"width\":1600,\"height\":612},{\"@type\":\"BreadcrumbList\",\"@id\":\"https:\/\/www.manner.fi\/de\/anwendungen\/#breadcrumb\",\"itemListElement\":[{\"@type\":\"ListItem\",\"position\":1,\"name\":\"Home\",\"item\":\"https:\/\/www.manner.fi\/de\/\"},{\"@type\":\"ListItem\",\"position\":2,\"name\":\"Anwendungen\"}]},{\"@type\":\"WebSite\",\"@id\":\"https:\/\/www.manner.fi\/#website\",\"url\":\"https:\/\/www.manner.fi\/\",\"name\":\"Manner\",\"description\":\"Smart Moves on Manner Castors\",\"potentialAction\":[{\"@type\":\"SearchAction\",\"target\":{\"@type\":\"EntryPoint\",\"urlTemplate\":\"https:\/\/www.manner.fi\/?s={search_term_string}\"},\"query-input\":{\"@type\":\"PropertyValueSpecification\",\"valueRequired\":true,\"valueName\":\"search_term_string\"}}],\"inLanguage\":\"de\"}]}<\/script>\n<!-- \/ Yoast SEO plugin. -->","yoast_head_json":{"title":"Anwendungen | Manner","description":"Manner bietet eine gro\u00dfe Auswahl an R\u00e4dern und Rollen, vielfach verwendet bei M\u00f6beln und in Fabriken, sowie im Gesundheitswesen und in Gro\u00dfk\u00fcchentechnik","robots":{"index":"index","follow":"follow","max-snippet":"max-snippet:-1","max-image-preview":"max-image-preview:large","max-video-preview":"max-video-preview:-1"},"og_locale":"de_DE","og_type":"article","og_title":"Anwendungen | Manner","og_description":"Manner bietet eine gro\u00dfe Auswahl an R\u00e4dern und Rollen, vielfach verwendet bei M\u00f6beln und in Fabriken, sowie im Gesundheitswesen und in Gro\u00dfk\u00fcchentechnik","og_url":"https:\/\/www.manner.fi\/de\/anwendungen\/","og_site_name":"Manner","article_modified_time":"2020-11-12T11:12:39+00:00","og_image":[{"width":1600,"height":612,"url":"https:\/\/www.manner.fi\/wp-content\/uploads\/2018\/01\/kayttokohteet.jpg","type":"image\/jpeg"}],"twitter_card":"summary_large_image","schema":{"@context":"https:\/\/schema.org","@graph":[{"@type":"WebPage","@id":"https:\/\/www.manner.fi\/de\/anwendungen\/","url":"https:\/\/www.manner.fi\/de\/anwendungen\/","name":"Anwendungen | Manner","isPartOf":{"@id":"https:\/\/www.manner.fi\/#website"},"primaryImageOfPage":{"@id":"https:\/\/www.manner.fi\/de\/anwendungen\/#primaryimage"},"image":{"@id":"https:\/\/www.manner.fi\/de\/anwendungen\/#primaryimage"},"thumbnailUrl":"https:\/\/www.manner.fi\/wp-content\/uploads\/2018\/01\/kayttokohteet.jpg","datePublished":"2017-10-18T12:35:46+00:00","dateModified":"2020-11-12T11:12:39+00:00","description":"Manner bietet eine gro\u00dfe Auswahl an R\u00e4dern und Rollen, vielfach verwendet bei M\u00f6beln und in Fabriken, sowie im Gesundheitswesen und in Gro\u00dfk\u00fcchentechnik","breadcrumb":{"@id":"https:\/\/www.manner.fi\/de\/anwendungen\/#breadcrumb"},"inLanguage":"de","potentialAction":[{"@type":"ReadAction","target":["https:\/\/www.manner.fi\/de\/anwendungen\/"]}]},{"@type":"ImageObject","inLanguage":"de","@id":"https:\/\/www.manner.fi\/de\/anwendungen\/#primaryimage","url":"https:\/\/www.manner.fi\/wp-content\/uploads\/2018\/01\/kayttokohteet.jpg","contentUrl":"https:\/\/www.manner.fi\/wp-content\/uploads\/2018\/01\/kayttokohteet.jpg","width":1600,"height":612},{"@type":"BreadcrumbList","@id":"https:\/\/www.manner.fi\/de\/anwendungen\/#breadcrumb","itemListElement":[{"@type":"ListItem","position":1,"name":"Home","item":"https:\/\/www.manner.fi\/de\/"},{"@type":"ListItem","position":2,"name":"Anwendungen"}]},{"@type":"WebSite","@id":"https:\/\/www.manner.fi\/#website","url":"https:\/\/www.manner.fi\/","name":"Manner","description":"Smart Moves on Manner Castors","potentialAction":[{"@type":"SearchAction","target":{"@type":"EntryPoint","urlTemplate":"https:\/\/www.manner.fi\/?s={search_term_string}"},"query-input":{"@type":"PropertyValueSpecification","valueRequired":true,"valueName":"search_term_string"}}],"inLanguage":"de"}]}},"_links":{"self":[{"href":"https:\/\/www.manner.fi\/de\/wp-json\/wp\/v2\/pages\/2984","targetHints":{"allow":["GET"]}}],"collection":[{"href":"https:\/\/www.manner.fi\/de\/wp-json\/wp\/v2\/pages"}],"about":[{"href":"https:\/\/www.manner.fi\/de\/wp-json\/wp\/v2\/types\/page"}],"author":[{"embeddable":true,"href":"https:\/\/www.manner.fi\/de\/wp-json\/wp\/v2\/users\/1"}],"replies":[{"embeddable":true,"href":"https:\/\/www.manner.fi\/de\/wp-json\/wp\/v2\/comments?post=2984"}],"version-history":[{"count":14,"href":"https:\/\/www.manner.fi\/de\/wp-json\/wp\/v2\/pages\/2984\/revisions"}],"predecessor-version":[{"id":186966,"href":"https:\/\/www.manner.fi\/de\/wp-json\/wp\/v2\/pages\/2984\/revisions\/186966"}],"wp:featuredmedia":[{"embeddable":true,"href":"https:\/\/www.manner.fi\/de\/wp-json\/wp\/v2\/media\/1725"}],"wp:attachment":[{"href":"https:\/\/www.manner.fi\/de\/wp-json\/wp\/v2\/media?parent=2984"}],"curies":[{"name":"wp","href":"https:\/\/api.w.org\/{rel}","templated":true}]}}