{"id":188078,"date":"2022-08-12T10:39:54","date_gmt":"2022-08-12T07:39:54","guid":{"rendered":"https:\/\/www.manner.fi\/werth-systemsin-huippulaitteet-edellyttavat-paljon-myos-pyorilta\/"},"modified":"2022-08-24T10:23:36","modified_gmt":"2022-08-24T07:23:36","slug":"werth-systems-moderne-visitenwagen-auf-ultrazuverlaessigen-rollen","status":"publish","type":"page","link":"https:\/\/www.manner.fi\/de\/werth-systems-moderne-visitenwagen-auf-ultrazuverlaessigen-rollen\/","title":{"rendered":"Werth Systems: Moderne Visitenwagen auf ultrazuverl\u00e4ssigen Rollen"},"content":{"rendered":"<p>Werth Systems produziert IT-Systeme und Hardware f\u00fcr das Gesundheitswesen. F\u00fcr ihre wendigen Visitenwagen suchte die Firma rund um den Globus nach den passenden Rollen \u2013 und fand sie bei Manner.<\/p>\n<p>Die in Herford ans\u00e4ssige Werth Systems GmbH produziert speziell f\u00fcr Patientenumgebungen konzipierte IT-Systeme. Die zugeh\u00f6rigen Wagen und Gestelle werden von der finnischen Gesch\u00e4ftseinheit Werth Systems Nordic Oy entwickelt und auch in Finnland hergestellt.<\/p>\n<p><img loading=\"lazy\" decoding=\"async\" class=\"alignright size-medium wp-image-188051\" src=\"https:\/\/www.manner.fi\/wp-content\/uploads\/2022\/08\/Manner-Werth_refe_cover-300x233.jpg\" alt=\"\" width=\"300\" height=\"233\" srcset=\"https:\/\/www.manner.fi\/wp-content\/uploads\/2022\/08\/Manner-Werth_refe_cover-300x233.jpg 300w, https:\/\/www.manner.fi\/wp-content\/uploads\/2022\/08\/Manner-Werth_refe_cover-768x596.jpg 768w, https:\/\/www.manner.fi\/wp-content\/uploads\/2022\/08\/Manner-Werth_refe_cover.jpg 792w\" sizes=\"auto, (max-width: 300px) 100vw, 300px\" \/>Zu den bedeutendsten Produkten von Werth Systems z\u00e4hlen die modularen SMART-MED-Wagensysteme f\u00fcr Pflege- und Behandlungszwecke. Sie k\u00f6nnen je nach Bedarf mit 1\u20132 Monitoren ausgestattet werden, auf denen der Arzt oder die \u00c4rztin bei der Stationsvisite alle relevanten Patienteninformationen vor Augen hat und direkt am Krankenbett beispielsweise R\u00f6ntgenaufnahmen zeigen kann.<\/p>\n<p>Da Ger\u00e4te dieser Art den ganzen langen Arbeitstag \u00fcber im Einsatz sind, werden an ihre Ergonomie besonders hohe Anspr\u00fcche gestellt. Das gilt auch f\u00fcr ihre Rollen: sie m\u00fcssen m\u00f6glichst leichtg\u00e4ngig, m\u00fchelos lenkbar und elektrisch leitf\u00e4hig sein.<\/p>\n<p>Bei der Planung des Wagenkonzepts pr\u00fcfte und verglich das finnische Entwicklungsteam Rollenalternativen aus aller Welt \u2013 und wurde schlie\u00dflich im Heimatland f\u00fcndig: Im Laufe zahlreicher Tests und Experimente stellte sich heraus, dass die leitf\u00e4hige Ausf\u00fchrung der doppelt gelagerten, feststellbaren Apparaterolle Manner Twist in der Gr\u00f6\u00dfe 125 mm die Anforderungen perfekt erf\u00fcllte. \u201eEs ist eine tolle Sache, dass hier in Finnland Dinge entwickelt werden, die der internationalen Konkurrenz qualitativ \u00fcberlegen und obendrein kosteneffizient sind!\u201c<\/p>\n<p>\u201eEs war uns wichtig, das f\u00fcr unsere Produkte ben\u00f6tigte Zubeh\u00f6r m\u00f6glichst in der N\u00e4he zu finden. Auch in dieser Hinsicht ist es gro\u00dfartig, dass gerade Manner die besten Rollen liefert.\u201c<\/p>\n<p>Schon seit einem Jahr laufen die Wagen von Werth Systems auf Manner-Rollen, und das Benutzerfeedback ist ausnahmslos positiv. Besonders h\u00e4ufig wird die extreme Leichtg\u00e4ngigkeit der Rollen gelobt. Ihr ist es zu verdanken, dass sich selbst Wagen, deren Gewicht h\u00f6her ist als das vergleichbarer Konkurrenzprodukte, im Vergleich zu diesen leichter anf\u00fchlen und besser man\u00f6vrieren lassen.<\/p>\n<p>\u201eWenn ein Ger\u00e4t mobil sein soll, m\u00fcssen alle bewegungsrelevanten Komponenten tipptopp sein.\u00a0 Vielen Leuten ist gar nicht bewusst, wie wichtig gute Rollen sind, aber f\u00fcr uns war von Anfang an klar, dass nur das Beste in Frage kommt.\u201c<\/p>\n","protected":false},"excerpt":{"rendered":"<p>Werth Systems produziert IT-Systeme und Hardware f\u00fcr das Gesundheitswesen. F\u00fcr ihre wendigen Visitenwagen suchte die Firma rund um den Globus nach den passenden Rollen \u2013 und fand sie bei Manner. Die in Herford ans\u00e4ssige Werth Systems GmbH produziert speziell f\u00fcr Patientenumgebungen konzipierte IT-Systeme. Die zugeh\u00f6rigen Wagen und Gestelle werden von der finnischen Gesch\u00e4ftseinheit Werth Systems [&hellip;]<\/p>\n","protected":false},"author":1,"featured_media":188050,"parent":0,"menu_order":0,"comment_status":"closed","ping_status":"closed","template":"reference.php","meta":{"_acf_changed":false,"footnotes":""},"class_list":["post-188078","page","type-page","status-publish","has-post-thumbnail","hentry"],"acf":[],"yoast_head":"<!-- This site is optimized with the Yoast SEO plugin v25.2 - https:\/\/yoast.com\/wordpress\/plugins\/seo\/ -->\n<title>Werth Systems: Moderne Visitenwagen auf ultrazuverl\u00e4ssigen Rollen - Manner<\/title>\n<meta name=\"robots\" content=\"index, follow, max-snippet:-1, max-image-preview:large, max-video-preview:-1\" \/>\n<meta property=\"og:locale\" content=\"de_DE\" \/>\n<meta property=\"og:type\" content=\"article\" \/>\n<meta property=\"og:title\" content=\"Werth Systems: Moderne Visitenwagen auf ultrazuverl\u00e4ssigen Rollen - Manner\" \/>\n<meta property=\"og:description\" content=\"Werth Systems produziert IT-Systeme und Hardware f\u00fcr das Gesundheitswesen. F\u00fcr ihre wendigen Visitenwagen suchte die Firma rund um den Globus nach den passenden Rollen \u2013 und fand sie bei Manner. Die in Herford ans\u00e4ssige Werth Systems GmbH produziert speziell f\u00fcr Patientenumgebungen konzipierte IT-Systeme. Die zugeh\u00f6rigen Wagen und Gestelle werden von der finnischen Gesch\u00e4ftseinheit Werth Systems [&hellip;]\" \/>\n<meta property=\"og:url\" content=\"https:\/\/www.manner.fi\/de\/werth-systems-moderne-visitenwagen-auf-ultrazuverlaessigen-rollen\/\" \/>\n<meta property=\"og:site_name\" content=\"Manner\" \/>\n<meta property=\"article:modified_time\" content=\"2022-08-24T07:23:36+00:00\" \/>\n<meta property=\"og:image\" content=\"https:\/\/www.manner.fi\/wp-content\/uploads\/2022\/08\/Manner-Werth_refe_hero.jpg\" \/>\n\t<meta property=\"og:image:width\" content=\"1600\" \/>\n\t<meta property=\"og:image:height\" content=\"612\" \/>\n\t<meta property=\"og:image:type\" content=\"image\/jpeg\" \/>\n<meta name=\"twitter:card\" content=\"summary_large_image\" \/>\n<meta name=\"twitter:label1\" content=\"Gesch\u00e4tzte Lesezeit\" \/>\n\t<meta name=\"twitter:data1\" content=\"3\u00a0Minuten\" \/>\n<script type=\"application\/ld+json\" class=\"yoast-schema-graph\">{\"@context\":\"https:\/\/schema.org\",\"@graph\":[{\"@type\":\"WebPage\",\"@id\":\"https:\/\/www.manner.fi\/de\/werth-systems-moderne-visitenwagen-auf-ultrazuverlaessigen-rollen\/\",\"url\":\"https:\/\/www.manner.fi\/de\/werth-systems-moderne-visitenwagen-auf-ultrazuverlaessigen-rollen\/\",\"name\":\"Werth Systems: Moderne Visitenwagen auf ultrazuverl\u00e4ssigen Rollen - Manner\",\"isPartOf\":{\"@id\":\"https:\/\/www.manner.fi\/#website\"},\"primaryImageOfPage\":{\"@id\":\"https:\/\/www.manner.fi\/de\/werth-systems-moderne-visitenwagen-auf-ultrazuverlaessigen-rollen\/#primaryimage\"},\"image\":{\"@id\":\"https:\/\/www.manner.fi\/de\/werth-systems-moderne-visitenwagen-auf-ultrazuverlaessigen-rollen\/#primaryimage\"},\"thumbnailUrl\":\"https:\/\/www.manner.fi\/wp-content\/uploads\/2022\/08\/Manner-Werth_refe_hero.jpg\",\"datePublished\":\"2022-08-12T07:39:54+00:00\",\"dateModified\":\"2022-08-24T07:23:36+00:00\",\"breadcrumb\":{\"@id\":\"https:\/\/www.manner.fi\/de\/werth-systems-moderne-visitenwagen-auf-ultrazuverlaessigen-rollen\/#breadcrumb\"},\"inLanguage\":\"de\",\"potentialAction\":[{\"@type\":\"ReadAction\",\"target\":[\"https:\/\/www.manner.fi\/de\/werth-systems-moderne-visitenwagen-auf-ultrazuverlaessigen-rollen\/\"]}]},{\"@type\":\"ImageObject\",\"inLanguage\":\"de\",\"@id\":\"https:\/\/www.manner.fi\/de\/werth-systems-moderne-visitenwagen-auf-ultrazuverlaessigen-rollen\/#primaryimage\",\"url\":\"https:\/\/www.manner.fi\/wp-content\/uploads\/2022\/08\/Manner-Werth_refe_hero.jpg\",\"contentUrl\":\"https:\/\/www.manner.fi\/wp-content\/uploads\/2022\/08\/Manner-Werth_refe_hero.jpg\",\"width\":1600,\"height\":612},{\"@type\":\"BreadcrumbList\",\"@id\":\"https:\/\/www.manner.fi\/de\/werth-systems-moderne-visitenwagen-auf-ultrazuverlaessigen-rollen\/#breadcrumb\",\"itemListElement\":[{\"@type\":\"ListItem\",\"position\":1,\"name\":\"Home\",\"item\":\"https:\/\/www.manner.fi\/de\/\"},{\"@type\":\"ListItem\",\"position\":2,\"name\":\"Werth Systems: Moderne Visitenwagen auf ultrazuverl\u00e4ssigen Rollen\"}]},{\"@type\":\"WebSite\",\"@id\":\"https:\/\/www.manner.fi\/#website\",\"url\":\"https:\/\/www.manner.fi\/\",\"name\":\"Manner\",\"description\":\"Smart Moves on Manner Castors\",\"potentialAction\":[{\"@type\":\"SearchAction\",\"target\":{\"@type\":\"EntryPoint\",\"urlTemplate\":\"https:\/\/www.manner.fi\/?s={search_term_string}\"},\"query-input\":{\"@type\":\"PropertyValueSpecification\",\"valueRequired\":true,\"valueName\":\"search_term_string\"}}],\"inLanguage\":\"de\"}]}<\/script>\n<!-- \/ Yoast SEO plugin. -->","yoast_head_json":{"title":"Werth Systems: Moderne Visitenwagen auf ultrazuverl\u00e4ssigen Rollen - Manner","robots":{"index":"index","follow":"follow","max-snippet":"max-snippet:-1","max-image-preview":"max-image-preview:large","max-video-preview":"max-video-preview:-1"},"og_locale":"de_DE","og_type":"article","og_title":"Werth Systems: Moderne Visitenwagen auf ultrazuverl\u00e4ssigen Rollen - Manner","og_description":"Werth Systems produziert IT-Systeme und Hardware f\u00fcr das Gesundheitswesen. F\u00fcr ihre wendigen Visitenwagen suchte die Firma rund um den Globus nach den passenden Rollen \u2013 und fand sie bei Manner. Die in Herford ans\u00e4ssige Werth Systems GmbH produziert speziell f\u00fcr Patientenumgebungen konzipierte IT-Systeme. Die zugeh\u00f6rigen Wagen und Gestelle werden von der finnischen Gesch\u00e4ftseinheit Werth Systems [&hellip;]","og_url":"https:\/\/www.manner.fi\/de\/werth-systems-moderne-visitenwagen-auf-ultrazuverlaessigen-rollen\/","og_site_name":"Manner","article_modified_time":"2022-08-24T07:23:36+00:00","og_image":[{"width":1600,"height":612,"url":"https:\/\/www.manner.fi\/wp-content\/uploads\/2022\/08\/Manner-Werth_refe_hero.jpg","type":"image\/jpeg"}],"twitter_card":"summary_large_image","twitter_misc":{"Gesch\u00e4tzte Lesezeit":"3\u00a0Minuten"},"schema":{"@context":"https:\/\/schema.org","@graph":[{"@type":"WebPage","@id":"https:\/\/www.manner.fi\/de\/werth-systems-moderne-visitenwagen-auf-ultrazuverlaessigen-rollen\/","url":"https:\/\/www.manner.fi\/de\/werth-systems-moderne-visitenwagen-auf-ultrazuverlaessigen-rollen\/","name":"Werth Systems: Moderne Visitenwagen auf ultrazuverl\u00e4ssigen Rollen - Manner","isPartOf":{"@id":"https:\/\/www.manner.fi\/#website"},"primaryImageOfPage":{"@id":"https:\/\/www.manner.fi\/de\/werth-systems-moderne-visitenwagen-auf-ultrazuverlaessigen-rollen\/#primaryimage"},"image":{"@id":"https:\/\/www.manner.fi\/de\/werth-systems-moderne-visitenwagen-auf-ultrazuverlaessigen-rollen\/#primaryimage"},"thumbnailUrl":"https:\/\/www.manner.fi\/wp-content\/uploads\/2022\/08\/Manner-Werth_refe_hero.jpg","datePublished":"2022-08-12T07:39:54+00:00","dateModified":"2022-08-24T07:23:36+00:00","breadcrumb":{"@id":"https:\/\/www.manner.fi\/de\/werth-systems-moderne-visitenwagen-auf-ultrazuverlaessigen-rollen\/#breadcrumb"},"inLanguage":"de","potentialAction":[{"@type":"ReadAction","target":["https:\/\/www.manner.fi\/de\/werth-systems-moderne-visitenwagen-auf-ultrazuverlaessigen-rollen\/"]}]},{"@type":"ImageObject","inLanguage":"de","@id":"https:\/\/www.manner.fi\/de\/werth-systems-moderne-visitenwagen-auf-ultrazuverlaessigen-rollen\/#primaryimage","url":"https:\/\/www.manner.fi\/wp-content\/uploads\/2022\/08\/Manner-Werth_refe_hero.jpg","contentUrl":"https:\/\/www.manner.fi\/wp-content\/uploads\/2022\/08\/Manner-Werth_refe_hero.jpg","width":1600,"height":612},{"@type":"BreadcrumbList","@id":"https:\/\/www.manner.fi\/de\/werth-systems-moderne-visitenwagen-auf-ultrazuverlaessigen-rollen\/#breadcrumb","itemListElement":[{"@type":"ListItem","position":1,"name":"Home","item":"https:\/\/www.manner.fi\/de\/"},{"@type":"ListItem","position":2,"name":"Werth Systems: Moderne Visitenwagen auf ultrazuverl\u00e4ssigen Rollen"}]},{"@type":"WebSite","@id":"https:\/\/www.manner.fi\/#website","url":"https:\/\/www.manner.fi\/","name":"Manner","description":"Smart Moves on Manner Castors","potentialAction":[{"@type":"SearchAction","target":{"@type":"EntryPoint","urlTemplate":"https:\/\/www.manner.fi\/?s={search_term_string}"},"query-input":{"@type":"PropertyValueSpecification","valueRequired":true,"valueName":"search_term_string"}}],"inLanguage":"de"}]}},"_links":{"self":[{"href":"https:\/\/www.manner.fi\/de\/wp-json\/wp\/v2\/pages\/188078","targetHints":{"allow":["GET"]}}],"collection":[{"href":"https:\/\/www.manner.fi\/de\/wp-json\/wp\/v2\/pages"}],"about":[{"href":"https:\/\/www.manner.fi\/de\/wp-json\/wp\/v2\/types\/page"}],"author":[{"embeddable":true,"href":"https:\/\/www.manner.fi\/de\/wp-json\/wp\/v2\/users\/1"}],"replies":[{"embeddable":true,"href":"https:\/\/www.manner.fi\/de\/wp-json\/wp\/v2\/comments?post=188078"}],"version-history":[{"count":5,"href":"https:\/\/www.manner.fi\/de\/wp-json\/wp\/v2\/pages\/188078\/revisions"}],"predecessor-version":[{"id":188088,"href":"https:\/\/www.manner.fi\/de\/wp-json\/wp\/v2\/pages\/188078\/revisions\/188088"}],"wp:featuredmedia":[{"embeddable":true,"href":"https:\/\/www.manner.fi\/de\/wp-json\/wp\/v2\/media\/188050"}],"wp:attachment":[{"href":"https:\/\/www.manner.fi\/de\/wp-json\/wp\/v2\/media?parent=188078"}],"curies":[{"name":"wp","href":"https:\/\/api.w.org\/{rel}","templated":true}]}}