{"id":186525,"date":"2020-06-23T08:54:42","date_gmt":"2020-06-23T05:54:42","guid":{"rendered":"https:\/\/www.manner.fi\/?page_id=186525"},"modified":"2022-01-10T11:35:34","modified_gmt":"2022-01-10T09:35:34","slug":"leitfaehige-rollen","status":"publish","type":"page","link":"https:\/\/www.manner.fi\/de\/produkte\/leitfaehige-rollen\/","title":{"rendered":"Leitf\u00e4hige Rollen"},"content":{"rendered":"<p style=\"text-align: center;\">Leitf\u00e4hige Rollen sind f\u00fcr Umgebungen gedacht, in denen statische Aufladung verhindert oder vom betreffenden Gegenstand bzw. Wagen abgeleitet werden muss. Typische Einsatzfelder sind Elektronikindustrie oder Krankenh\u00e4user, in denen Ausr\u00fcstung oder Produkte statischer Elektrizit\u00e4t ausgesetzt sind.<\/p>\n<p style=\"text-align: center;\">Die leitf\u00e4higen Rollen vom Manner bestehen aus hochwertigen Materialien mit ausgezeichneten Leiteigenschaften. Die Geh\u00e4use sind aus Pressstahl oder leitf\u00e4higem glasfaserverst\u00e4rktem Polyamid. Die Lauffl\u00e4chen der R\u00e4der bestehen aus leitf\u00e4higem Polyamid, Polyurethan oder thermoplastischem Gummi. Das Lauffl\u00e4chenmaterial hinterl\u00e4sst keine Spuren auf dem Fu\u00dfboden.<\/p>\n<p style=\"text-align: center;\">Alle leitf\u00e4higen Manner-Rollen sind ISO-kompatibel, d.h. ihr Oberfl\u00e4chenwiderstand betr\u00e4gt weniger als 10 k\u03a9.<\/p>\n","protected":false},"excerpt":{"rendered":"<p>Leitf\u00e4hige Rollen sind f\u00fcr Umgebungen gedacht, in denen statische Aufladung verhindert oder vom betreffenden Gegenstand bzw. Wagen abgeleitet werden muss. Typische Einsatzfelder sind Elektronikindustrie oder Krankenh\u00e4user, in denen Ausr\u00fcstung oder Produkte statischer Elektrizit\u00e4t ausgesetzt sind. Die leitf\u00e4higen Rollen vom Manner bestehen aus hochwertigen Materialien mit ausgezeichneten Leiteigenschaften. Die Geh\u00e4use sind aus Pressstahl oder leitf\u00e4higem glasfaserverst\u00e4rktem [&hellip;]<\/p>\n","protected":false},"author":1,"featured_media":186446,"parent":3001,"menu_order":0,"comment_status":"closed","ping_status":"closed","template":"","meta":{"_acf_changed":false,"footnotes":""},"class_list":["post-186525","page","type-page","status-publish","has-post-thumbnail","hentry"],"acf":[],"yoast_head":"<!-- This site is optimized with the Yoast SEO plugin v25.2 - https:\/\/yoast.com\/wordpress\/plugins\/seo\/ -->\n<title>Leitf\u00e4hige Rollen - Manner<\/title>\n<meta name=\"robots\" content=\"index, follow, max-snippet:-1, max-image-preview:large, max-video-preview:-1\" \/>\n<meta property=\"og:locale\" content=\"de_DE\" \/>\n<meta property=\"og:type\" content=\"article\" \/>\n<meta property=\"og:title\" content=\"Leitf\u00e4hige Rollen - Manner\" \/>\n<meta property=\"og:description\" content=\"Leitf\u00e4hige Rollen sind f\u00fcr Umgebungen gedacht, in denen statische Aufladung verhindert oder vom betreffenden Gegenstand bzw. Wagen abgeleitet werden muss. Typische Einsatzfelder sind Elektronikindustrie oder Krankenh\u00e4user, in denen Ausr\u00fcstung oder Produkte statischer Elektrizit\u00e4t ausgesetzt sind. Die leitf\u00e4higen Rollen vom Manner bestehen aus hochwertigen Materialien mit ausgezeichneten Leiteigenschaften. Die Geh\u00e4use sind aus Pressstahl oder leitf\u00e4higem glasfaserverst\u00e4rktem [&hellip;]\" \/>\n<meta property=\"og:url\" content=\"https:\/\/www.manner.fi\/de\/produkte\/leitfaehige-rollen\/\" \/>\n<meta property=\"og:site_name\" content=\"Manner\" \/>\n<meta property=\"article:modified_time\" content=\"2022-01-10T09:35:34+00:00\" \/>\n<meta property=\"og:image\" content=\"https:\/\/www.manner.fi\/wp-content\/uploads\/2020\/06\/tuotteet_sahkoa_johtava_hero.jpg\" \/>\n\t<meta property=\"og:image:width\" content=\"1600\" \/>\n\t<meta property=\"og:image:height\" content=\"612\" \/>\n\t<meta property=\"og:image:type\" content=\"image\/jpeg\" \/>\n<meta name=\"twitter:card\" content=\"summary_large_image\" \/>\n<meta name=\"twitter:label1\" content=\"Gesch\u00e4tzte Lesezeit\" \/>\n\t<meta name=\"twitter:data1\" content=\"1\u00a0Minute\" \/>\n<script type=\"application\/ld+json\" class=\"yoast-schema-graph\">{\"@context\":\"https:\/\/schema.org\",\"@graph\":[{\"@type\":\"WebPage\",\"@id\":\"https:\/\/www.manner.fi\/de\/produkte\/leitfaehige-rollen\/\",\"url\":\"https:\/\/www.manner.fi\/de\/produkte\/leitfaehige-rollen\/\",\"name\":\"Leitf\u00e4hige Rollen - Manner\",\"isPartOf\":{\"@id\":\"https:\/\/www.manner.fi\/#website\"},\"primaryImageOfPage\":{\"@id\":\"https:\/\/www.manner.fi\/de\/produkte\/leitfaehige-rollen\/#primaryimage\"},\"image\":{\"@id\":\"https:\/\/www.manner.fi\/de\/produkte\/leitfaehige-rollen\/#primaryimage\"},\"thumbnailUrl\":\"https:\/\/www.manner.fi\/wp-content\/uploads\/2020\/06\/tuotteet_sahkoa_johtava_hero.jpg\",\"datePublished\":\"2020-06-23T05:54:42+00:00\",\"dateModified\":\"2022-01-10T09:35:34+00:00\",\"breadcrumb\":{\"@id\":\"https:\/\/www.manner.fi\/de\/produkte\/leitfaehige-rollen\/#breadcrumb\"},\"inLanguage\":\"de\",\"potentialAction\":[{\"@type\":\"ReadAction\",\"target\":[\"https:\/\/www.manner.fi\/de\/produkte\/leitfaehige-rollen\/\"]}]},{\"@type\":\"ImageObject\",\"inLanguage\":\"de\",\"@id\":\"https:\/\/www.manner.fi\/de\/produkte\/leitfaehige-rollen\/#primaryimage\",\"url\":\"https:\/\/www.manner.fi\/wp-content\/uploads\/2020\/06\/tuotteet_sahkoa_johtava_hero.jpg\",\"contentUrl\":\"https:\/\/www.manner.fi\/wp-content\/uploads\/2020\/06\/tuotteet_sahkoa_johtava_hero.jpg\",\"width\":1600,\"height\":612},{\"@type\":\"BreadcrumbList\",\"@id\":\"https:\/\/www.manner.fi\/de\/produkte\/leitfaehige-rollen\/#breadcrumb\",\"itemListElement\":[{\"@type\":\"ListItem\",\"position\":1,\"name\":\"Home\",\"item\":\"https:\/\/www.manner.fi\/de\/\"},{\"@type\":\"ListItem\",\"position\":2,\"name\":\"Produkte\",\"item\":\"https:\/\/www.manner.fi\/de\/produkte\/\"},{\"@type\":\"ListItem\",\"position\":3,\"name\":\"Leitf\u00e4hige Rollen\"}]},{\"@type\":\"WebSite\",\"@id\":\"https:\/\/www.manner.fi\/#website\",\"url\":\"https:\/\/www.manner.fi\/\",\"name\":\"Manner\",\"description\":\"Smart Moves on Manner Castors\",\"potentialAction\":[{\"@type\":\"SearchAction\",\"target\":{\"@type\":\"EntryPoint\",\"urlTemplate\":\"https:\/\/www.manner.fi\/?s={search_term_string}\"},\"query-input\":{\"@type\":\"PropertyValueSpecification\",\"valueRequired\":true,\"valueName\":\"search_term_string\"}}],\"inLanguage\":\"de\"}]}<\/script>\n<!-- \/ Yoast SEO plugin. -->","yoast_head_json":{"title":"Leitf\u00e4hige Rollen - Manner","robots":{"index":"index","follow":"follow","max-snippet":"max-snippet:-1","max-image-preview":"max-image-preview:large","max-video-preview":"max-video-preview:-1"},"og_locale":"de_DE","og_type":"article","og_title":"Leitf\u00e4hige Rollen - Manner","og_description":"Leitf\u00e4hige Rollen sind f\u00fcr Umgebungen gedacht, in denen statische Aufladung verhindert oder vom betreffenden Gegenstand bzw. Wagen abgeleitet werden muss. Typische Einsatzfelder sind Elektronikindustrie oder Krankenh\u00e4user, in denen Ausr\u00fcstung oder Produkte statischer Elektrizit\u00e4t ausgesetzt sind. Die leitf\u00e4higen Rollen vom Manner bestehen aus hochwertigen Materialien mit ausgezeichneten Leiteigenschaften. Die Geh\u00e4use sind aus Pressstahl oder leitf\u00e4higem glasfaserverst\u00e4rktem [&hellip;]","og_url":"https:\/\/www.manner.fi\/de\/produkte\/leitfaehige-rollen\/","og_site_name":"Manner","article_modified_time":"2022-01-10T09:35:34+00:00","og_image":[{"width":1600,"height":612,"url":"https:\/\/www.manner.fi\/wp-content\/uploads\/2020\/06\/tuotteet_sahkoa_johtava_hero.jpg","type":"image\/jpeg"}],"twitter_card":"summary_large_image","twitter_misc":{"Gesch\u00e4tzte Lesezeit":"1\u00a0Minute"},"schema":{"@context":"https:\/\/schema.org","@graph":[{"@type":"WebPage","@id":"https:\/\/www.manner.fi\/de\/produkte\/leitfaehige-rollen\/","url":"https:\/\/www.manner.fi\/de\/produkte\/leitfaehige-rollen\/","name":"Leitf\u00e4hige Rollen - Manner","isPartOf":{"@id":"https:\/\/www.manner.fi\/#website"},"primaryImageOfPage":{"@id":"https:\/\/www.manner.fi\/de\/produkte\/leitfaehige-rollen\/#primaryimage"},"image":{"@id":"https:\/\/www.manner.fi\/de\/produkte\/leitfaehige-rollen\/#primaryimage"},"thumbnailUrl":"https:\/\/www.manner.fi\/wp-content\/uploads\/2020\/06\/tuotteet_sahkoa_johtava_hero.jpg","datePublished":"2020-06-23T05:54:42+00:00","dateModified":"2022-01-10T09:35:34+00:00","breadcrumb":{"@id":"https:\/\/www.manner.fi\/de\/produkte\/leitfaehige-rollen\/#breadcrumb"},"inLanguage":"de","potentialAction":[{"@type":"ReadAction","target":["https:\/\/www.manner.fi\/de\/produkte\/leitfaehige-rollen\/"]}]},{"@type":"ImageObject","inLanguage":"de","@id":"https:\/\/www.manner.fi\/de\/produkte\/leitfaehige-rollen\/#primaryimage","url":"https:\/\/www.manner.fi\/wp-content\/uploads\/2020\/06\/tuotteet_sahkoa_johtava_hero.jpg","contentUrl":"https:\/\/www.manner.fi\/wp-content\/uploads\/2020\/06\/tuotteet_sahkoa_johtava_hero.jpg","width":1600,"height":612},{"@type":"BreadcrumbList","@id":"https:\/\/www.manner.fi\/de\/produkte\/leitfaehige-rollen\/#breadcrumb","itemListElement":[{"@type":"ListItem","position":1,"name":"Home","item":"https:\/\/www.manner.fi\/de\/"},{"@type":"ListItem","position":2,"name":"Produkte","item":"https:\/\/www.manner.fi\/de\/produkte\/"},{"@type":"ListItem","position":3,"name":"Leitf\u00e4hige Rollen"}]},{"@type":"WebSite","@id":"https:\/\/www.manner.fi\/#website","url":"https:\/\/www.manner.fi\/","name":"Manner","description":"Smart Moves on Manner Castors","potentialAction":[{"@type":"SearchAction","target":{"@type":"EntryPoint","urlTemplate":"https:\/\/www.manner.fi\/?s={search_term_string}"},"query-input":{"@type":"PropertyValueSpecification","valueRequired":true,"valueName":"search_term_string"}}],"inLanguage":"de"}]}},"_links":{"self":[{"href":"https:\/\/www.manner.fi\/de\/wp-json\/wp\/v2\/pages\/186525","targetHints":{"allow":["GET"]}}],"collection":[{"href":"https:\/\/www.manner.fi\/de\/wp-json\/wp\/v2\/pages"}],"about":[{"href":"https:\/\/www.manner.fi\/de\/wp-json\/wp\/v2\/types\/page"}],"author":[{"embeddable":true,"href":"https:\/\/www.manner.fi\/de\/wp-json\/wp\/v2\/users\/1"}],"replies":[{"embeddable":true,"href":"https:\/\/www.manner.fi\/de\/wp-json\/wp\/v2\/comments?post=186525"}],"version-history":[{"count":2,"href":"https:\/\/www.manner.fi\/de\/wp-json\/wp\/v2\/pages\/186525\/revisions"}],"predecessor-version":[{"id":187865,"href":"https:\/\/www.manner.fi\/de\/wp-json\/wp\/v2\/pages\/186525\/revisions\/187865"}],"up":[{"embeddable":true,"href":"https:\/\/www.manner.fi\/de\/wp-json\/wp\/v2\/pages\/3001"}],"wp:featuredmedia":[{"embeddable":true,"href":"https:\/\/www.manner.fi\/de\/wp-json\/wp\/v2\/media\/186446"}],"wp:attachment":[{"href":"https:\/\/www.manner.fi\/de\/wp-json\/wp\/v2\/media?parent=186525"}],"curies":[{"name":"wp","href":"https:\/\/api.w.org\/{rel}","templated":true}]}}