{"id":186523,"date":"2020-06-23T08:52:32","date_gmt":"2020-06-23T05:52:32","guid":{"rendered":"https:\/\/www.manner.fi\/?page_id=186523"},"modified":"2022-01-10T11:24:32","modified_gmt":"2022-01-10T09:24:32","slug":"antimagnetische-rollen","status":"publish","type":"page","link":"https:\/\/www.manner.fi\/de\/produkte\/antimagnetische-rollen\/","title":{"rendered":"Antimagnetische Rollen"},"content":{"rendered":"<p style=\"text-align: center;\">Antimagnetische Rollen wurden f\u00fcr Umgebungen entwickelt, in denen das Mobiliar antimagnetisch sein muss, um nahegelegene Magnetfelder nicht zu st\u00f6ren. Sie eignen sich daher gur f\u00fcr Wagen und Ger\u00e4te, die im Umfeld von Magnetresonanztomographen oder in Untersuchungslabors verwendet werden, wo keine magnetischen St\u00f6rungen auftreten d\u00fcrfen.<\/p>\n<p style=\"text-align: center;\">Die Gabel besteht aus glasfaserverst\u00e4rktem Polyamid Spezialkugellager in der Rolle und im Schwenkgelenk sind komplett antimagnetisch. Achse und Montageschrauben sind aus Messing.<\/p>\n","protected":false},"excerpt":{"rendered":"<p>Antimagnetische Rollen wurden f\u00fcr Umgebungen entwickelt, in denen das Mobiliar antimagnetisch sein muss, um nahegelegene Magnetfelder nicht zu st\u00f6ren. Sie eignen sich daher gur f\u00fcr Wagen und Ger\u00e4te, die im Umfeld von Magnetresonanztomographen oder in Untersuchungslabors verwendet werden, wo keine magnetischen St\u00f6rungen auftreten d\u00fcrfen. Die Gabel besteht aus glasfaserverst\u00e4rktem Polyamid Spezialkugellager in der Rolle und [&hellip;]<\/p>\n","protected":false},"author":1,"featured_media":186442,"parent":3001,"menu_order":0,"comment_status":"closed","ping_status":"closed","template":"","meta":{"_acf_changed":false,"footnotes":""},"class_list":["post-186523","page","type-page","status-publish","has-post-thumbnail","hentry"],"acf":[],"yoast_head":"<!-- This site is optimized with the Yoast SEO plugin v25.2 - https:\/\/yoast.com\/wordpress\/plugins\/seo\/ -->\n<title>Antimagnetische Rollen - Manner<\/title>\n<meta name=\"robots\" content=\"index, follow, max-snippet:-1, max-image-preview:large, max-video-preview:-1\" \/>\n<meta property=\"og:locale\" content=\"de_DE\" \/>\n<meta property=\"og:type\" content=\"article\" \/>\n<meta property=\"og:title\" content=\"Antimagnetische Rollen - Manner\" \/>\n<meta property=\"og:description\" content=\"Antimagnetische Rollen wurden f\u00fcr Umgebungen entwickelt, in denen das Mobiliar antimagnetisch sein muss, um nahegelegene Magnetfelder nicht zu st\u00f6ren. Sie eignen sich daher gur f\u00fcr Wagen und Ger\u00e4te, die im Umfeld von Magnetresonanztomographen oder in Untersuchungslabors verwendet werden, wo keine magnetischen St\u00f6rungen auftreten d\u00fcrfen. Die Gabel besteht aus glasfaserverst\u00e4rktem Polyamid Spezialkugellager in der Rolle und [&hellip;]\" \/>\n<meta property=\"og:url\" content=\"https:\/\/www.manner.fi\/de\/produkte\/antimagnetische-rollen\/\" \/>\n<meta property=\"og:site_name\" content=\"Manner\" \/>\n<meta property=\"article:modified_time\" content=\"2022-01-10T09:24:32+00:00\" \/>\n<meta property=\"og:image\" content=\"https:\/\/www.manner.fi\/wp-content\/uploads\/2020\/06\/tuotteet_magnetisoimaton_hero.jpg\" \/>\n\t<meta property=\"og:image:width\" content=\"1600\" \/>\n\t<meta property=\"og:image:height\" content=\"612\" \/>\n\t<meta property=\"og:image:type\" content=\"image\/jpeg\" \/>\n<meta name=\"twitter:card\" content=\"summary_large_image\" \/>\n<script type=\"application\/ld+json\" class=\"yoast-schema-graph\">{\"@context\":\"https:\/\/schema.org\",\"@graph\":[{\"@type\":\"WebPage\",\"@id\":\"https:\/\/www.manner.fi\/de\/produkte\/antimagnetische-rollen\/\",\"url\":\"https:\/\/www.manner.fi\/de\/produkte\/antimagnetische-rollen\/\",\"name\":\"Antimagnetische Rollen - Manner\",\"isPartOf\":{\"@id\":\"https:\/\/www.manner.fi\/#website\"},\"primaryImageOfPage\":{\"@id\":\"https:\/\/www.manner.fi\/de\/produkte\/antimagnetische-rollen\/#primaryimage\"},\"image\":{\"@id\":\"https:\/\/www.manner.fi\/de\/produkte\/antimagnetische-rollen\/#primaryimage\"},\"thumbnailUrl\":\"https:\/\/www.manner.fi\/wp-content\/uploads\/2020\/06\/tuotteet_magnetisoimaton_hero.jpg\",\"datePublished\":\"2020-06-23T05:52:32+00:00\",\"dateModified\":\"2022-01-10T09:24:32+00:00\",\"breadcrumb\":{\"@id\":\"https:\/\/www.manner.fi\/de\/produkte\/antimagnetische-rollen\/#breadcrumb\"},\"inLanguage\":\"de\",\"potentialAction\":[{\"@type\":\"ReadAction\",\"target\":[\"https:\/\/www.manner.fi\/de\/produkte\/antimagnetische-rollen\/\"]}]},{\"@type\":\"ImageObject\",\"inLanguage\":\"de\",\"@id\":\"https:\/\/www.manner.fi\/de\/produkte\/antimagnetische-rollen\/#primaryimage\",\"url\":\"https:\/\/www.manner.fi\/wp-content\/uploads\/2020\/06\/tuotteet_magnetisoimaton_hero.jpg\",\"contentUrl\":\"https:\/\/www.manner.fi\/wp-content\/uploads\/2020\/06\/tuotteet_magnetisoimaton_hero.jpg\",\"width\":1600,\"height\":612},{\"@type\":\"BreadcrumbList\",\"@id\":\"https:\/\/www.manner.fi\/de\/produkte\/antimagnetische-rollen\/#breadcrumb\",\"itemListElement\":[{\"@type\":\"ListItem\",\"position\":1,\"name\":\"Home\",\"item\":\"https:\/\/www.manner.fi\/de\/\"},{\"@type\":\"ListItem\",\"position\":2,\"name\":\"Produkte\",\"item\":\"https:\/\/www.manner.fi\/de\/produkte\/\"},{\"@type\":\"ListItem\",\"position\":3,\"name\":\"Antimagnetische Rollen\"}]},{\"@type\":\"WebSite\",\"@id\":\"https:\/\/www.manner.fi\/#website\",\"url\":\"https:\/\/www.manner.fi\/\",\"name\":\"Manner\",\"description\":\"Smart Moves on Manner Castors\",\"potentialAction\":[{\"@type\":\"SearchAction\",\"target\":{\"@type\":\"EntryPoint\",\"urlTemplate\":\"https:\/\/www.manner.fi\/?s={search_term_string}\"},\"query-input\":{\"@type\":\"PropertyValueSpecification\",\"valueRequired\":true,\"valueName\":\"search_term_string\"}}],\"inLanguage\":\"de\"}]}<\/script>\n<!-- \/ Yoast SEO plugin. -->","yoast_head_json":{"title":"Antimagnetische Rollen - Manner","robots":{"index":"index","follow":"follow","max-snippet":"max-snippet:-1","max-image-preview":"max-image-preview:large","max-video-preview":"max-video-preview:-1"},"og_locale":"de_DE","og_type":"article","og_title":"Antimagnetische Rollen - Manner","og_description":"Antimagnetische Rollen wurden f\u00fcr Umgebungen entwickelt, in denen das Mobiliar antimagnetisch sein muss, um nahegelegene Magnetfelder nicht zu st\u00f6ren. Sie eignen sich daher gur f\u00fcr Wagen und Ger\u00e4te, die im Umfeld von Magnetresonanztomographen oder in Untersuchungslabors verwendet werden, wo keine magnetischen St\u00f6rungen auftreten d\u00fcrfen. Die Gabel besteht aus glasfaserverst\u00e4rktem Polyamid Spezialkugellager in der Rolle und [&hellip;]","og_url":"https:\/\/www.manner.fi\/de\/produkte\/antimagnetische-rollen\/","og_site_name":"Manner","article_modified_time":"2022-01-10T09:24:32+00:00","og_image":[{"width":1600,"height":612,"url":"https:\/\/www.manner.fi\/wp-content\/uploads\/2020\/06\/tuotteet_magnetisoimaton_hero.jpg","type":"image\/jpeg"}],"twitter_card":"summary_large_image","schema":{"@context":"https:\/\/schema.org","@graph":[{"@type":"WebPage","@id":"https:\/\/www.manner.fi\/de\/produkte\/antimagnetische-rollen\/","url":"https:\/\/www.manner.fi\/de\/produkte\/antimagnetische-rollen\/","name":"Antimagnetische Rollen - Manner","isPartOf":{"@id":"https:\/\/www.manner.fi\/#website"},"primaryImageOfPage":{"@id":"https:\/\/www.manner.fi\/de\/produkte\/antimagnetische-rollen\/#primaryimage"},"image":{"@id":"https:\/\/www.manner.fi\/de\/produkte\/antimagnetische-rollen\/#primaryimage"},"thumbnailUrl":"https:\/\/www.manner.fi\/wp-content\/uploads\/2020\/06\/tuotteet_magnetisoimaton_hero.jpg","datePublished":"2020-06-23T05:52:32+00:00","dateModified":"2022-01-10T09:24:32+00:00","breadcrumb":{"@id":"https:\/\/www.manner.fi\/de\/produkte\/antimagnetische-rollen\/#breadcrumb"},"inLanguage":"de","potentialAction":[{"@type":"ReadAction","target":["https:\/\/www.manner.fi\/de\/produkte\/antimagnetische-rollen\/"]}]},{"@type":"ImageObject","inLanguage":"de","@id":"https:\/\/www.manner.fi\/de\/produkte\/antimagnetische-rollen\/#primaryimage","url":"https:\/\/www.manner.fi\/wp-content\/uploads\/2020\/06\/tuotteet_magnetisoimaton_hero.jpg","contentUrl":"https:\/\/www.manner.fi\/wp-content\/uploads\/2020\/06\/tuotteet_magnetisoimaton_hero.jpg","width":1600,"height":612},{"@type":"BreadcrumbList","@id":"https:\/\/www.manner.fi\/de\/produkte\/antimagnetische-rollen\/#breadcrumb","itemListElement":[{"@type":"ListItem","position":1,"name":"Home","item":"https:\/\/www.manner.fi\/de\/"},{"@type":"ListItem","position":2,"name":"Produkte","item":"https:\/\/www.manner.fi\/de\/produkte\/"},{"@type":"ListItem","position":3,"name":"Antimagnetische Rollen"}]},{"@type":"WebSite","@id":"https:\/\/www.manner.fi\/#website","url":"https:\/\/www.manner.fi\/","name":"Manner","description":"Smart Moves on Manner Castors","potentialAction":[{"@type":"SearchAction","target":{"@type":"EntryPoint","urlTemplate":"https:\/\/www.manner.fi\/?s={search_term_string}"},"query-input":{"@type":"PropertyValueSpecification","valueRequired":true,"valueName":"search_term_string"}}],"inLanguage":"de"}]}},"_links":{"self":[{"href":"https:\/\/www.manner.fi\/de\/wp-json\/wp\/v2\/pages\/186523","targetHints":{"allow":["GET"]}}],"collection":[{"href":"https:\/\/www.manner.fi\/de\/wp-json\/wp\/v2\/pages"}],"about":[{"href":"https:\/\/www.manner.fi\/de\/wp-json\/wp\/v2\/types\/page"}],"author":[{"embeddable":true,"href":"https:\/\/www.manner.fi\/de\/wp-json\/wp\/v2\/users\/1"}],"replies":[{"embeddable":true,"href":"https:\/\/www.manner.fi\/de\/wp-json\/wp\/v2\/comments?post=186523"}],"version-history":[{"count":2,"href":"https:\/\/www.manner.fi\/de\/wp-json\/wp\/v2\/pages\/186523\/revisions"}],"predecessor-version":[{"id":187857,"href":"https:\/\/www.manner.fi\/de\/wp-json\/wp\/v2\/pages\/186523\/revisions\/187857"}],"up":[{"embeddable":true,"href":"https:\/\/www.manner.fi\/de\/wp-json\/wp\/v2\/pages\/3001"}],"wp:featuredmedia":[{"embeddable":true,"href":"https:\/\/www.manner.fi\/de\/wp-json\/wp\/v2\/media\/186442"}],"wp:attachment":[{"href":"https:\/\/www.manner.fi\/de\/wp-json\/wp\/v2\/media?parent=186523"}],"curies":[{"name":"wp","href":"https:\/\/api.w.org\/{rel}","templated":true}]}}