{"id":186521,"date":"2020-06-23T08:48:09","date_gmt":"2020-06-23T05:48:09","guid":{"rendered":"https:\/\/www.manner.fi\/?page_id=186521"},"modified":"2022-01-10T11:31:51","modified_gmt":"2022-01-10T09:31:51","slug":"rostfreie-rollen","status":"publish","type":"page","link":"https:\/\/www.manner.fi\/de\/produkte\/rostfreie-rollen\/","title":{"rendered":"Rostfreie Rollen"},"content":{"rendered":"<p style=\"text-align: center;\">Rostfreie Rollen empfehlen sich f\u00fcr feuchte Umgebungen, in denen ein erh\u00f6htes Korrosionsrisiko besteht. Sie empfehlen sich beispielsweise f\u00fcr Einrichtungsgegenst\u00e4nde und Wagen in Lebensmittelbetrieben, Gro\u00dfk\u00fcchen und Krankenh\u00e4usern.<\/p>\n<p style=\"text-align: center;\">Das Manner-Sortiment umfasst diverse Rollen mit Gabeln aus rostfreiem Pressstahl oder glasfaserverst\u00e4rktem Polyamid. Das Schwenklager der Gabel und das Lager im Radk\u00f6rper sind ebenfalls rostfrei. Die rostfreien Rollen sind je nach Modell mit Total- oder Richtungsfeststeller lieferbar.<\/p>\n<p style=\"text-align: center;\">Sie sind leicht zu s\u00e4ubern und waschbar. Bei Verwendung von Reinigungsmitteln ist jedoch auf deren Vertr\u00e4glichkeit mit dem Rollenmaterial zu achten.<\/p>\n","protected":false},"excerpt":{"rendered":"<p>Rostfreie Rollen empfehlen sich f\u00fcr feuchte Umgebungen, in denen ein erh\u00f6htes Korrosionsrisiko besteht. Sie empfehlen sich beispielsweise f\u00fcr Einrichtungsgegenst\u00e4nde und Wagen in Lebensmittelbetrieben, Gro\u00dfk\u00fcchen und Krankenh\u00e4usern. Das Manner-Sortiment umfasst diverse Rollen mit Gabeln aus rostfreiem Pressstahl oder glasfaserverst\u00e4rktem Polyamid. Das Schwenklager der Gabel und das Lager im Radk\u00f6rper sind ebenfalls rostfrei. Die rostfreien Rollen sind [&hellip;]<\/p>\n","protected":false},"author":1,"featured_media":185981,"parent":3001,"menu_order":0,"comment_status":"closed","ping_status":"closed","template":"","meta":{"_acf_changed":false,"footnotes":""},"class_list":["post-186521","page","type-page","status-publish","has-post-thumbnail","hentry"],"acf":[],"yoast_head":"<!-- This site is optimized with the Yoast SEO plugin v25.2 - https:\/\/yoast.com\/wordpress\/plugins\/seo\/ -->\n<title>Rostfreie Rollen - Manner<\/title>\n<meta name=\"robots\" content=\"index, follow, max-snippet:-1, max-image-preview:large, max-video-preview:-1\" \/>\n<meta property=\"og:locale\" content=\"de_DE\" \/>\n<meta property=\"og:type\" content=\"article\" \/>\n<meta property=\"og:title\" content=\"Rostfreie Rollen - Manner\" \/>\n<meta property=\"og:description\" content=\"Rostfreie Rollen empfehlen sich f\u00fcr feuchte Umgebungen, in denen ein erh\u00f6htes Korrosionsrisiko besteht. Sie empfehlen sich beispielsweise f\u00fcr Einrichtungsgegenst\u00e4nde und Wagen in Lebensmittelbetrieben, Gro\u00dfk\u00fcchen und Krankenh\u00e4usern. Das Manner-Sortiment umfasst diverse Rollen mit Gabeln aus rostfreiem Pressstahl oder glasfaserverst\u00e4rktem Polyamid. Das Schwenklager der Gabel und das Lager im Radk\u00f6rper sind ebenfalls rostfrei. Die rostfreien Rollen sind [&hellip;]\" \/>\n<meta property=\"og:url\" content=\"https:\/\/www.manner.fi\/de\/produkte\/rostfreie-rollen\/\" \/>\n<meta property=\"og:site_name\" content=\"Manner\" \/>\n<meta property=\"article:modified_time\" content=\"2022-01-10T09:31:51+00:00\" \/>\n<meta property=\"og:image\" content=\"https:\/\/www.manner.fi\/wp-content\/uploads\/2020\/01\/Rosteri_Tango-intensity-sin-scaled.jpg\" \/>\n\t<meta property=\"og:image:width\" content=\"2560\" \/>\n\t<meta property=\"og:image:height\" content=\"1707\" \/>\n\t<meta property=\"og:image:type\" content=\"image\/jpeg\" \/>\n<meta name=\"twitter:card\" content=\"summary_large_image\" \/>\n<script type=\"application\/ld+json\" class=\"yoast-schema-graph\">{\"@context\":\"https:\/\/schema.org\",\"@graph\":[{\"@type\":\"WebPage\",\"@id\":\"https:\/\/www.manner.fi\/de\/produkte\/rostfreie-rollen\/\",\"url\":\"https:\/\/www.manner.fi\/de\/produkte\/rostfreie-rollen\/\",\"name\":\"Rostfreie Rollen - Manner\",\"isPartOf\":{\"@id\":\"https:\/\/www.manner.fi\/#website\"},\"primaryImageOfPage\":{\"@id\":\"https:\/\/www.manner.fi\/de\/produkte\/rostfreie-rollen\/#primaryimage\"},\"image\":{\"@id\":\"https:\/\/www.manner.fi\/de\/produkte\/rostfreie-rollen\/#primaryimage\"},\"thumbnailUrl\":\"https:\/\/www.manner.fi\/wp-content\/uploads\/2020\/01\/Rosteri_Tango-intensity-sin-scaled.jpg\",\"datePublished\":\"2020-06-23T05:48:09+00:00\",\"dateModified\":\"2022-01-10T09:31:51+00:00\",\"breadcrumb\":{\"@id\":\"https:\/\/www.manner.fi\/de\/produkte\/rostfreie-rollen\/#breadcrumb\"},\"inLanguage\":\"de\",\"potentialAction\":[{\"@type\":\"ReadAction\",\"target\":[\"https:\/\/www.manner.fi\/de\/produkte\/rostfreie-rollen\/\"]}]},{\"@type\":\"ImageObject\",\"inLanguage\":\"de\",\"@id\":\"https:\/\/www.manner.fi\/de\/produkte\/rostfreie-rollen\/#primaryimage\",\"url\":\"https:\/\/www.manner.fi\/wp-content\/uploads\/2020\/01\/Rosteri_Tango-intensity-sin-scaled.jpg\",\"contentUrl\":\"https:\/\/www.manner.fi\/wp-content\/uploads\/2020\/01\/Rosteri_Tango-intensity-sin-scaled.jpg\",\"width\":2560,\"height\":1707},{\"@type\":\"BreadcrumbList\",\"@id\":\"https:\/\/www.manner.fi\/de\/produkte\/rostfreie-rollen\/#breadcrumb\",\"itemListElement\":[{\"@type\":\"ListItem\",\"position\":1,\"name\":\"Home\",\"item\":\"https:\/\/www.manner.fi\/de\/\"},{\"@type\":\"ListItem\",\"position\":2,\"name\":\"Produkte\",\"item\":\"https:\/\/www.manner.fi\/de\/produkte\/\"},{\"@type\":\"ListItem\",\"position\":3,\"name\":\"Rostfreie Rollen\"}]},{\"@type\":\"WebSite\",\"@id\":\"https:\/\/www.manner.fi\/#website\",\"url\":\"https:\/\/www.manner.fi\/\",\"name\":\"Manner\",\"description\":\"Smart Moves on Manner Castors\",\"potentialAction\":[{\"@type\":\"SearchAction\",\"target\":{\"@type\":\"EntryPoint\",\"urlTemplate\":\"https:\/\/www.manner.fi\/?s={search_term_string}\"},\"query-input\":{\"@type\":\"PropertyValueSpecification\",\"valueRequired\":true,\"valueName\":\"search_term_string\"}}],\"inLanguage\":\"de\"}]}<\/script>\n<!-- \/ Yoast SEO plugin. -->","yoast_head_json":{"title":"Rostfreie Rollen - Manner","robots":{"index":"index","follow":"follow","max-snippet":"max-snippet:-1","max-image-preview":"max-image-preview:large","max-video-preview":"max-video-preview:-1"},"og_locale":"de_DE","og_type":"article","og_title":"Rostfreie Rollen - Manner","og_description":"Rostfreie Rollen empfehlen sich f\u00fcr feuchte Umgebungen, in denen ein erh\u00f6htes Korrosionsrisiko besteht. Sie empfehlen sich beispielsweise f\u00fcr Einrichtungsgegenst\u00e4nde und Wagen in Lebensmittelbetrieben, Gro\u00dfk\u00fcchen und Krankenh\u00e4usern. Das Manner-Sortiment umfasst diverse Rollen mit Gabeln aus rostfreiem Pressstahl oder glasfaserverst\u00e4rktem Polyamid. Das Schwenklager der Gabel und das Lager im Radk\u00f6rper sind ebenfalls rostfrei. Die rostfreien Rollen sind [&hellip;]","og_url":"https:\/\/www.manner.fi\/de\/produkte\/rostfreie-rollen\/","og_site_name":"Manner","article_modified_time":"2022-01-10T09:31:51+00:00","og_image":[{"width":2560,"height":1707,"url":"https:\/\/www.manner.fi\/wp-content\/uploads\/2020\/01\/Rosteri_Tango-intensity-sin-scaled.jpg","type":"image\/jpeg"}],"twitter_card":"summary_large_image","schema":{"@context":"https:\/\/schema.org","@graph":[{"@type":"WebPage","@id":"https:\/\/www.manner.fi\/de\/produkte\/rostfreie-rollen\/","url":"https:\/\/www.manner.fi\/de\/produkte\/rostfreie-rollen\/","name":"Rostfreie Rollen - Manner","isPartOf":{"@id":"https:\/\/www.manner.fi\/#website"},"primaryImageOfPage":{"@id":"https:\/\/www.manner.fi\/de\/produkte\/rostfreie-rollen\/#primaryimage"},"image":{"@id":"https:\/\/www.manner.fi\/de\/produkte\/rostfreie-rollen\/#primaryimage"},"thumbnailUrl":"https:\/\/www.manner.fi\/wp-content\/uploads\/2020\/01\/Rosteri_Tango-intensity-sin-scaled.jpg","datePublished":"2020-06-23T05:48:09+00:00","dateModified":"2022-01-10T09:31:51+00:00","breadcrumb":{"@id":"https:\/\/www.manner.fi\/de\/produkte\/rostfreie-rollen\/#breadcrumb"},"inLanguage":"de","potentialAction":[{"@type":"ReadAction","target":["https:\/\/www.manner.fi\/de\/produkte\/rostfreie-rollen\/"]}]},{"@type":"ImageObject","inLanguage":"de","@id":"https:\/\/www.manner.fi\/de\/produkte\/rostfreie-rollen\/#primaryimage","url":"https:\/\/www.manner.fi\/wp-content\/uploads\/2020\/01\/Rosteri_Tango-intensity-sin-scaled.jpg","contentUrl":"https:\/\/www.manner.fi\/wp-content\/uploads\/2020\/01\/Rosteri_Tango-intensity-sin-scaled.jpg","width":2560,"height":1707},{"@type":"BreadcrumbList","@id":"https:\/\/www.manner.fi\/de\/produkte\/rostfreie-rollen\/#breadcrumb","itemListElement":[{"@type":"ListItem","position":1,"name":"Home","item":"https:\/\/www.manner.fi\/de\/"},{"@type":"ListItem","position":2,"name":"Produkte","item":"https:\/\/www.manner.fi\/de\/produkte\/"},{"@type":"ListItem","position":3,"name":"Rostfreie Rollen"}]},{"@type":"WebSite","@id":"https:\/\/www.manner.fi\/#website","url":"https:\/\/www.manner.fi\/","name":"Manner","description":"Smart Moves on Manner Castors","potentialAction":[{"@type":"SearchAction","target":{"@type":"EntryPoint","urlTemplate":"https:\/\/www.manner.fi\/?s={search_term_string}"},"query-input":{"@type":"PropertyValueSpecification","valueRequired":true,"valueName":"search_term_string"}}],"inLanguage":"de"}]}},"_links":{"self":[{"href":"https:\/\/www.manner.fi\/de\/wp-json\/wp\/v2\/pages\/186521","targetHints":{"allow":["GET"]}}],"collection":[{"href":"https:\/\/www.manner.fi\/de\/wp-json\/wp\/v2\/pages"}],"about":[{"href":"https:\/\/www.manner.fi\/de\/wp-json\/wp\/v2\/types\/page"}],"author":[{"embeddable":true,"href":"https:\/\/www.manner.fi\/de\/wp-json\/wp\/v2\/users\/1"}],"replies":[{"embeddable":true,"href":"https:\/\/www.manner.fi\/de\/wp-json\/wp\/v2\/comments?post=186521"}],"version-history":[{"count":2,"href":"https:\/\/www.manner.fi\/de\/wp-json\/wp\/v2\/pages\/186521\/revisions"}],"predecessor-version":[{"id":187860,"href":"https:\/\/www.manner.fi\/de\/wp-json\/wp\/v2\/pages\/186521\/revisions\/187860"}],"up":[{"embeddable":true,"href":"https:\/\/www.manner.fi\/de\/wp-json\/wp\/v2\/pages\/3001"}],"wp:featuredmedia":[{"embeddable":true,"href":"https:\/\/www.manner.fi\/de\/wp-json\/wp\/v2\/media\/185981"}],"wp:attachment":[{"href":"https:\/\/www.manner.fi\/de\/wp-json\/wp\/v2\/media?parent=186521"}],"curies":[{"name":"wp","href":"https:\/\/api.w.org\/{rel}","templated":true}]}}