{"id":186519,"date":"2020-06-24T08:29:40","date_gmt":"2020-06-24T05:29:40","guid":{"rendered":"https:\/\/www.manner.fi\/?page_id=186519"},"modified":"2022-01-10T14:27:46","modified_gmt":"2022-01-10T12:27:46","slug":"schwerlast-tragrollen","status":"publish","type":"page","link":"https:\/\/www.manner.fi\/de\/produkte\/schwerlast-tragrollen\/","title":{"rendered":"Schwerlast-Tragrollen"},"content":{"rendered":"<p style=\"text-align: center;\"><span lang=\"DE\">Unsere Schwerlast-Tragrollen sind f\u00fcr besonders schwere Gegenst\u00e4nde und hohe Belastung im Dauerbetrieb ausgelegt. Im Angebot sind Rollen mit einer Tragkraft von bis zu 6200 kg. Die Gabeln sind mit robusten Kugellagern ausgestattet und es stehen drei Lauffl\u00e4chenalternativen zur Verf\u00fcgung: Polyamid, Polyurethan und Gusspolyurethan. Die R\u00e4der sind standardm\u00e4\u00dfig kugelgelagert, um auch unter Schwerlasteinwirkung optimale Wendigkeit zu gew\u00e4hrleisten.<\/span><\/p>\n<p>&nbsp;<\/p>\n","protected":false},"excerpt":{"rendered":"<p>Unsere Schwerlast-Tragrollen sind f\u00fcr besonders schwere Gegenst\u00e4nde und hohe Belastung im Dauerbetrieb ausgelegt. Im Angebot sind Rollen mit einer Tragkraft von bis zu 6200 kg. Die Gabeln sind mit robusten Kugellagern ausgestattet und es stehen drei Lauffl\u00e4chenalternativen zur Verf\u00fcgung: Polyamid, Polyurethan und Gusspolyurethan. Die R\u00e4der sind standardm\u00e4\u00dfig kugelgelagert, um auch unter Schwerlasteinwirkung optimale Wendigkeit zu [&hellip;]<\/p>\n","protected":false},"author":1,"featured_media":186462,"parent":3001,"menu_order":0,"comment_status":"closed","ping_status":"closed","template":"","meta":{"_acf_changed":false,"footnotes":""},"class_list":["post-186519","page","type-page","status-publish","has-post-thumbnail","hentry"],"acf":[],"yoast_head":"<!-- This site is optimized with the Yoast SEO plugin v25.2 - https:\/\/yoast.com\/wordpress\/plugins\/seo\/ -->\n<title>Schwerlast-Tragrollen - Manner<\/title>\n<meta name=\"robots\" content=\"index, follow, max-snippet:-1, max-image-preview:large, max-video-preview:-1\" \/>\n<meta property=\"og:locale\" content=\"de_DE\" \/>\n<meta property=\"og:type\" content=\"article\" \/>\n<meta property=\"og:title\" content=\"Schwerlast-Tragrollen - Manner\" \/>\n<meta property=\"og:description\" content=\"Unsere Schwerlast-Tragrollen sind f\u00fcr besonders schwere Gegenst\u00e4nde und hohe Belastung im Dauerbetrieb ausgelegt. Im Angebot sind Rollen mit einer Tragkraft von bis zu 6200 kg. Die Gabeln sind mit robusten Kugellagern ausgestattet und es stehen drei Lauffl\u00e4chenalternativen zur Verf\u00fcgung: Polyamid, Polyurethan und Gusspolyurethan. Die R\u00e4der sind standardm\u00e4\u00dfig kugelgelagert, um auch unter Schwerlasteinwirkung optimale Wendigkeit zu [&hellip;]\" \/>\n<meta property=\"og:url\" content=\"https:\/\/www.manner.fi\/de\/produkte\/schwerlast-tragrollen\/\" \/>\n<meta property=\"og:site_name\" content=\"Manner\" \/>\n<meta property=\"article:modified_time\" content=\"2022-01-10T12:27:46+00:00\" \/>\n<meta property=\"og:image\" content=\"https:\/\/www.manner.fi\/wp-content\/uploads\/2020\/06\/tuotteet_logistiikka_ja_teollisuus_raskassarja_hero-1.jpg\" \/>\n\t<meta property=\"og:image:width\" content=\"1600\" \/>\n\t<meta property=\"og:image:height\" content=\"612\" \/>\n\t<meta property=\"og:image:type\" content=\"image\/jpeg\" \/>\n<meta name=\"twitter:card\" content=\"summary_large_image\" \/>\n<script type=\"application\/ld+json\" class=\"yoast-schema-graph\">{\"@context\":\"https:\/\/schema.org\",\"@graph\":[{\"@type\":\"WebPage\",\"@id\":\"https:\/\/www.manner.fi\/de\/produkte\/schwerlast-tragrollen\/\",\"url\":\"https:\/\/www.manner.fi\/de\/produkte\/schwerlast-tragrollen\/\",\"name\":\"Schwerlast-Tragrollen - Manner\",\"isPartOf\":{\"@id\":\"https:\/\/www.manner.fi\/#website\"},\"primaryImageOfPage\":{\"@id\":\"https:\/\/www.manner.fi\/de\/produkte\/schwerlast-tragrollen\/#primaryimage\"},\"image\":{\"@id\":\"https:\/\/www.manner.fi\/de\/produkte\/schwerlast-tragrollen\/#primaryimage\"},\"thumbnailUrl\":\"https:\/\/www.manner.fi\/wp-content\/uploads\/2020\/06\/tuotteet_logistiikka_ja_teollisuus_raskassarja_hero-1.jpg\",\"datePublished\":\"2020-06-24T05:29:40+00:00\",\"dateModified\":\"2022-01-10T12:27:46+00:00\",\"breadcrumb\":{\"@id\":\"https:\/\/www.manner.fi\/de\/produkte\/schwerlast-tragrollen\/#breadcrumb\"},\"inLanguage\":\"de\",\"potentialAction\":[{\"@type\":\"ReadAction\",\"target\":[\"https:\/\/www.manner.fi\/de\/produkte\/schwerlast-tragrollen\/\"]}]},{\"@type\":\"ImageObject\",\"inLanguage\":\"de\",\"@id\":\"https:\/\/www.manner.fi\/de\/produkte\/schwerlast-tragrollen\/#primaryimage\",\"url\":\"https:\/\/www.manner.fi\/wp-content\/uploads\/2020\/06\/tuotteet_logistiikka_ja_teollisuus_raskassarja_hero-1.jpg\",\"contentUrl\":\"https:\/\/www.manner.fi\/wp-content\/uploads\/2020\/06\/tuotteet_logistiikka_ja_teollisuus_raskassarja_hero-1.jpg\",\"width\":1600,\"height\":612},{\"@type\":\"BreadcrumbList\",\"@id\":\"https:\/\/www.manner.fi\/de\/produkte\/schwerlast-tragrollen\/#breadcrumb\",\"itemListElement\":[{\"@type\":\"ListItem\",\"position\":1,\"name\":\"Home\",\"item\":\"https:\/\/www.manner.fi\/de\/\"},{\"@type\":\"ListItem\",\"position\":2,\"name\":\"Produkte\",\"item\":\"https:\/\/www.manner.fi\/de\/produkte\/\"},{\"@type\":\"ListItem\",\"position\":3,\"name\":\"Schwerlast-Tragrollen\"}]},{\"@type\":\"WebSite\",\"@id\":\"https:\/\/www.manner.fi\/#website\",\"url\":\"https:\/\/www.manner.fi\/\",\"name\":\"Manner\",\"description\":\"Smart Moves on Manner Castors\",\"potentialAction\":[{\"@type\":\"SearchAction\",\"target\":{\"@type\":\"EntryPoint\",\"urlTemplate\":\"https:\/\/www.manner.fi\/?s={search_term_string}\"},\"query-input\":{\"@type\":\"PropertyValueSpecification\",\"valueRequired\":true,\"valueName\":\"search_term_string\"}}],\"inLanguage\":\"de\"}]}<\/script>\n<!-- \/ Yoast SEO plugin. -->","yoast_head_json":{"title":"Schwerlast-Tragrollen - Manner","robots":{"index":"index","follow":"follow","max-snippet":"max-snippet:-1","max-image-preview":"max-image-preview:large","max-video-preview":"max-video-preview:-1"},"og_locale":"de_DE","og_type":"article","og_title":"Schwerlast-Tragrollen - Manner","og_description":"Unsere Schwerlast-Tragrollen sind f\u00fcr besonders schwere Gegenst\u00e4nde und hohe Belastung im Dauerbetrieb ausgelegt. Im Angebot sind Rollen mit einer Tragkraft von bis zu 6200 kg. Die Gabeln sind mit robusten Kugellagern ausgestattet und es stehen drei Lauffl\u00e4chenalternativen zur Verf\u00fcgung: Polyamid, Polyurethan und Gusspolyurethan. Die R\u00e4der sind standardm\u00e4\u00dfig kugelgelagert, um auch unter Schwerlasteinwirkung optimale Wendigkeit zu [&hellip;]","og_url":"https:\/\/www.manner.fi\/de\/produkte\/schwerlast-tragrollen\/","og_site_name":"Manner","article_modified_time":"2022-01-10T12:27:46+00:00","og_image":[{"width":1600,"height":612,"url":"https:\/\/www.manner.fi\/wp-content\/uploads\/2020\/06\/tuotteet_logistiikka_ja_teollisuus_raskassarja_hero-1.jpg","type":"image\/jpeg"}],"twitter_card":"summary_large_image","schema":{"@context":"https:\/\/schema.org","@graph":[{"@type":"WebPage","@id":"https:\/\/www.manner.fi\/de\/produkte\/schwerlast-tragrollen\/","url":"https:\/\/www.manner.fi\/de\/produkte\/schwerlast-tragrollen\/","name":"Schwerlast-Tragrollen - Manner","isPartOf":{"@id":"https:\/\/www.manner.fi\/#website"},"primaryImageOfPage":{"@id":"https:\/\/www.manner.fi\/de\/produkte\/schwerlast-tragrollen\/#primaryimage"},"image":{"@id":"https:\/\/www.manner.fi\/de\/produkte\/schwerlast-tragrollen\/#primaryimage"},"thumbnailUrl":"https:\/\/www.manner.fi\/wp-content\/uploads\/2020\/06\/tuotteet_logistiikka_ja_teollisuus_raskassarja_hero-1.jpg","datePublished":"2020-06-24T05:29:40+00:00","dateModified":"2022-01-10T12:27:46+00:00","breadcrumb":{"@id":"https:\/\/www.manner.fi\/de\/produkte\/schwerlast-tragrollen\/#breadcrumb"},"inLanguage":"de","potentialAction":[{"@type":"ReadAction","target":["https:\/\/www.manner.fi\/de\/produkte\/schwerlast-tragrollen\/"]}]},{"@type":"ImageObject","inLanguage":"de","@id":"https:\/\/www.manner.fi\/de\/produkte\/schwerlast-tragrollen\/#primaryimage","url":"https:\/\/www.manner.fi\/wp-content\/uploads\/2020\/06\/tuotteet_logistiikka_ja_teollisuus_raskassarja_hero-1.jpg","contentUrl":"https:\/\/www.manner.fi\/wp-content\/uploads\/2020\/06\/tuotteet_logistiikka_ja_teollisuus_raskassarja_hero-1.jpg","width":1600,"height":612},{"@type":"BreadcrumbList","@id":"https:\/\/www.manner.fi\/de\/produkte\/schwerlast-tragrollen\/#breadcrumb","itemListElement":[{"@type":"ListItem","position":1,"name":"Home","item":"https:\/\/www.manner.fi\/de\/"},{"@type":"ListItem","position":2,"name":"Produkte","item":"https:\/\/www.manner.fi\/de\/produkte\/"},{"@type":"ListItem","position":3,"name":"Schwerlast-Tragrollen"}]},{"@type":"WebSite","@id":"https:\/\/www.manner.fi\/#website","url":"https:\/\/www.manner.fi\/","name":"Manner","description":"Smart Moves on Manner Castors","potentialAction":[{"@type":"SearchAction","target":{"@type":"EntryPoint","urlTemplate":"https:\/\/www.manner.fi\/?s={search_term_string}"},"query-input":{"@type":"PropertyValueSpecification","valueRequired":true,"valueName":"search_term_string"}}],"inLanguage":"de"}]}},"_links":{"self":[{"href":"https:\/\/www.manner.fi\/de\/wp-json\/wp\/v2\/pages\/186519","targetHints":{"allow":["GET"]}}],"collection":[{"href":"https:\/\/www.manner.fi\/de\/wp-json\/wp\/v2\/pages"}],"about":[{"href":"https:\/\/www.manner.fi\/de\/wp-json\/wp\/v2\/types\/page"}],"author":[{"embeddable":true,"href":"https:\/\/www.manner.fi\/de\/wp-json\/wp\/v2\/users\/1"}],"replies":[{"embeddable":true,"href":"https:\/\/www.manner.fi\/de\/wp-json\/wp\/v2\/comments?post=186519"}],"version-history":[{"count":1,"href":"https:\/\/www.manner.fi\/de\/wp-json\/wp\/v2\/pages\/186519\/revisions"}],"predecessor-version":[{"id":186520,"href":"https:\/\/www.manner.fi\/de\/wp-json\/wp\/v2\/pages\/186519\/revisions\/186520"}],"up":[{"embeddable":true,"href":"https:\/\/www.manner.fi\/de\/wp-json\/wp\/v2\/pages\/3001"}],"wp:featuredmedia":[{"embeddable":true,"href":"https:\/\/www.manner.fi\/de\/wp-json\/wp\/v2\/media\/186462"}],"wp:attachment":[{"href":"https:\/\/www.manner.fi\/de\/wp-json\/wp\/v2\/media?parent=186519"}],"curies":[{"name":"wp","href":"https:\/\/api.w.org\/{rel}","templated":true}]}}