{"id":186517,"date":"2020-06-24T08:26:37","date_gmt":"2020-06-24T05:26:37","guid":{"rendered":"https:\/\/www.manner.fi\/?page_id=186517"},"modified":"2022-01-10T14:36:10","modified_gmt":"2022-01-10T12:36:10","slug":"leichtlast-tragrollen","status":"publish","type":"page","link":"https:\/\/www.manner.fi\/de\/produkte\/leichtlast-tragrollen\/","title":{"rendered":"Leichtlast-Tragrollen"},"content":{"rendered":"<p style=\"text-align: center;\">Unsere Leichtlast-Tragrollen haben sich unter anderem in Brauereien, Molkereien, Gesch\u00e4ften und Lagern bew\u00e4hrt.<\/p>\n<p style=\"text-align: center;\">Die Gabel ist aus verzinktem Pressstahl. Die Kugeln im doppelten Kugellager des Schwenkgelenks sind aus geh\u00e4rtetem Stahl. Auf den wartungsfreien, kugelgelagerten R\u00e4dern lassen sich selbst die schwersten Lasten gut man\u00f6vrieren.<\/p>\n<p style=\"text-align: center;\">Das Manner-Sortiment umfasst eine Vielzahl von Rollenalternativen f\u00fcr die unterschiedlichsten Zwecke. Die Rollen k\u00f6nnen bei ausreichender Bestellmenge an die Farbw\u00fcnsche des Kunden angepasst werden und sind auch in leitf\u00e4higer Ausf\u00fchrung lieferbar.<\/p>\n","protected":false},"excerpt":{"rendered":"<p>Unsere Leichtlast-Tragrollen haben sich unter anderem in Brauereien, Molkereien, Gesch\u00e4ften und Lagern bew\u00e4hrt. Die Gabel ist aus verzinktem Pressstahl. Die Kugeln im doppelten Kugellager des Schwenkgelenks sind aus geh\u00e4rtetem Stahl. Auf den wartungsfreien, kugelgelagerten R\u00e4dern lassen sich selbst die schwersten Lasten gut man\u00f6vrieren. Das Manner-Sortiment umfasst eine Vielzahl von Rollenalternativen f\u00fcr die unterschiedlichsten Zwecke. Die [&hellip;]<\/p>\n","protected":false},"author":1,"featured_media":184727,"parent":3001,"menu_order":0,"comment_status":"closed","ping_status":"closed","template":"","meta":{"_acf_changed":false,"footnotes":""},"class_list":["post-186517","page","type-page","status-publish","has-post-thumbnail","hentry"],"acf":[],"yoast_head":"<!-- This site is optimized with the Yoast SEO plugin v25.2 - https:\/\/yoast.com\/wordpress\/plugins\/seo\/ -->\n<title>Leichtlast-Tragrollen - Manner<\/title>\n<meta name=\"robots\" content=\"index, follow, max-snippet:-1, max-image-preview:large, max-video-preview:-1\" \/>\n<meta property=\"og:locale\" content=\"de_DE\" \/>\n<meta property=\"og:type\" content=\"article\" \/>\n<meta property=\"og:title\" content=\"Leichtlast-Tragrollen - Manner\" \/>\n<meta property=\"og:description\" content=\"Unsere Leichtlast-Tragrollen haben sich unter anderem in Brauereien, Molkereien, Gesch\u00e4ften und Lagern bew\u00e4hrt. Die Gabel ist aus verzinktem Pressstahl. Die Kugeln im doppelten Kugellager des Schwenkgelenks sind aus geh\u00e4rtetem Stahl. Auf den wartungsfreien, kugelgelagerten R\u00e4dern lassen sich selbst die schwersten Lasten gut man\u00f6vrieren. Das Manner-Sortiment umfasst eine Vielzahl von Rollenalternativen f\u00fcr die unterschiedlichsten Zwecke. Die [&hellip;]\" \/>\n<meta property=\"og:url\" content=\"https:\/\/www.manner.fi\/de\/produkte\/leichtlast-tragrollen\/\" \/>\n<meta property=\"og:site_name\" content=\"Manner\" \/>\n<meta property=\"article:modified_time\" content=\"2022-01-10T12:36:10+00:00\" \/>\n<meta property=\"og:image\" content=\"https:\/\/www.manner.fi\/wp-content\/uploads\/2019\/03\/kayttokohteet-logistiikka-1.jpg\" \/>\n\t<meta property=\"og:image:width\" content=\"1600\" \/>\n\t<meta property=\"og:image:height\" content=\"612\" \/>\n\t<meta property=\"og:image:type\" content=\"image\/jpeg\" \/>\n<meta name=\"twitter:card\" content=\"summary_large_image\" \/>\n<script type=\"application\/ld+json\" class=\"yoast-schema-graph\">{\"@context\":\"https:\/\/schema.org\",\"@graph\":[{\"@type\":\"WebPage\",\"@id\":\"https:\/\/www.manner.fi\/de\/produkte\/leichtlast-tragrollen\/\",\"url\":\"https:\/\/www.manner.fi\/de\/produkte\/leichtlast-tragrollen\/\",\"name\":\"Leichtlast-Tragrollen - Manner\",\"isPartOf\":{\"@id\":\"https:\/\/www.manner.fi\/#website\"},\"primaryImageOfPage\":{\"@id\":\"https:\/\/www.manner.fi\/de\/produkte\/leichtlast-tragrollen\/#primaryimage\"},\"image\":{\"@id\":\"https:\/\/www.manner.fi\/de\/produkte\/leichtlast-tragrollen\/#primaryimage\"},\"thumbnailUrl\":\"https:\/\/www.manner.fi\/wp-content\/uploads\/2019\/03\/kayttokohteet-logistiikka-1.jpg\",\"datePublished\":\"2020-06-24T05:26:37+00:00\",\"dateModified\":\"2022-01-10T12:36:10+00:00\",\"breadcrumb\":{\"@id\":\"https:\/\/www.manner.fi\/de\/produkte\/leichtlast-tragrollen\/#breadcrumb\"},\"inLanguage\":\"de\",\"potentialAction\":[{\"@type\":\"ReadAction\",\"target\":[\"https:\/\/www.manner.fi\/de\/produkte\/leichtlast-tragrollen\/\"]}]},{\"@type\":\"ImageObject\",\"inLanguage\":\"de\",\"@id\":\"https:\/\/www.manner.fi\/de\/produkte\/leichtlast-tragrollen\/#primaryimage\",\"url\":\"https:\/\/www.manner.fi\/wp-content\/uploads\/2019\/03\/kayttokohteet-logistiikka-1.jpg\",\"contentUrl\":\"https:\/\/www.manner.fi\/wp-content\/uploads\/2019\/03\/kayttokohteet-logistiikka-1.jpg\",\"width\":1600,\"height\":612,\"caption\":\"Manner industrihjul f\u00f6r logistik\"},{\"@type\":\"BreadcrumbList\",\"@id\":\"https:\/\/www.manner.fi\/de\/produkte\/leichtlast-tragrollen\/#breadcrumb\",\"itemListElement\":[{\"@type\":\"ListItem\",\"position\":1,\"name\":\"Home\",\"item\":\"https:\/\/www.manner.fi\/de\/\"},{\"@type\":\"ListItem\",\"position\":2,\"name\":\"Produkte\",\"item\":\"https:\/\/www.manner.fi\/de\/produkte\/\"},{\"@type\":\"ListItem\",\"position\":3,\"name\":\"Leichtlast-Tragrollen\"}]},{\"@type\":\"WebSite\",\"@id\":\"https:\/\/www.manner.fi\/#website\",\"url\":\"https:\/\/www.manner.fi\/\",\"name\":\"Manner\",\"description\":\"Smart Moves on Manner Castors\",\"potentialAction\":[{\"@type\":\"SearchAction\",\"target\":{\"@type\":\"EntryPoint\",\"urlTemplate\":\"https:\/\/www.manner.fi\/?s={search_term_string}\"},\"query-input\":{\"@type\":\"PropertyValueSpecification\",\"valueRequired\":true,\"valueName\":\"search_term_string\"}}],\"inLanguage\":\"de\"}]}<\/script>\n<!-- \/ Yoast SEO plugin. -->","yoast_head_json":{"title":"Leichtlast-Tragrollen - Manner","robots":{"index":"index","follow":"follow","max-snippet":"max-snippet:-1","max-image-preview":"max-image-preview:large","max-video-preview":"max-video-preview:-1"},"og_locale":"de_DE","og_type":"article","og_title":"Leichtlast-Tragrollen - Manner","og_description":"Unsere Leichtlast-Tragrollen haben sich unter anderem in Brauereien, Molkereien, Gesch\u00e4ften und Lagern bew\u00e4hrt. Die Gabel ist aus verzinktem Pressstahl. Die Kugeln im doppelten Kugellager des Schwenkgelenks sind aus geh\u00e4rtetem Stahl. Auf den wartungsfreien, kugelgelagerten R\u00e4dern lassen sich selbst die schwersten Lasten gut man\u00f6vrieren. Das Manner-Sortiment umfasst eine Vielzahl von Rollenalternativen f\u00fcr die unterschiedlichsten Zwecke. Die [&hellip;]","og_url":"https:\/\/www.manner.fi\/de\/produkte\/leichtlast-tragrollen\/","og_site_name":"Manner","article_modified_time":"2022-01-10T12:36:10+00:00","og_image":[{"width":1600,"height":612,"url":"https:\/\/www.manner.fi\/wp-content\/uploads\/2019\/03\/kayttokohteet-logistiikka-1.jpg","type":"image\/jpeg"}],"twitter_card":"summary_large_image","schema":{"@context":"https:\/\/schema.org","@graph":[{"@type":"WebPage","@id":"https:\/\/www.manner.fi\/de\/produkte\/leichtlast-tragrollen\/","url":"https:\/\/www.manner.fi\/de\/produkte\/leichtlast-tragrollen\/","name":"Leichtlast-Tragrollen - Manner","isPartOf":{"@id":"https:\/\/www.manner.fi\/#website"},"primaryImageOfPage":{"@id":"https:\/\/www.manner.fi\/de\/produkte\/leichtlast-tragrollen\/#primaryimage"},"image":{"@id":"https:\/\/www.manner.fi\/de\/produkte\/leichtlast-tragrollen\/#primaryimage"},"thumbnailUrl":"https:\/\/www.manner.fi\/wp-content\/uploads\/2019\/03\/kayttokohteet-logistiikka-1.jpg","datePublished":"2020-06-24T05:26:37+00:00","dateModified":"2022-01-10T12:36:10+00:00","breadcrumb":{"@id":"https:\/\/www.manner.fi\/de\/produkte\/leichtlast-tragrollen\/#breadcrumb"},"inLanguage":"de","potentialAction":[{"@type":"ReadAction","target":["https:\/\/www.manner.fi\/de\/produkte\/leichtlast-tragrollen\/"]}]},{"@type":"ImageObject","inLanguage":"de","@id":"https:\/\/www.manner.fi\/de\/produkte\/leichtlast-tragrollen\/#primaryimage","url":"https:\/\/www.manner.fi\/wp-content\/uploads\/2019\/03\/kayttokohteet-logistiikka-1.jpg","contentUrl":"https:\/\/www.manner.fi\/wp-content\/uploads\/2019\/03\/kayttokohteet-logistiikka-1.jpg","width":1600,"height":612,"caption":"Manner industrihjul f\u00f6r logistik"},{"@type":"BreadcrumbList","@id":"https:\/\/www.manner.fi\/de\/produkte\/leichtlast-tragrollen\/#breadcrumb","itemListElement":[{"@type":"ListItem","position":1,"name":"Home","item":"https:\/\/www.manner.fi\/de\/"},{"@type":"ListItem","position":2,"name":"Produkte","item":"https:\/\/www.manner.fi\/de\/produkte\/"},{"@type":"ListItem","position":3,"name":"Leichtlast-Tragrollen"}]},{"@type":"WebSite","@id":"https:\/\/www.manner.fi\/#website","url":"https:\/\/www.manner.fi\/","name":"Manner","description":"Smart Moves on Manner Castors","potentialAction":[{"@type":"SearchAction","target":{"@type":"EntryPoint","urlTemplate":"https:\/\/www.manner.fi\/?s={search_term_string}"},"query-input":{"@type":"PropertyValueSpecification","valueRequired":true,"valueName":"search_term_string"}}],"inLanguage":"de"}]}},"_links":{"self":[{"href":"https:\/\/www.manner.fi\/de\/wp-json\/wp\/v2\/pages\/186517","targetHints":{"allow":["GET"]}}],"collection":[{"href":"https:\/\/www.manner.fi\/de\/wp-json\/wp\/v2\/pages"}],"about":[{"href":"https:\/\/www.manner.fi\/de\/wp-json\/wp\/v2\/types\/page"}],"author":[{"embeddable":true,"href":"https:\/\/www.manner.fi\/de\/wp-json\/wp\/v2\/users\/1"}],"replies":[{"embeddable":true,"href":"https:\/\/www.manner.fi\/de\/wp-json\/wp\/v2\/comments?post=186517"}],"version-history":[{"count":2,"href":"https:\/\/www.manner.fi\/de\/wp-json\/wp\/v2\/pages\/186517\/revisions"}],"predecessor-version":[{"id":187910,"href":"https:\/\/www.manner.fi\/de\/wp-json\/wp\/v2\/pages\/186517\/revisions\/187910"}],"up":[{"embeddable":true,"href":"https:\/\/www.manner.fi\/de\/wp-json\/wp\/v2\/pages\/3001"}],"wp:featuredmedia":[{"embeddable":true,"href":"https:\/\/www.manner.fi\/de\/wp-json\/wp\/v2\/media\/184727"}],"wp:attachment":[{"href":"https:\/\/www.manner.fi\/de\/wp-json\/wp\/v2\/media?parent=186517"}],"curies":[{"name":"wp","href":"https:\/\/api.w.org\/{rel}","templated":true}]}}