{"id":186511,"date":"2020-06-23T09:09:56","date_gmt":"2020-06-23T06:09:56","guid":{"rendered":"https:\/\/www.manner.fi\/?page_id=186511"},"modified":"2020-09-15T12:38:29","modified_gmt":"2020-09-15T09:38:29","slug":"apparaterollen-2","status":"publish","type":"page","link":"https:\/\/www.manner.fi\/de\/produkte\/apparaterollen-2\/","title":{"rendered":"Apparaterollen"},"content":{"rendered":"<p style=\"text-align: center;\">Manner-Apparaterollen sind eine Synthese aus perfektem Design, Innovativit\u00e4t, Praxistauglichkeit und Zuverl\u00e4ssigkeit. Die leicht zu man\u00f6vrierenden, wartungsfreien Rollen bestehen aus glasfaserverst\u00e4rktem Polyamid. Dank der verwendeten Materialien und der intelligenten Formgebung sind sie korrosionsresistent und leicht zu reinigen.<\/p>\n<p style=\"text-align: center;\">Die Auswahl umfasst sowohl klassische Einzel- als auch extrabreite Doppelrollen. Das Apparaterollensortiment umfasst die popul\u00e4rsten Manner-Modelle und bietet vielseitige kundenspezifische Anpassungsm\u00f6glichkeiten (Mindestbestellmenge beachten).<\/p>\n<p style=\"text-align: center;\">Zu den Apparaterollen z\u00e4hlen die Serien Tango, Twist und e-SMART.<\/p>\n","protected":false},"excerpt":{"rendered":"<p>Manner-Apparaterollen sind eine Synthese aus perfektem Design, Innovativit\u00e4t, Praxistauglichkeit und Zuverl\u00e4ssigkeit. Die leicht zu man\u00f6vrierenden, wartungsfreien Rollen bestehen aus glasfaserverst\u00e4rktem Polyamid. Dank der verwendeten Materialien und der intelligenten Formgebung sind sie korrosionsresistent und leicht zu reinigen. Die Auswahl umfasst sowohl klassische Einzel- als auch extrabreite Doppelrollen. Das Apparaterollensortiment umfasst die popul\u00e4rsten Manner-Modelle und bietet vielseitige [&hellip;]<\/p>\n","protected":false},"author":1,"featured_media":185975,"parent":3001,"menu_order":0,"comment_status":"closed","ping_status":"closed","template":"","meta":{"_acf_changed":false,"footnotes":""},"class_list":["post-186511","page","type-page","status-publish","has-post-thumbnail","hentry"],"acf":[],"yoast_head":"<!-- This site is optimized with the Yoast SEO plugin v25.2 - https:\/\/yoast.com\/wordpress\/plugins\/seo\/ -->\n<title>Apparaterollen - Manner<\/title>\n<meta name=\"robots\" content=\"index, follow, max-snippet:-1, max-image-preview:large, max-video-preview:-1\" \/>\n<meta property=\"og:locale\" content=\"de_DE\" \/>\n<meta property=\"og:type\" content=\"article\" \/>\n<meta property=\"og:title\" content=\"Apparaterollen - Manner\" \/>\n<meta property=\"og:description\" content=\"Manner-Apparaterollen sind eine Synthese aus perfektem Design, Innovativit\u00e4t, Praxistauglichkeit und Zuverl\u00e4ssigkeit. Die leicht zu man\u00f6vrierenden, wartungsfreien Rollen bestehen aus glasfaserverst\u00e4rktem Polyamid. Dank der verwendeten Materialien und der intelligenten Formgebung sind sie korrosionsresistent und leicht zu reinigen. Die Auswahl umfasst sowohl klassische Einzel- als auch extrabreite Doppelrollen. Das Apparaterollensortiment umfasst die popul\u00e4rsten Manner-Modelle und bietet vielseitige [&hellip;]\" \/>\n<meta property=\"og:url\" content=\"https:\/\/www.manner.fi\/de\/produkte\/apparaterollen-2\/\" \/>\n<meta property=\"og:site_name\" content=\"Manner\" \/>\n<meta property=\"article:modified_time\" content=\"2020-09-15T09:38:29+00:00\" \/>\n<meta property=\"og:image\" content=\"https:\/\/www.manner.fi\/wp-content\/uploads\/2020\/01\/Etac_Tango-sin-scaled.jpg\" \/>\n\t<meta property=\"og:image:width\" content=\"2560\" \/>\n\t<meta property=\"og:image:height\" content=\"1685\" \/>\n\t<meta property=\"og:image:type\" content=\"image\/jpeg\" \/>\n<meta name=\"twitter:card\" content=\"summary_large_image\" \/>\n<script type=\"application\/ld+json\" class=\"yoast-schema-graph\">{\"@context\":\"https:\/\/schema.org\",\"@graph\":[{\"@type\":\"WebPage\",\"@id\":\"https:\/\/www.manner.fi\/de\/produkte\/apparaterollen-2\/\",\"url\":\"https:\/\/www.manner.fi\/de\/produkte\/apparaterollen-2\/\",\"name\":\"Apparaterollen - Manner\",\"isPartOf\":{\"@id\":\"https:\/\/www.manner.fi\/#website\"},\"primaryImageOfPage\":{\"@id\":\"https:\/\/www.manner.fi\/de\/produkte\/apparaterollen-2\/#primaryimage\"},\"image\":{\"@id\":\"https:\/\/www.manner.fi\/de\/produkte\/apparaterollen-2\/#primaryimage\"},\"thumbnailUrl\":\"https:\/\/www.manner.fi\/wp-content\/uploads\/2020\/01\/Etac_Tango-sin-scaled.jpg\",\"datePublished\":\"2020-06-23T06:09:56+00:00\",\"dateModified\":\"2020-09-15T09:38:29+00:00\",\"breadcrumb\":{\"@id\":\"https:\/\/www.manner.fi\/de\/produkte\/apparaterollen-2\/#breadcrumb\"},\"inLanguage\":\"de\",\"potentialAction\":[{\"@type\":\"ReadAction\",\"target\":[\"https:\/\/www.manner.fi\/de\/produkte\/apparaterollen-2\/\"]}]},{\"@type\":\"ImageObject\",\"inLanguage\":\"de\",\"@id\":\"https:\/\/www.manner.fi\/de\/produkte\/apparaterollen-2\/#primaryimage\",\"url\":\"https:\/\/www.manner.fi\/wp-content\/uploads\/2020\/01\/Etac_Tango-sin-scaled.jpg\",\"contentUrl\":\"https:\/\/www.manner.fi\/wp-content\/uploads\/2020\/01\/Etac_Tango-sin-scaled.jpg\",\"width\":2560,\"height\":1685},{\"@type\":\"BreadcrumbList\",\"@id\":\"https:\/\/www.manner.fi\/de\/produkte\/apparaterollen-2\/#breadcrumb\",\"itemListElement\":[{\"@type\":\"ListItem\",\"position\":1,\"name\":\"Home\",\"item\":\"https:\/\/www.manner.fi\/de\/\"},{\"@type\":\"ListItem\",\"position\":2,\"name\":\"Produkte\",\"item\":\"https:\/\/www.manner.fi\/de\/produkte\/\"},{\"@type\":\"ListItem\",\"position\":3,\"name\":\"Apparaterollen\"}]},{\"@type\":\"WebSite\",\"@id\":\"https:\/\/www.manner.fi\/#website\",\"url\":\"https:\/\/www.manner.fi\/\",\"name\":\"Manner\",\"description\":\"Smart Moves on Manner Castors\",\"potentialAction\":[{\"@type\":\"SearchAction\",\"target\":{\"@type\":\"EntryPoint\",\"urlTemplate\":\"https:\/\/www.manner.fi\/?s={search_term_string}\"},\"query-input\":{\"@type\":\"PropertyValueSpecification\",\"valueRequired\":true,\"valueName\":\"search_term_string\"}}],\"inLanguage\":\"de\"}]}<\/script>\n<!-- \/ Yoast SEO plugin. -->","yoast_head_json":{"title":"Apparaterollen - Manner","robots":{"index":"index","follow":"follow","max-snippet":"max-snippet:-1","max-image-preview":"max-image-preview:large","max-video-preview":"max-video-preview:-1"},"og_locale":"de_DE","og_type":"article","og_title":"Apparaterollen - Manner","og_description":"Manner-Apparaterollen sind eine Synthese aus perfektem Design, Innovativit\u00e4t, Praxistauglichkeit und Zuverl\u00e4ssigkeit. Die leicht zu man\u00f6vrierenden, wartungsfreien Rollen bestehen aus glasfaserverst\u00e4rktem Polyamid. Dank der verwendeten Materialien und der intelligenten Formgebung sind sie korrosionsresistent und leicht zu reinigen. Die Auswahl umfasst sowohl klassische Einzel- als auch extrabreite Doppelrollen. Das Apparaterollensortiment umfasst die popul\u00e4rsten Manner-Modelle und bietet vielseitige [&hellip;]","og_url":"https:\/\/www.manner.fi\/de\/produkte\/apparaterollen-2\/","og_site_name":"Manner","article_modified_time":"2020-09-15T09:38:29+00:00","og_image":[{"width":2560,"height":1685,"url":"https:\/\/www.manner.fi\/wp-content\/uploads\/2020\/01\/Etac_Tango-sin-scaled.jpg","type":"image\/jpeg"}],"twitter_card":"summary_large_image","schema":{"@context":"https:\/\/schema.org","@graph":[{"@type":"WebPage","@id":"https:\/\/www.manner.fi\/de\/produkte\/apparaterollen-2\/","url":"https:\/\/www.manner.fi\/de\/produkte\/apparaterollen-2\/","name":"Apparaterollen - Manner","isPartOf":{"@id":"https:\/\/www.manner.fi\/#website"},"primaryImageOfPage":{"@id":"https:\/\/www.manner.fi\/de\/produkte\/apparaterollen-2\/#primaryimage"},"image":{"@id":"https:\/\/www.manner.fi\/de\/produkte\/apparaterollen-2\/#primaryimage"},"thumbnailUrl":"https:\/\/www.manner.fi\/wp-content\/uploads\/2020\/01\/Etac_Tango-sin-scaled.jpg","datePublished":"2020-06-23T06:09:56+00:00","dateModified":"2020-09-15T09:38:29+00:00","breadcrumb":{"@id":"https:\/\/www.manner.fi\/de\/produkte\/apparaterollen-2\/#breadcrumb"},"inLanguage":"de","potentialAction":[{"@type":"ReadAction","target":["https:\/\/www.manner.fi\/de\/produkte\/apparaterollen-2\/"]}]},{"@type":"ImageObject","inLanguage":"de","@id":"https:\/\/www.manner.fi\/de\/produkte\/apparaterollen-2\/#primaryimage","url":"https:\/\/www.manner.fi\/wp-content\/uploads\/2020\/01\/Etac_Tango-sin-scaled.jpg","contentUrl":"https:\/\/www.manner.fi\/wp-content\/uploads\/2020\/01\/Etac_Tango-sin-scaled.jpg","width":2560,"height":1685},{"@type":"BreadcrumbList","@id":"https:\/\/www.manner.fi\/de\/produkte\/apparaterollen-2\/#breadcrumb","itemListElement":[{"@type":"ListItem","position":1,"name":"Home","item":"https:\/\/www.manner.fi\/de\/"},{"@type":"ListItem","position":2,"name":"Produkte","item":"https:\/\/www.manner.fi\/de\/produkte\/"},{"@type":"ListItem","position":3,"name":"Apparaterollen"}]},{"@type":"WebSite","@id":"https:\/\/www.manner.fi\/#website","url":"https:\/\/www.manner.fi\/","name":"Manner","description":"Smart Moves on Manner Castors","potentialAction":[{"@type":"SearchAction","target":{"@type":"EntryPoint","urlTemplate":"https:\/\/www.manner.fi\/?s={search_term_string}"},"query-input":{"@type":"PropertyValueSpecification","valueRequired":true,"valueName":"search_term_string"}}],"inLanguage":"de"}]}},"_links":{"self":[{"href":"https:\/\/www.manner.fi\/de\/wp-json\/wp\/v2\/pages\/186511","targetHints":{"allow":["GET"]}}],"collection":[{"href":"https:\/\/www.manner.fi\/de\/wp-json\/wp\/v2\/pages"}],"about":[{"href":"https:\/\/www.manner.fi\/de\/wp-json\/wp\/v2\/types\/page"}],"author":[{"embeddable":true,"href":"https:\/\/www.manner.fi\/de\/wp-json\/wp\/v2\/users\/1"}],"replies":[{"embeddable":true,"href":"https:\/\/www.manner.fi\/de\/wp-json\/wp\/v2\/comments?post=186511"}],"version-history":[{"count":1,"href":"https:\/\/www.manner.fi\/de\/wp-json\/wp\/v2\/pages\/186511\/revisions"}],"predecessor-version":[{"id":186512,"href":"https:\/\/www.manner.fi\/de\/wp-json\/wp\/v2\/pages\/186511\/revisions\/186512"}],"up":[{"embeddable":true,"href":"https:\/\/www.manner.fi\/de\/wp-json\/wp\/v2\/pages\/3001"}],"wp:featuredmedia":[{"embeddable":true,"href":"https:\/\/www.manner.fi\/de\/wp-json\/wp\/v2\/media\/185975"}],"wp:attachment":[{"href":"https:\/\/www.manner.fi\/de\/wp-json\/wp\/v2\/media?parent=186511"}],"curies":[{"name":"wp","href":"https:\/\/api.w.org\/{rel}","templated":true}]}}