{"id":186509,"date":"2020-06-23T09:02:57","date_gmt":"2020-06-23T06:02:57","guid":{"rendered":"https:\/\/www.manner.fi\/?page_id=186509"},"modified":"2022-01-10T14:13:05","modified_gmt":"2022-01-10T12:13:05","slug":"moebelrollen-2","status":"publish","type":"page","link":"https:\/\/www.manner.fi\/de\/produkte\/moebelrollen-2\/","title":{"rendered":"M\u00f6belrollen"},"content":{"rendered":"<p style=\"text-align: center;\">Das Sortiment von Manner enth\u00e4lt eine gro\u00dfe Bandbreite von hochwertigen, strapazierf\u00e4higen und leichtg\u00e4ngigen M\u00f6belrollen. Unsere eleganten, aber strapazierf\u00e4higen M\u00f6belrollen sind Musterbeispiele f\u00fcr gebrauchsorientiertes Design und kompromisslose Sicherheit.<\/p>\n<p style=\"text-align: center;\">Die Gabel ist aus verzinktem Stahl und es sind mehrere Radalternativen f\u00fcr unterschiedliche Einsatzzwecke und -umgebungen w\u00e4hlbar. Je nach Modell ist die Rolle mit Radfeststeller oder Totalfeststeller lieferbar.<\/p>\n","protected":false},"excerpt":{"rendered":"<p>Das Sortiment von Manner enth\u00e4lt eine gro\u00dfe Bandbreite von hochwertigen, strapazierf\u00e4higen und leichtg\u00e4ngigen M\u00f6belrollen. Unsere eleganten, aber strapazierf\u00e4higen M\u00f6belrollen sind Musterbeispiele f\u00fcr gebrauchsorientiertes Design und kompromisslose Sicherheit. Die Gabel ist aus verzinktem Stahl und es sind mehrere Radalternativen f\u00fcr unterschiedliche Einsatzzwecke und -umgebungen w\u00e4hlbar. Je nach Modell ist die Rolle mit Radfeststeller oder Totalfeststeller lieferbar.<\/p>\n","protected":false},"author":1,"featured_media":186450,"parent":3001,"menu_order":0,"comment_status":"closed","ping_status":"closed","template":"","meta":{"_acf_changed":false,"footnotes":""},"class_list":["post-186509","page","type-page","status-publish","has-post-thumbnail","hentry"],"acf":[],"yoast_head":"<!-- This site is optimized with the Yoast SEO plugin v25.2 - https:\/\/yoast.com\/wordpress\/plugins\/seo\/ -->\n<title>M\u00f6belrollen - Manner<\/title>\n<meta name=\"robots\" content=\"index, follow, max-snippet:-1, max-image-preview:large, max-video-preview:-1\" \/>\n<meta property=\"og:locale\" content=\"de_DE\" \/>\n<meta property=\"og:type\" content=\"article\" \/>\n<meta property=\"og:title\" content=\"M\u00f6belrollen - Manner\" \/>\n<meta property=\"og:description\" content=\"Das Sortiment von Manner enth\u00e4lt eine gro\u00dfe Bandbreite von hochwertigen, strapazierf\u00e4higen und leichtg\u00e4ngigen M\u00f6belrollen. Unsere eleganten, aber strapazierf\u00e4higen M\u00f6belrollen sind Musterbeispiele f\u00fcr gebrauchsorientiertes Design und kompromisslose Sicherheit. Die Gabel ist aus verzinktem Stahl und es sind mehrere Radalternativen f\u00fcr unterschiedliche Einsatzzwecke und -umgebungen w\u00e4hlbar. Je nach Modell ist die Rolle mit Radfeststeller oder Totalfeststeller lieferbar.\" \/>\n<meta property=\"og:url\" content=\"https:\/\/www.manner.fi\/de\/produkte\/moebelrollen-2\/\" \/>\n<meta property=\"og:site_name\" content=\"Manner\" \/>\n<meta property=\"article:modified_time\" content=\"2022-01-10T12:13:05+00:00\" \/>\n<meta property=\"og:image\" content=\"https:\/\/www.manner.fi\/wp-content\/uploads\/2020\/06\/tuotteet_kalustepyorat_hero-3.jpg\" \/>\n\t<meta property=\"og:image:width\" content=\"1600\" \/>\n\t<meta property=\"og:image:height\" content=\"612\" \/>\n\t<meta property=\"og:image:type\" content=\"image\/jpeg\" \/>\n<meta name=\"twitter:card\" content=\"summary_large_image\" \/>\n<script type=\"application\/ld+json\" class=\"yoast-schema-graph\">{\"@context\":\"https:\/\/schema.org\",\"@graph\":[{\"@type\":\"WebPage\",\"@id\":\"https:\/\/www.manner.fi\/de\/produkte\/moebelrollen-2\/\",\"url\":\"https:\/\/www.manner.fi\/de\/produkte\/moebelrollen-2\/\",\"name\":\"M\u00f6belrollen - Manner\",\"isPartOf\":{\"@id\":\"https:\/\/www.manner.fi\/#website\"},\"primaryImageOfPage\":{\"@id\":\"https:\/\/www.manner.fi\/de\/produkte\/moebelrollen-2\/#primaryimage\"},\"image\":{\"@id\":\"https:\/\/www.manner.fi\/de\/produkte\/moebelrollen-2\/#primaryimage\"},\"thumbnailUrl\":\"https:\/\/www.manner.fi\/wp-content\/uploads\/2020\/06\/tuotteet_kalustepyorat_hero-3.jpg\",\"datePublished\":\"2020-06-23T06:02:57+00:00\",\"dateModified\":\"2022-01-10T12:13:05+00:00\",\"breadcrumb\":{\"@id\":\"https:\/\/www.manner.fi\/de\/produkte\/moebelrollen-2\/#breadcrumb\"},\"inLanguage\":\"de\",\"potentialAction\":[{\"@type\":\"ReadAction\",\"target\":[\"https:\/\/www.manner.fi\/de\/produkte\/moebelrollen-2\/\"]}]},{\"@type\":\"ImageObject\",\"inLanguage\":\"de\",\"@id\":\"https:\/\/www.manner.fi\/de\/produkte\/moebelrollen-2\/#primaryimage\",\"url\":\"https:\/\/www.manner.fi\/wp-content\/uploads\/2020\/06\/tuotteet_kalustepyorat_hero-3.jpg\",\"contentUrl\":\"https:\/\/www.manner.fi\/wp-content\/uploads\/2020\/06\/tuotteet_kalustepyorat_hero-3.jpg\",\"width\":1600,\"height\":612},{\"@type\":\"BreadcrumbList\",\"@id\":\"https:\/\/www.manner.fi\/de\/produkte\/moebelrollen-2\/#breadcrumb\",\"itemListElement\":[{\"@type\":\"ListItem\",\"position\":1,\"name\":\"Home\",\"item\":\"https:\/\/www.manner.fi\/de\/\"},{\"@type\":\"ListItem\",\"position\":2,\"name\":\"Produkte\",\"item\":\"https:\/\/www.manner.fi\/de\/produkte\/\"},{\"@type\":\"ListItem\",\"position\":3,\"name\":\"M\u00f6belrollen\"}]},{\"@type\":\"WebSite\",\"@id\":\"https:\/\/www.manner.fi\/#website\",\"url\":\"https:\/\/www.manner.fi\/\",\"name\":\"Manner\",\"description\":\"Smart Moves on Manner Castors\",\"potentialAction\":[{\"@type\":\"SearchAction\",\"target\":{\"@type\":\"EntryPoint\",\"urlTemplate\":\"https:\/\/www.manner.fi\/?s={search_term_string}\"},\"query-input\":{\"@type\":\"PropertyValueSpecification\",\"valueRequired\":true,\"valueName\":\"search_term_string\"}}],\"inLanguage\":\"de\"}]}<\/script>\n<!-- \/ Yoast SEO plugin. -->","yoast_head_json":{"title":"M\u00f6belrollen - Manner","robots":{"index":"index","follow":"follow","max-snippet":"max-snippet:-1","max-image-preview":"max-image-preview:large","max-video-preview":"max-video-preview:-1"},"og_locale":"de_DE","og_type":"article","og_title":"M\u00f6belrollen - Manner","og_description":"Das Sortiment von Manner enth\u00e4lt eine gro\u00dfe Bandbreite von hochwertigen, strapazierf\u00e4higen und leichtg\u00e4ngigen M\u00f6belrollen. Unsere eleganten, aber strapazierf\u00e4higen M\u00f6belrollen sind Musterbeispiele f\u00fcr gebrauchsorientiertes Design und kompromisslose Sicherheit. Die Gabel ist aus verzinktem Stahl und es sind mehrere Radalternativen f\u00fcr unterschiedliche Einsatzzwecke und -umgebungen w\u00e4hlbar. Je nach Modell ist die Rolle mit Radfeststeller oder Totalfeststeller lieferbar.","og_url":"https:\/\/www.manner.fi\/de\/produkte\/moebelrollen-2\/","og_site_name":"Manner","article_modified_time":"2022-01-10T12:13:05+00:00","og_image":[{"width":1600,"height":612,"url":"https:\/\/www.manner.fi\/wp-content\/uploads\/2020\/06\/tuotteet_kalustepyorat_hero-3.jpg","type":"image\/jpeg"}],"twitter_card":"summary_large_image","schema":{"@context":"https:\/\/schema.org","@graph":[{"@type":"WebPage","@id":"https:\/\/www.manner.fi\/de\/produkte\/moebelrollen-2\/","url":"https:\/\/www.manner.fi\/de\/produkte\/moebelrollen-2\/","name":"M\u00f6belrollen - Manner","isPartOf":{"@id":"https:\/\/www.manner.fi\/#website"},"primaryImageOfPage":{"@id":"https:\/\/www.manner.fi\/de\/produkte\/moebelrollen-2\/#primaryimage"},"image":{"@id":"https:\/\/www.manner.fi\/de\/produkte\/moebelrollen-2\/#primaryimage"},"thumbnailUrl":"https:\/\/www.manner.fi\/wp-content\/uploads\/2020\/06\/tuotteet_kalustepyorat_hero-3.jpg","datePublished":"2020-06-23T06:02:57+00:00","dateModified":"2022-01-10T12:13:05+00:00","breadcrumb":{"@id":"https:\/\/www.manner.fi\/de\/produkte\/moebelrollen-2\/#breadcrumb"},"inLanguage":"de","potentialAction":[{"@type":"ReadAction","target":["https:\/\/www.manner.fi\/de\/produkte\/moebelrollen-2\/"]}]},{"@type":"ImageObject","inLanguage":"de","@id":"https:\/\/www.manner.fi\/de\/produkte\/moebelrollen-2\/#primaryimage","url":"https:\/\/www.manner.fi\/wp-content\/uploads\/2020\/06\/tuotteet_kalustepyorat_hero-3.jpg","contentUrl":"https:\/\/www.manner.fi\/wp-content\/uploads\/2020\/06\/tuotteet_kalustepyorat_hero-3.jpg","width":1600,"height":612},{"@type":"BreadcrumbList","@id":"https:\/\/www.manner.fi\/de\/produkte\/moebelrollen-2\/#breadcrumb","itemListElement":[{"@type":"ListItem","position":1,"name":"Home","item":"https:\/\/www.manner.fi\/de\/"},{"@type":"ListItem","position":2,"name":"Produkte","item":"https:\/\/www.manner.fi\/de\/produkte\/"},{"@type":"ListItem","position":3,"name":"M\u00f6belrollen"}]},{"@type":"WebSite","@id":"https:\/\/www.manner.fi\/#website","url":"https:\/\/www.manner.fi\/","name":"Manner","description":"Smart Moves on Manner Castors","potentialAction":[{"@type":"SearchAction","target":{"@type":"EntryPoint","urlTemplate":"https:\/\/www.manner.fi\/?s={search_term_string}"},"query-input":{"@type":"PropertyValueSpecification","valueRequired":true,"valueName":"search_term_string"}}],"inLanguage":"de"}]}},"_links":{"self":[{"href":"https:\/\/www.manner.fi\/de\/wp-json\/wp\/v2\/pages\/186509","targetHints":{"allow":["GET"]}}],"collection":[{"href":"https:\/\/www.manner.fi\/de\/wp-json\/wp\/v2\/pages"}],"about":[{"href":"https:\/\/www.manner.fi\/de\/wp-json\/wp\/v2\/types\/page"}],"author":[{"embeddable":true,"href":"https:\/\/www.manner.fi\/de\/wp-json\/wp\/v2\/users\/1"}],"replies":[{"embeddable":true,"href":"https:\/\/www.manner.fi\/de\/wp-json\/wp\/v2\/comments?post=186509"}],"version-history":[{"count":5,"href":"https:\/\/www.manner.fi\/de\/wp-json\/wp\/v2\/pages\/186509\/revisions"}],"predecessor-version":[{"id":187891,"href":"https:\/\/www.manner.fi\/de\/wp-json\/wp\/v2\/pages\/186509\/revisions\/187891"}],"up":[{"embeddable":true,"href":"https:\/\/www.manner.fi\/de\/wp-json\/wp\/v2\/pages\/3001"}],"wp:featuredmedia":[{"embeddable":true,"href":"https:\/\/www.manner.fi\/de\/wp-json\/wp\/v2\/media\/186450"}],"wp:attachment":[{"href":"https:\/\/www.manner.fi\/de\/wp-json\/wp\/v2\/media?parent=186509"}],"curies":[{"name":"wp","href":"https:\/\/api.w.org\/{rel}","templated":true}]}}