{"id":184436,"date":"2019-03-08T16:03:14","date_gmt":"2019-03-08T14:03:14","guid":{"rendered":"https:\/\/www.manner.fi\/sv-otsikkokaannos-puuttuu-manner-helpottaa-teknoscalen-arkea\/"},"modified":"2019-03-22T11:58:33","modified_gmt":"2019-03-22T09:58:33","slug":"manner-bringt-teknoscale-ins-rollen","status":"publish","type":"page","link":"https:\/\/www.manner.fi\/de\/manner-bringt-teknoscale-ins-rollen\/","title":{"rendered":"Manner bringt Teknoscale ins Rollen"},"content":{"rendered":"<p class=\"p1\" style=\"text-align: center;\"><span class=\"s1\">Teknoscale Oy ist ein finnisches Technologieunternehmen, das sich bereits seit 25 Jahren auf die Entwicklung und Herstellung hochpr\u00e4ziser Radlastwaagen spezialisiert hat. Unsere Produkte werden u.a. f\u00fcr beh\u00f6rdliche Ladegewichtskontrollen im Stra\u00dfentransport und zum Wiegen von Flugzeugen eingesetzt. Hersteller von Schwerlastfahrzeugen nutzen sie zur Pr\u00fcfung der Achslasten und im Bootsbau spielen sie eine wichtige Rolle bei der Definition von Masse und Schwerpunkt. Die exakten, benutzerfreundlichen und extrem strapazierf\u00e4higen Waagensysteme von Teknoscale genie\u00dfen weltweit einen hervorragenden Ruf.<\/span><\/p>\n<p style=\"text-align: center;\"><a class=\"read-more\" href=\"https:\/\/www.teknoscale.com\/de\/\" target=\"_blank\" rel=\"noopener\">Mehr \u00fcber Technoscale<\/a><\/p>\n","protected":false},"excerpt":{"rendered":"<p>Teknoscale Oy ist ein finnisches Technologieunternehmen, das sich bereits seit 25 Jahren auf die Entwicklung und Herstellung hochpr\u00e4ziser Radlastwaagen spezialisiert hat. Unsere Produkte werden u.a. f\u00fcr beh\u00f6rdliche Ladegewichtskontrollen im Stra\u00dfentransport und zum Wiegen von Flugzeugen eingesetzt. Hersteller von Schwerlastfahrzeugen nutzen sie zur Pr\u00fcfung der Achslasten und im Bootsbau spielen sie eine wichtige Rolle bei der [&hellip;]<\/p>\n","protected":false},"author":1,"featured_media":184414,"parent":0,"menu_order":0,"comment_status":"closed","ping_status":"closed","template":"reference.php","meta":{"_acf_changed":false,"footnotes":""},"class_list":["post-184436","page","type-page","status-publish","has-post-thumbnail","hentry"],"acf":[],"yoast_head":"<!-- This site is optimized with the Yoast SEO plugin v25.2 - https:\/\/yoast.com\/wordpress\/plugins\/seo\/ -->\n<title>Manner bringt Teknoscale ins Rollen - Manner<\/title>\n<meta name=\"robots\" content=\"index, follow, max-snippet:-1, max-image-preview:large, max-video-preview:-1\" \/>\n<meta property=\"og:locale\" content=\"de_DE\" \/>\n<meta property=\"og:type\" content=\"article\" \/>\n<meta property=\"og:title\" content=\"Manner bringt Teknoscale ins Rollen - Manner\" \/>\n<meta property=\"og:description\" content=\"Teknoscale Oy ist ein finnisches Technologieunternehmen, das sich bereits seit 25 Jahren auf die Entwicklung und Herstellung hochpr\u00e4ziser Radlastwaagen spezialisiert hat. Unsere Produkte werden u.a. f\u00fcr beh\u00f6rdliche Ladegewichtskontrollen im Stra\u00dfentransport und zum Wiegen von Flugzeugen eingesetzt. Hersteller von Schwerlastfahrzeugen nutzen sie zur Pr\u00fcfung der Achslasten und im Bootsbau spielen sie eine wichtige Rolle bei der [&hellip;]\" \/>\n<meta property=\"og:url\" content=\"https:\/\/www.manner.fi\/de\/manner-bringt-teknoscale-ins-rollen\/\" \/>\n<meta property=\"og:site_name\" content=\"Manner\" \/>\n<meta property=\"article:modified_time\" content=\"2019-03-22T09:58:33+00:00\" \/>\n<meta property=\"og:image\" content=\"https:\/\/www.manner.fi\/wp-content\/uploads\/2019\/03\/teknoscale_hero.jpg\" \/>\n\t<meta property=\"og:image:width\" content=\"1600\" \/>\n\t<meta property=\"og:image:height\" content=\"609\" \/>\n\t<meta property=\"og:image:type\" content=\"image\/jpeg\" \/>\n<meta name=\"twitter:card\" content=\"summary_large_image\" \/>\n<script type=\"application\/ld+json\" class=\"yoast-schema-graph\">{\"@context\":\"https:\/\/schema.org\",\"@graph\":[{\"@type\":\"WebPage\",\"@id\":\"https:\/\/www.manner.fi\/de\/manner-bringt-teknoscale-ins-rollen\/\",\"url\":\"https:\/\/www.manner.fi\/de\/manner-bringt-teknoscale-ins-rollen\/\",\"name\":\"Manner bringt Teknoscale ins Rollen - Manner\",\"isPartOf\":{\"@id\":\"https:\/\/www.manner.fi\/#website\"},\"primaryImageOfPage\":{\"@id\":\"https:\/\/www.manner.fi\/de\/manner-bringt-teknoscale-ins-rollen\/#primaryimage\"},\"image\":{\"@id\":\"https:\/\/www.manner.fi\/de\/manner-bringt-teknoscale-ins-rollen\/#primaryimage\"},\"thumbnailUrl\":\"https:\/\/www.manner.fi\/wp-content\/uploads\/2019\/03\/teknoscale_hero.jpg\",\"datePublished\":\"2019-03-08T14:03:14+00:00\",\"dateModified\":\"2019-03-22T09:58:33+00:00\",\"breadcrumb\":{\"@id\":\"https:\/\/www.manner.fi\/de\/manner-bringt-teknoscale-ins-rollen\/#breadcrumb\"},\"inLanguage\":\"de\",\"potentialAction\":[{\"@type\":\"ReadAction\",\"target\":[\"https:\/\/www.manner.fi\/de\/manner-bringt-teknoscale-ins-rollen\/\"]}]},{\"@type\":\"ImageObject\",\"inLanguage\":\"de\",\"@id\":\"https:\/\/www.manner.fi\/de\/manner-bringt-teknoscale-ins-rollen\/#primaryimage\",\"url\":\"https:\/\/www.manner.fi\/wp-content\/uploads\/2019\/03\/teknoscale_hero.jpg\",\"contentUrl\":\"https:\/\/www.manner.fi\/wp-content\/uploads\/2019\/03\/teknoscale_hero.jpg\",\"width\":1600,\"height\":609},{\"@type\":\"BreadcrumbList\",\"@id\":\"https:\/\/www.manner.fi\/de\/manner-bringt-teknoscale-ins-rollen\/#breadcrumb\",\"itemListElement\":[{\"@type\":\"ListItem\",\"position\":1,\"name\":\"Home\",\"item\":\"https:\/\/www.manner.fi\/de\/\"},{\"@type\":\"ListItem\",\"position\":2,\"name\":\"Manner bringt Teknoscale ins Rollen\"}]},{\"@type\":\"WebSite\",\"@id\":\"https:\/\/www.manner.fi\/#website\",\"url\":\"https:\/\/www.manner.fi\/\",\"name\":\"Manner\",\"description\":\"Smart Moves on Manner Castors\",\"potentialAction\":[{\"@type\":\"SearchAction\",\"target\":{\"@type\":\"EntryPoint\",\"urlTemplate\":\"https:\/\/www.manner.fi\/?s={search_term_string}\"},\"query-input\":{\"@type\":\"PropertyValueSpecification\",\"valueRequired\":true,\"valueName\":\"search_term_string\"}}],\"inLanguage\":\"de\"}]}<\/script>\n<!-- \/ Yoast SEO plugin. -->","yoast_head_json":{"title":"Manner bringt Teknoscale ins Rollen - Manner","robots":{"index":"index","follow":"follow","max-snippet":"max-snippet:-1","max-image-preview":"max-image-preview:large","max-video-preview":"max-video-preview:-1"},"og_locale":"de_DE","og_type":"article","og_title":"Manner bringt Teknoscale ins Rollen - Manner","og_description":"Teknoscale Oy ist ein finnisches Technologieunternehmen, das sich bereits seit 25 Jahren auf die Entwicklung und Herstellung hochpr\u00e4ziser Radlastwaagen spezialisiert hat. Unsere Produkte werden u.a. f\u00fcr beh\u00f6rdliche Ladegewichtskontrollen im Stra\u00dfentransport und zum Wiegen von Flugzeugen eingesetzt. Hersteller von Schwerlastfahrzeugen nutzen sie zur Pr\u00fcfung der Achslasten und im Bootsbau spielen sie eine wichtige Rolle bei der [&hellip;]","og_url":"https:\/\/www.manner.fi\/de\/manner-bringt-teknoscale-ins-rollen\/","og_site_name":"Manner","article_modified_time":"2019-03-22T09:58:33+00:00","og_image":[{"width":1600,"height":609,"url":"https:\/\/www.manner.fi\/wp-content\/uploads\/2019\/03\/teknoscale_hero.jpg","type":"image\/jpeg"}],"twitter_card":"summary_large_image","schema":{"@context":"https:\/\/schema.org","@graph":[{"@type":"WebPage","@id":"https:\/\/www.manner.fi\/de\/manner-bringt-teknoscale-ins-rollen\/","url":"https:\/\/www.manner.fi\/de\/manner-bringt-teknoscale-ins-rollen\/","name":"Manner bringt Teknoscale ins Rollen - Manner","isPartOf":{"@id":"https:\/\/www.manner.fi\/#website"},"primaryImageOfPage":{"@id":"https:\/\/www.manner.fi\/de\/manner-bringt-teknoscale-ins-rollen\/#primaryimage"},"image":{"@id":"https:\/\/www.manner.fi\/de\/manner-bringt-teknoscale-ins-rollen\/#primaryimage"},"thumbnailUrl":"https:\/\/www.manner.fi\/wp-content\/uploads\/2019\/03\/teknoscale_hero.jpg","datePublished":"2019-03-08T14:03:14+00:00","dateModified":"2019-03-22T09:58:33+00:00","breadcrumb":{"@id":"https:\/\/www.manner.fi\/de\/manner-bringt-teknoscale-ins-rollen\/#breadcrumb"},"inLanguage":"de","potentialAction":[{"@type":"ReadAction","target":["https:\/\/www.manner.fi\/de\/manner-bringt-teknoscale-ins-rollen\/"]}]},{"@type":"ImageObject","inLanguage":"de","@id":"https:\/\/www.manner.fi\/de\/manner-bringt-teknoscale-ins-rollen\/#primaryimage","url":"https:\/\/www.manner.fi\/wp-content\/uploads\/2019\/03\/teknoscale_hero.jpg","contentUrl":"https:\/\/www.manner.fi\/wp-content\/uploads\/2019\/03\/teknoscale_hero.jpg","width":1600,"height":609},{"@type":"BreadcrumbList","@id":"https:\/\/www.manner.fi\/de\/manner-bringt-teknoscale-ins-rollen\/#breadcrumb","itemListElement":[{"@type":"ListItem","position":1,"name":"Home","item":"https:\/\/www.manner.fi\/de\/"},{"@type":"ListItem","position":2,"name":"Manner bringt Teknoscale ins Rollen"}]},{"@type":"WebSite","@id":"https:\/\/www.manner.fi\/#website","url":"https:\/\/www.manner.fi\/","name":"Manner","description":"Smart Moves on Manner Castors","potentialAction":[{"@type":"SearchAction","target":{"@type":"EntryPoint","urlTemplate":"https:\/\/www.manner.fi\/?s={search_term_string}"},"query-input":{"@type":"PropertyValueSpecification","valueRequired":true,"valueName":"search_term_string"}}],"inLanguage":"de"}]}},"_links":{"self":[{"href":"https:\/\/www.manner.fi\/de\/wp-json\/wp\/v2\/pages\/184436","targetHints":{"allow":["GET"]}}],"collection":[{"href":"https:\/\/www.manner.fi\/de\/wp-json\/wp\/v2\/pages"}],"about":[{"href":"https:\/\/www.manner.fi\/de\/wp-json\/wp\/v2\/types\/page"}],"author":[{"embeddable":true,"href":"https:\/\/www.manner.fi\/de\/wp-json\/wp\/v2\/users\/1"}],"replies":[{"embeddable":true,"href":"https:\/\/www.manner.fi\/de\/wp-json\/wp\/v2\/comments?post=184436"}],"version-history":[{"count":13,"href":"https:\/\/www.manner.fi\/de\/wp-json\/wp\/v2\/pages\/184436\/revisions"}],"predecessor-version":[{"id":184675,"href":"https:\/\/www.manner.fi\/de\/wp-json\/wp\/v2\/pages\/184436\/revisions\/184675"}],"wp:featuredmedia":[{"embeddable":true,"href":"https:\/\/www.manner.fi\/de\/wp-json\/wp\/v2\/media\/184414"}],"wp:attachment":[{"href":"https:\/\/www.manner.fi\/de\/wp-json\/wp\/v2\/media?parent=184436"}],"curies":[{"name":"wp","href":"https:\/\/api.w.org\/{rel}","templated":true}]}}