{"id":184368,"date":"2019-03-15T10:54:05","date_gmt":"2019-03-15T08:54:05","guid":{"rendered":"https:\/\/www.manner.fi\/?page_id=184368"},"modified":"2022-10-26T12:31:48","modified_gmt":"2022-10-26T09:31:48","slug":"twist","status":"publish","type":"page","link":"https:\/\/www.manner.fi\/de\/produkte\/twist\/","title":{"rendered":"Twist"},"content":{"rendered":"<div style=\"width: 1920px;\" class=\"wp-video\"><video class=\"wp-video-shortcode\" id=\"video-184368-1\" width=\"1920\" height=\"1080\" preload=\"metadata\" controls=\"controls\"><source type=\"video\/mp4\" src=\"https:\/\/www.manner.fi\/wp-content\/uploads\/2021\/12\/Manner_Twist_Tuotevideo_GER_12-2021.mp4?_=1\" \/><a href=\"https:\/\/www.manner.fi\/wp-content\/uploads\/2021\/12\/Manner_Twist_Tuotevideo_GER_12-2021.mp4\">https:\/\/www.manner.fi\/wp-content\/uploads\/2021\/12\/Manner_Twist_Tuotevideo_GER_12-2021.mp4<\/a><\/video><\/div>\n<h3>Die wendige Twist-Doppelrolle ist trotz ihrer enormen Stabilit\u00e4t und Tragkraft au\u00dfergew\u00f6hnlich leichtg\u00e4ngig<\/h3>\n<p>Ihr hervorstechendes Merkmal ist das intuitive, bequem zu bedienende Bremspedal, dessen Position jederzeit klar erkennbar ist. Das Rad ist in zwei Konstruktionsh\u00f6hen erh\u00e4ltlich, um den Anforderungen unterschiedlicher Kundengruppen und Ger\u00e4tetypen gerecht zu werden.<\/p>\n<p>Das zeitlose, hygieneoptimierte Qualit\u00e4tsdesign von Twist f\u00fcgt sich perfekt in klinische Umgebungen ein. Die Standardfarbe ist hellgrau (RAL 7035) mit rotem Pedal. Bei gr\u00f6\u00dferen Bestellmengen k\u00f6nnen auch spezielle Farbw\u00fcnsche des Kunden realisiert werden. Dar\u00fcber hinaus bietet Twist vielseitige M\u00f6glichkeiten f\u00fcr die kundenspezifischen Anpassung: Beispielsweise k\u00f6nnen die Farben von Geh\u00e4use, Pedal, Radk\u00f6rper und Achskappe frei gew\u00e4hlt und das Logo des Kunden aufgedruckt werden.<\/p>\n<p>Die Twist-Rolle ist in leitf\u00e4higer sowie in rostfreier Ausf\u00fchrung erh\u00e4ltlich. Bei der Neuheit handelt es um eine Lenkrolle, die alternativ mit Total-, Richtungs- oder auch ohne Feststeller erh\u00e4ltlich ist.<\/p>\n<p>Lernen Sie auch die \u00fcbrigen Apparaterollen von Manner kennen, beispielsweise <a href=\"https:\/\/www.manner.fi\/de\/produkte\/tango\/\">Tango<\/a> und <a href=\"https:\/\/www.manner.fi\/de\/produkte\/e-smart\/\">e-SMART<\/a>.<\/p>\n<p style=\"text-align: center;\">\n","protected":false},"excerpt":{"rendered":"<p>Die wendige Twist-Doppelrolle ist trotz ihrer enormen Stabilit\u00e4t und Tragkraft au\u00dfergew\u00f6hnlich leichtg\u00e4ngig Ihr hervorstechendes Merkmal ist das intuitive, bequem zu bedienende Bremspedal, dessen Position jederzeit klar erkennbar ist. Das Rad ist in zwei Konstruktionsh\u00f6hen erh\u00e4ltlich, um den Anforderungen unterschiedlicher Kundengruppen und Ger\u00e4tetypen gerecht zu werden. Das zeitlose, hygieneoptimierte Qualit\u00e4tsdesign von Twist f\u00fcgt sich perfekt in [&hellip;]<\/p>\n","protected":false},"author":1,"featured_media":185739,"parent":3001,"menu_order":0,"comment_status":"closed","ping_status":"closed","template":"","meta":{"_acf_changed":false,"footnotes":""},"class_list":["post-184368","page","type-page","status-publish","has-post-thumbnail","hentry"],"acf":[],"yoast_head":"<!-- This site is optimized with the Yoast SEO plugin v25.2 - https:\/\/yoast.com\/wordpress\/plugins\/seo\/ -->\n<title>Twist - Manner<\/title>\n<meta name=\"robots\" content=\"index, follow, max-snippet:-1, max-image-preview:large, max-video-preview:-1\" \/>\n<meta property=\"og:locale\" content=\"de_DE\" \/>\n<meta property=\"og:type\" content=\"article\" \/>\n<meta property=\"og:title\" content=\"Twist - Manner\" \/>\n<meta property=\"og:description\" content=\"Die wendige Twist-Doppelrolle ist trotz ihrer enormen Stabilit\u00e4t und Tragkraft au\u00dfergew\u00f6hnlich leichtg\u00e4ngig Ihr hervorstechendes Merkmal ist das intuitive, bequem zu bedienende Bremspedal, dessen Position jederzeit klar erkennbar ist. Das Rad ist in zwei Konstruktionsh\u00f6hen erh\u00e4ltlich, um den Anforderungen unterschiedlicher Kundengruppen und Ger\u00e4tetypen gerecht zu werden. Das zeitlose, hygieneoptimierte Qualit\u00e4tsdesign von Twist f\u00fcgt sich perfekt in [&hellip;]\" \/>\n<meta property=\"og:url\" content=\"https:\/\/www.manner.fi\/de\/produkte\/twist\/\" \/>\n<meta property=\"og:site_name\" content=\"Manner\" \/>\n<meta property=\"article:modified_time\" content=\"2022-10-26T09:31:48+00:00\" \/>\n<meta property=\"og:image\" content=\"https:\/\/www.manner.fi\/wp-content\/uploads\/2019\/11\/twist_frontpage_hero_2.jpg\" \/>\n\t<meta property=\"og:image:width\" content=\"1600\" \/>\n\t<meta property=\"og:image:height\" content=\"927\" \/>\n\t<meta property=\"og:image:type\" content=\"image\/jpeg\" \/>\n<meta name=\"twitter:card\" content=\"summary_large_image\" \/>\n<meta name=\"twitter:label1\" content=\"Gesch\u00e4tzte Lesezeit\" \/>\n\t<meta name=\"twitter:data1\" content=\"1\u00a0Minute\" \/>\n<script type=\"application\/ld+json\" class=\"yoast-schema-graph\">{\"@context\":\"https:\/\/schema.org\",\"@graph\":[{\"@type\":\"WebPage\",\"@id\":\"https:\/\/www.manner.fi\/de\/produkte\/twist\/\",\"url\":\"https:\/\/www.manner.fi\/de\/produkte\/twist\/\",\"name\":\"Twist - Manner\",\"isPartOf\":{\"@id\":\"https:\/\/www.manner.fi\/#website\"},\"primaryImageOfPage\":{\"@id\":\"https:\/\/www.manner.fi\/de\/produkte\/twist\/#primaryimage\"},\"image\":{\"@id\":\"https:\/\/www.manner.fi\/de\/produkte\/twist\/#primaryimage\"},\"thumbnailUrl\":\"https:\/\/www.manner.fi\/wp-content\/uploads\/2019\/11\/twist_frontpage_hero_2.jpg\",\"datePublished\":\"2019-03-15T08:54:05+00:00\",\"dateModified\":\"2022-10-26T09:31:48+00:00\",\"breadcrumb\":{\"@id\":\"https:\/\/www.manner.fi\/de\/produkte\/twist\/#breadcrumb\"},\"inLanguage\":\"de\",\"potentialAction\":[{\"@type\":\"ReadAction\",\"target\":[\"https:\/\/www.manner.fi\/de\/produkte\/twist\/\"]}]},{\"@type\":\"ImageObject\",\"inLanguage\":\"de\",\"@id\":\"https:\/\/www.manner.fi\/de\/produkte\/twist\/#primaryimage\",\"url\":\"https:\/\/www.manner.fi\/wp-content\/uploads\/2019\/11\/twist_frontpage_hero_2.jpg\",\"contentUrl\":\"https:\/\/www.manner.fi\/wp-content\/uploads\/2019\/11\/twist_frontpage_hero_2.jpg\",\"width\":1600,\"height\":927},{\"@type\":\"BreadcrumbList\",\"@id\":\"https:\/\/www.manner.fi\/de\/produkte\/twist\/#breadcrumb\",\"itemListElement\":[{\"@type\":\"ListItem\",\"position\":1,\"name\":\"Home\",\"item\":\"https:\/\/www.manner.fi\/de\/\"},{\"@type\":\"ListItem\",\"position\":2,\"name\":\"Produkte\",\"item\":\"https:\/\/www.manner.fi\/de\/produkte\/\"},{\"@type\":\"ListItem\",\"position\":3,\"name\":\"Twist\"}]},{\"@type\":\"WebSite\",\"@id\":\"https:\/\/www.manner.fi\/#website\",\"url\":\"https:\/\/www.manner.fi\/\",\"name\":\"Manner\",\"description\":\"Smart Moves on Manner Castors\",\"potentialAction\":[{\"@type\":\"SearchAction\",\"target\":{\"@type\":\"EntryPoint\",\"urlTemplate\":\"https:\/\/www.manner.fi\/?s={search_term_string}\"},\"query-input\":{\"@type\":\"PropertyValueSpecification\",\"valueRequired\":true,\"valueName\":\"search_term_string\"}}],\"inLanguage\":\"de\"}]}<\/script>\n<!-- \/ Yoast SEO plugin. -->","yoast_head_json":{"title":"Twist - Manner","robots":{"index":"index","follow":"follow","max-snippet":"max-snippet:-1","max-image-preview":"max-image-preview:large","max-video-preview":"max-video-preview:-1"},"og_locale":"de_DE","og_type":"article","og_title":"Twist - Manner","og_description":"Die wendige Twist-Doppelrolle ist trotz ihrer enormen Stabilit\u00e4t und Tragkraft au\u00dfergew\u00f6hnlich leichtg\u00e4ngig Ihr hervorstechendes Merkmal ist das intuitive, bequem zu bedienende Bremspedal, dessen Position jederzeit klar erkennbar ist. Das Rad ist in zwei Konstruktionsh\u00f6hen erh\u00e4ltlich, um den Anforderungen unterschiedlicher Kundengruppen und Ger\u00e4tetypen gerecht zu werden. Das zeitlose, hygieneoptimierte Qualit\u00e4tsdesign von Twist f\u00fcgt sich perfekt in [&hellip;]","og_url":"https:\/\/www.manner.fi\/de\/produkte\/twist\/","og_site_name":"Manner","article_modified_time":"2022-10-26T09:31:48+00:00","og_image":[{"width":1600,"height":927,"url":"https:\/\/www.manner.fi\/wp-content\/uploads\/2019\/11\/twist_frontpage_hero_2.jpg","type":"image\/jpeg"}],"twitter_card":"summary_large_image","twitter_misc":{"Gesch\u00e4tzte Lesezeit":"1\u00a0Minute"},"schema":{"@context":"https:\/\/schema.org","@graph":[{"@type":"WebPage","@id":"https:\/\/www.manner.fi\/de\/produkte\/twist\/","url":"https:\/\/www.manner.fi\/de\/produkte\/twist\/","name":"Twist - Manner","isPartOf":{"@id":"https:\/\/www.manner.fi\/#website"},"primaryImageOfPage":{"@id":"https:\/\/www.manner.fi\/de\/produkte\/twist\/#primaryimage"},"image":{"@id":"https:\/\/www.manner.fi\/de\/produkte\/twist\/#primaryimage"},"thumbnailUrl":"https:\/\/www.manner.fi\/wp-content\/uploads\/2019\/11\/twist_frontpage_hero_2.jpg","datePublished":"2019-03-15T08:54:05+00:00","dateModified":"2022-10-26T09:31:48+00:00","breadcrumb":{"@id":"https:\/\/www.manner.fi\/de\/produkte\/twist\/#breadcrumb"},"inLanguage":"de","potentialAction":[{"@type":"ReadAction","target":["https:\/\/www.manner.fi\/de\/produkte\/twist\/"]}]},{"@type":"ImageObject","inLanguage":"de","@id":"https:\/\/www.manner.fi\/de\/produkte\/twist\/#primaryimage","url":"https:\/\/www.manner.fi\/wp-content\/uploads\/2019\/11\/twist_frontpage_hero_2.jpg","contentUrl":"https:\/\/www.manner.fi\/wp-content\/uploads\/2019\/11\/twist_frontpage_hero_2.jpg","width":1600,"height":927},{"@type":"BreadcrumbList","@id":"https:\/\/www.manner.fi\/de\/produkte\/twist\/#breadcrumb","itemListElement":[{"@type":"ListItem","position":1,"name":"Home","item":"https:\/\/www.manner.fi\/de\/"},{"@type":"ListItem","position":2,"name":"Produkte","item":"https:\/\/www.manner.fi\/de\/produkte\/"},{"@type":"ListItem","position":3,"name":"Twist"}]},{"@type":"WebSite","@id":"https:\/\/www.manner.fi\/#website","url":"https:\/\/www.manner.fi\/","name":"Manner","description":"Smart Moves on Manner Castors","potentialAction":[{"@type":"SearchAction","target":{"@type":"EntryPoint","urlTemplate":"https:\/\/www.manner.fi\/?s={search_term_string}"},"query-input":{"@type":"PropertyValueSpecification","valueRequired":true,"valueName":"search_term_string"}}],"inLanguage":"de"}]}},"_links":{"self":[{"href":"https:\/\/www.manner.fi\/de\/wp-json\/wp\/v2\/pages\/184368","targetHints":{"allow":["GET"]}}],"collection":[{"href":"https:\/\/www.manner.fi\/de\/wp-json\/wp\/v2\/pages"}],"about":[{"href":"https:\/\/www.manner.fi\/de\/wp-json\/wp\/v2\/types\/page"}],"author":[{"embeddable":true,"href":"https:\/\/www.manner.fi\/de\/wp-json\/wp\/v2\/users\/1"}],"replies":[{"embeddable":true,"href":"https:\/\/www.manner.fi\/de\/wp-json\/wp\/v2\/comments?post=184368"}],"version-history":[{"count":22,"href":"https:\/\/www.manner.fi\/de\/wp-json\/wp\/v2\/pages\/184368\/revisions"}],"predecessor-version":[{"id":187915,"href":"https:\/\/www.manner.fi\/de\/wp-json\/wp\/v2\/pages\/184368\/revisions\/187915"}],"up":[{"embeddable":true,"href":"https:\/\/www.manner.fi\/de\/wp-json\/wp\/v2\/pages\/3001"}],"wp:featuredmedia":[{"embeddable":true,"href":"https:\/\/www.manner.fi\/de\/wp-json\/wp\/v2\/media\/185739"}],"wp:attachment":[{"href":"https:\/\/www.manner.fi\/de\/wp-json\/wp\/v2\/media?parent=184368"}],"curies":[{"name":"wp","href":"https:\/\/api.w.org\/{rel}","templated":true}]}}