{"id":123374,"date":"2018-11-27T14:40:34","date_gmt":"2018-11-27T12:40:34","guid":{"rendered":"https:\/\/www.manner.fi\/privacy-policy\/"},"modified":"2019-09-04T08:34:56","modified_gmt":"2019-09-04T05:34:56","slug":"datenschutzerklaerung","status":"publish","type":"page","link":"https:\/\/www.manner.fi\/de\/datenschutzerklaerung\/","title":{"rendered":"Datenschutzerklaerung"},"content":{"rendered":"<p class=\"p1\"><span class=\"s1\">Datenschutzerkl\u00e4rung gem\u00e4\u00df der Datenschutz-Grundverordnung 2016\/679 (EU) der Europ\u00e4ischen Union<\/span><\/p>\n<p class=\"p1\"><span class=\"s1\">30.10.2018<\/span><\/p>\n<p class=\"p1\"><span class=\"s1\"><b>1. Verantwortlicher<\/b><\/span><\/p>\n<p class=\"p1\"><span class=\"s1\">Oy Mannerin Konepaja Ab, Pitk\u00e4katu 17, 10900 Hanko, Finnland<\/span><\/p>\n<p class=\"p1\"><span class=\"s1\"><b>2. Name und Anschrift des Datenschutzbeauftragten<\/b><\/span><\/p>\n<p class=\"p1\"><span class=\"s1\">Oy Mannerin Konepaja Ab, Anders S\u00f6derlund, Pitk\u00e4katu 17, 10900 Hanko, Finnland. Verantwortlich f\u00fcr die technische Realisierung ist die Firma doop dmp Oy.<\/span><\/p>\n<p class=\"p1\"><span class=\"s1\"><b>3. Bezeichnung des Registers<\/b><\/span><\/p>\n<p class=\"p1\"><span class=\"s1\">Online-Transaktionsregister der Website manner.fi von Oy Mannerin Konepaja Ab.<\/span><\/p>\n<p class=\"p1\"><span class=\"s1\"><b>4. Zweck des Registers<\/b><\/span><\/p>\n<p class=\"p1\"><span class=\"s1\">Der Verantwortliche oder ein von diesem bevollm\u00e4chtigter Auftragsverarbeiter verwendet die personenbezogenen Daten von Kunden oder potenziellen Kunden zu folgenden Zwecken:<\/span><\/p>\n<ol class=\"ol1\">\n<li style=\"list-style-type: none;\">\n<ul class=\"ul1\">\n<li class=\"li1\"><span class=\"s1\">Marketingkommunikation von Oy Mannerin Konepaja Ab, einschlie\u00dflich Direktmarketing nach Erteilung einer diesbez\u00fcglichen Erlaubnis; <\/span><\/li>\n<li class=\"li1\"><span class=\"s1\">Pflege und Entwicklung der Kundenbeziehung; <\/span><\/li>\n<li class=\"li1\"><span class=\"s1\">Entwicklung der Gesch\u00e4ftst\u00e4tigkeit des Verantwortlichen und des mit dieser zusammenh\u00e4ngenden Kundendienstes. <\/span><\/li>\n<\/ul>\n<\/li>\n<\/ol>\n<p class=\"p1\"><span class=\"s1\">Die personenbezogenen Daten werden im Einklang mit der Datenschutz-Grundverordnung der EU verarbeitet. Die Verarbeitung der personenbezogenen Daten basiert auf der Einwilligung der betroffenen Person, die diese Einwilligung jederzeit wiederrufen kann. <\/span><b><\/b><\/p>\n<p class=\"p1\"><span class=\"s1\"><b>5. Dateninhalt des Registers<\/b><\/span><\/p>\n<p class=\"p1\"><span class=\"s1\">In dem Register werden die von den Benutzern der Website manner.fi angegebenen Grundinformationen erfasst: Name, Wohnort, E-Mail und Telefonnummer; im Zusammenhang mit Bewerbungsformularen au\u00dferdem Geburtsjahr, Ausbildung, Abschluss und Sprachkenntnisse.<\/span><\/p>\n<p class=\"p1\"><span class=\"s1\">Sonstige Angaben: Kundenfeedback, Zufriedenheitsaussagen der Kunden, kampagnenspezifische Daten, Dienstnutzungsdaten sowie Kaufverhalten, gesetzlich vorgeschriebene Direktwerbe-, Fernverkauf- und sonstige Direktmarketingerlaubnisse und -verbote, sonstige mit Einwilligung oder Vollmacht des Kunden oder potenziellen Kunden erhaltene Informationen, die zur Bereitstellung der von ihm erbetenen Dienstleistung erforderlich sind. <\/span><b><\/b><\/p>\n<p class=\"p1\"><span class=\"s1\"><b>6. Ordnungsgem\u00e4\u00dfe Datenquellen <\/b><\/span><\/p>\n<p class=\"p1\"><span class=\"s1\">Die Kunden oder potenzielle Kunden betreffenden Daten werden u. a. im Zusammenhang mit Newsletter-Abonnements, Meinungs- und Feedback-Umfragen, Wettbewerben und Verlosungen erhoben. Von diesen Daten werden ausschlie\u00dflich die derjenigen Personen gespeichert, die ihre Erlaubnis zu Marketing und Kontaktaufnahme erteilt haben. Ansonsten werden kampagnenspezifisch \u00fcbermittelte Daten nur f\u00fcr den in den Regeln der Kampagne genannten Zeitraum gespeichert.<\/span><\/p>\n<p class=\"p1\"><span class=\"s1\"><b>7. Offenlegung von Daten<\/b><\/span><\/p>\n<p class=\"p1\"><span class=\"s1\">Daten k\u00f6nnen in gesetzlich vorgeschriebenen F\u00e4llen Beh\u00f6rden offengelegt werden. Die Daten werden nicht in L\u00e4nder au\u00dferhalb der Europ\u00e4ischen Union oder des Europ\u00e4ischen Wirtschaftsraumes verbracht, sofern dies nicht f\u00fcr die technische Bereitstellung des Dienstes erforderlich ist. Im letzteren Fall sorgt der Verantwortliche in der durch die Gesetzgebung vorausgesetzten Weise f\u00fcr ausreichende Datensicherheit. Die Daten k\u00f6nnen auf die durch die Datenschutz-Grundverordnung der EU zugelassenen Weisen an diejenigen Partner und Zulieferer von Oy Mannerin Konepaja Ab weitergegeben werden, die im Auftrag von Oy Mannerin Konepaja Ab und im Zusammenhang mit dem Internetdienst von Oy Mannerin Konepaja Ab t\u00e4tig sind.<\/span><b><\/b><\/p>\n<p class=\"p1\"><span class=\"s1\"><b>8. Datenschutzgrunds\u00e4tze des Registers<\/b><\/span><\/p>\n<p class=\"p1\"><span class=\"s1\">Die Daten werden im System des Verantwortlichen gespeichert und sind durch die Schutzsoftware des Betriebssystems gesichert. Die Berechtigung zur Nutzung des Registers setzt ein pers\u00f6nliches Benutzerkennwort und ein Passwort voraus, die beide nur an diejenigen Personalmitglieder des Verantwortlichen vergeben werden, an deren Stellung und Aufgaben das Nutzungsrecht gebunden ist. Die im Register enthaltenen Daten befinden sich in einem verschlossenen und gesch\u00fctzten Raum.<\/span><\/p>\n<p class=\"p1\"><span class=\"s1\"><b>9. Rechte der betroffenen Person<\/b><\/span><b><\/b><\/p>\n<p class=\"p1\"><span class=\"s1\">9.1 Auskunftsrecht<\/span><\/p>\n<p class=\"p1\"><span class=\"s1\">Die betroffene Person hat das Recht, transparente Informationen \u00fcber die Verarbeitung der personenbezogenen Daten zu erhalten. \u00dcber die Verarbeitung der personenbezogenen Daten wird die betroffene Person mittels dieser Datenschutzerkl\u00e4rung informiert. <\/span><\/p>\n<p class=\"p1\"><span class=\"s1\">Die betroffene Person hat das Recht auf Zugriff auf ihre eigenen Daten. Das Auskunftsersuchen ist dem Verantwortlichen in schriftlicher Form zuzustellen. Der Verantwortliche liefert die Auskunft \u00fcber die erhobenen Daten innerhalb von maximal 30 Tagen.<\/span><\/p>\n<p class=\"p1\"><span class=\"s1\">9.2 Recht auf Berichtigung <\/span><\/p>\n<p class=\"p1\"><span class=\"s1\">Die betroffene Person hat das Recht auf unverz\u00fcgliche Berichtigung und L\u00f6schung der Daten. Das diesbez\u00fcgliche Ersuchen ist dem Verantwortlichen in schriftlicher Form zuzustellen. Der Verantwortliche ist zur L\u00f6schung der Daten verpflichtet, sofern eines der folgenden Kriterien erf\u00fcllt ist: 1) Die personenbezogenen Daten werden nicht l\u00e4nger f\u00fcr den Zweck ben\u00f6tigt, zu dem sie erhoben wurden, 2) die betroffene Person widerruft ihre Einwilligung, 3) die betroffene Person widerspricht der Verarbeitung und es liegen keine rechtm\u00e4\u00dfigen Gr\u00fcnde f\u00fcr die Verarbeitung vor, oder die betroffene Person widerspricht dem Direktmarketingzweck, 4) die personenbezogenen Daten wurden rechtswidrig verarbeitet, 5) die L\u00f6schung der personenbezogenen Daten ist zur Erf\u00fcllung einer gesetzlichen Verpflichtung erforderlich, 6) die personenbezogenen Daten wurden im Zusammenhang mit der Bereitstellung von Diensten der Informationsgesellschaft erhoben. <\/span><\/p>\n<p class=\"p1\"><span class=\"s1\">9.3<span class=\"Apple-converted-space\">\u00a0 <\/span>Recht auf Einschr\u00e4nkung der Verarbeitung<\/span><\/p>\n<p class=\"p1\"><span class=\"s1\">Die betroffene Person hat das Recht auf Einschr\u00e4nkung der Verarbeitung ihrer Daten, sofern eines der Kriterien von Artikel 18 der Verordnung erf\u00fcllt ist. Ein Grund liegt beispielsweise in der Situation vor, dass die betroffene Person die Richtigkeit ihrer personenbezogenen Daten bestreitet.<\/span><\/p>\n<p class=\"p1\"><span class=\"s1\">Der Verantwortliche teilt die Berichtigung, L\u00f6schung oder Verarbeitungseinschr\u00e4nkung der personenbezogenen Daten allen Empf\u00e4ngern mit, denen die personenbezogenen Daten weitergegeben wurden, es sei denn, dies ist mit unverh\u00e4ltnism\u00e4\u00dfigem Aufwand verbunden. Der Verantwortliche teilt den betroffenen Personen diese Empf\u00e4nger mit, falls die betroffene Person eigens darum ersucht.<\/span><\/p>\n<p class=\"p1\"><span class=\"s1\">9.4<span class=\"Apple-converted-space\">\u00a0 <\/span>Recht auf Daten\u00fcbertragbarkeit<\/span><\/p>\n<p class=\"p1\"><span class=\"s1\">Die betroffene Person hat das Recht, die sie betreffenden personenbezogenen Daten zu erhalten und an einen anderen Verantwortlichen weiterzugeben. Das \u00dcbertragungsrecht umfasst auch die direkte \u00dcbertragung der Daten von einem Verantwortlichen auf einen anderen, falls dies technisch m\u00f6glich ist. Das Recht setzt voraus, dass die Verarbeitung auf Einwilligung oder Vertrag basiert und in automatisierter Weise erfolgt. <\/span><\/p>\n<p class=\"p1\"><span class=\"s1\">9.5. Widerspruchsrecht<\/span><\/p>\n<p class=\"p1\"><span class=\"s1\">Die betroffene Person hat das Recht, jederzeit der Verarbeitung der sie betreffenden personenbezogenen Daten zu widersprechen, nachdem sie ihre Einwilligung zur Verarbeitung der Daten gegeben hat. Die betroffene Person hat auch das Recht, jederzeit der auf berechtigtem Interesse des Unternehmens oder auf Profiling beruhenden Verarbeitung ihrer personenbezogenen Daten zu widersprechen. Profiling bedeutet jegliche Form automatisierter Verarbeitung personenbezogener Daten unter Bewertung der pers\u00f6nlichen Aspekte in Bezug auf eine nat\u00fcrliche Person, insbesondere zur Analyse oder Prognose von Aspekten bez\u00fcglich Arbeitsleistung, wirtschaftliche Lage, Gesundheit, pers\u00f6nliche Vorlieben oder Interessen, Zuverl\u00e4ssigkeit, Verhalten, Aufenthaltsort oder Ortswechsel der betroffenen Person.<\/span><\/p>\n<p class=\"p1\"><span class=\"s1\">Nach dem Verbot darf der Verantwortliche die personenbezogenen Daten nicht weiter verarbeiten, es sei denn, er kann nachweisen, dass f\u00fcr die Verarbeitung ein bemerkenswert wichtiger und begr\u00fcndeter Anlass besteht.<\/span><\/p>\n<p class=\"p1\"><span class=\"s1\">Die betroffene Person hat das Recht, jederzeit der Verarbeitung der sie betreffenden personenbezogenen Daten zu Direktmarketingzwecken zu widersprechen \u2013 darunter auch dem mit Direktmarketing in Verbindung stehenden Profiling.<\/span><\/p>\n<p class=\"p1\"><span class=\"s1\">9.6 Automatisierte Entscheidung <\/span><\/p>\n<p class=\"p1\"><span class=\"s1\">Die betroffene Person hat das Recht, keiner Entscheidung unterworfen zu werden, die ausschlie\u00dflich auf einer automatisierten Verarbeitung wie z. B. Profiling beruht und ihr gegen\u00fcber rechtliche Wirkung entfaltet oder sie in \u00e4hnlicher Weise erheblich beeintr\u00e4chtigt.<span class=\"Apple-converted-space\">\u00a0 <\/span>Das Obige gilt nicht, falls die Entscheidung beispielsweise f\u00fcr den Abschluss oder die Erf\u00fcllung eines Vertrags zwischen der betroffenen Person und dem Verantwortlichen erforderlich ist oder auf der ausdr\u00fccklichen Einwilligung der betroffenen Person beruht. <\/span><\/p>\n<p class=\"p1\"><span class=\"s1\">9.7 Recht auf Benachrichtigung \u00fcber Datenschutzverletzungen<\/span><\/p>\n<p class=\"p1\"><span class=\"s1\">Die betroffene Person hat das Recht, \u00fcber Verletzungen des Schutzes ihrer personenbezogenen Daten informiert zu werden. Dieses Recht tritt in Kraft, falls die Verletzung voraussichtlich ein hohes Risiko f\u00fcr die pers\u00f6nlichen Rechte und Freiheiten der nat\u00fcrlichen Person darstellt, beispielsweise in Form von Identit\u00e4tsdiebstahl, Zahlungsmittelbetrug oder sonstiger strafbarer T\u00e4tigkeit.<\/span><\/p>\n<p class=\"p1\"><span class=\"s1\">9.8. Recht auf Beschwerde <\/span><\/p>\n<p class=\"p1\"><span class=\"s1\">Falls die betroffene Person erachtet, dass die Verarbeitung der sie betreffenden personenbezogenen Daten gegen die Datenschutz-Grundverordnung verst\u00f6\u00dft, hat sie das Recht auf Beschwerde bei einer Aufsichtsbeh\u00f6rde, wobei es sich in diesem Fall in erster Linie um den Datenschutzbeauftragten handelt. <\/span><\/p>\n<p class=\"p1\"><span class=\"s1\">9.9 Recht auf Schadenersatz<\/span><\/p>\n<p class=\"p1\"><span class=\"s1\">Falls einer nat\u00fcrlichen Person durch einen Versto\u00df gegen die Datenschutz-Grundverordnung materieller oder immaterieller Schaden entsteht, hat sie das Recht, vom Verantwortlichen oder Auftragsverarbeiter Schadenersatz zu erhalten. Der Verantwortliche bzw. Auftragsverarbeiter wird von der Haftung befreit, falls er nachweisen kann, dass er in keiner Weise f\u00fcr das den Schaden verursachende Ereignis verantwortlich war.<\/span><b><\/b><\/p>\n<p class=\"p1\"><span class=\"s1\"><b>10. Cookies<\/b><br \/>\nWir verwenden auf unserer Website sogenannte Cookies. Bei Cookies handelt es sich um an den Computer gesendete und dort gespeicherte Textdateien, die es dem Administrator der Website erm\u00f6glichen, h\u00e4ufig wiederkehrende Nutzer zu identifizieren, den Nutzern die Anmeldung zu erleichtern sowie Profile zu erstellen und Nutzerinformationen zu kombinieren. Cookies bedeuten keine Gefahr f\u00fcr den Computer oder die Dateien des Nutzers. Cookies helfen uns bei der Verbesserung des Inhalts unserer Website. <\/span><\/p>\n<p class=\"p1\"><span class=\"s1\">F\u00fcr den Fall, dass der Nutzer keine \u00dcbermittlung der oben genannten Informationen mittels Cookies w\u00fcnscht, bieten die meisten Internetbrowser die M\u00f6glichkeit, Cookies zu deaktivieren. In Internet Explorer beispielsweise ist diese Option auf der Registerkarte \u201eExtras\u201c im Men\u00fc \u201eInternetoptionen\u201c unter \u201eDatenschutz\u201c zu finden. Cookies k\u00f6nnen jedoch auf einigen unserer Seiten erforderlich sein, um die dort angebotenen Dienste in der vorgesehenen Weise nutzen zu k\u00f6nnen.<\/span><\/p>\n","protected":false},"excerpt":{"rendered":"<p>Datenschutzerkl\u00e4rung gem\u00e4\u00df der Datenschutz-Grundverordnung 2016\/679 (EU) der Europ\u00e4ischen Union 30.10.2018 1. Verantwortlicher Oy Mannerin Konepaja Ab, Pitk\u00e4katu 17, 10900 Hanko, Finnland 2. Name und Anschrift des Datenschutzbeauftragten Oy Mannerin Konepaja Ab, Anders S\u00f6derlund, Pitk\u00e4katu 17, 10900 Hanko, Finnland. Verantwortlich f\u00fcr die technische Realisierung ist die Firma doop dmp Oy. 3. Bezeichnung des Registers Online-Transaktionsregister der [&hellip;]<\/p>\n","protected":false},"author":1,"featured_media":44172,"parent":0,"menu_order":0,"comment_status":"closed","ping_status":"closed","template":"","meta":{"_acf_changed":false,"footnotes":""},"class_list":["post-123374","page","type-page","status-publish","has-post-thumbnail","hentry"],"acf":[],"yoast_head":"<!-- This site is optimized with the Yoast SEO plugin v25.2 - https:\/\/yoast.com\/wordpress\/plugins\/seo\/ -->\n<title>Datenschutzerklaerung | Manner<\/title>\n<meta name=\"description\" content=\"HIer finden Sie unsere Dateschutzerkl\u00e4rung in \u00dcbereinstimmung mit DSGVO der EU. Kontaktieren Sie uns, wenn Sie Fragen hierzu haben.\" \/>\n<meta name=\"robots\" content=\"index, follow, max-snippet:-1, max-image-preview:large, max-video-preview:-1\" \/>\n<meta property=\"og:locale\" content=\"de_DE\" \/>\n<meta property=\"og:type\" content=\"article\" \/>\n<meta property=\"og:title\" content=\"Datenschutzerklaerung | Manner\" \/>\n<meta property=\"og:description\" content=\"HIer finden Sie unsere Dateschutzerkl\u00e4rung in \u00dcbereinstimmung mit DSGVO der EU. Kontaktieren Sie uns, wenn Sie Fragen hierzu haben.\" \/>\n<meta property=\"og:url\" content=\"https:\/\/www.manner.fi\/de\/datenschutzerklaerung\/\" \/>\n<meta property=\"og:site_name\" content=\"Manner\" \/>\n<meta property=\"article:modified_time\" content=\"2019-09-04T05:34:56+00:00\" \/>\n<meta property=\"og:image\" content=\"https:\/\/www.manner.fi\/wp-content\/uploads\/2018\/04\/contact.jpg\" \/>\n\t<meta property=\"og:image:width\" content=\"1600\" \/>\n\t<meta property=\"og:image:height\" content=\"514\" \/>\n\t<meta property=\"og:image:type\" content=\"image\/jpeg\" \/>\n<meta name=\"twitter:card\" content=\"summary_large_image\" \/>\n<meta name=\"twitter:label1\" content=\"Gesch\u00e4tzte Lesezeit\" \/>\n\t<meta name=\"twitter:data1\" content=\"7\u00a0Minuten\" \/>\n<script type=\"application\/ld+json\" class=\"yoast-schema-graph\">{\"@context\":\"https:\/\/schema.org\",\"@graph\":[{\"@type\":\"WebPage\",\"@id\":\"https:\/\/www.manner.fi\/de\/datenschutzerklaerung\/\",\"url\":\"https:\/\/www.manner.fi\/de\/datenschutzerklaerung\/\",\"name\":\"Datenschutzerklaerung | Manner\",\"isPartOf\":{\"@id\":\"https:\/\/www.manner.fi\/#website\"},\"primaryImageOfPage\":{\"@id\":\"https:\/\/www.manner.fi\/de\/datenschutzerklaerung\/#primaryimage\"},\"image\":{\"@id\":\"https:\/\/www.manner.fi\/de\/datenschutzerklaerung\/#primaryimage\"},\"thumbnailUrl\":\"https:\/\/www.manner.fi\/wp-content\/uploads\/2018\/04\/contact.jpg\",\"datePublished\":\"2018-11-27T12:40:34+00:00\",\"dateModified\":\"2019-09-04T05:34:56+00:00\",\"description\":\"HIer finden Sie unsere Dateschutzerkl\u00e4rung in \u00dcbereinstimmung mit DSGVO der EU. Kontaktieren Sie uns, wenn Sie Fragen hierzu haben.\",\"breadcrumb\":{\"@id\":\"https:\/\/www.manner.fi\/de\/datenschutzerklaerung\/#breadcrumb\"},\"inLanguage\":\"de\",\"potentialAction\":[{\"@type\":\"ReadAction\",\"target\":[\"https:\/\/www.manner.fi\/de\/datenschutzerklaerung\/\"]}]},{\"@type\":\"ImageObject\",\"inLanguage\":\"de\",\"@id\":\"https:\/\/www.manner.fi\/de\/datenschutzerklaerung\/#primaryimage\",\"url\":\"https:\/\/www.manner.fi\/wp-content\/uploads\/2018\/04\/contact.jpg\",\"contentUrl\":\"https:\/\/www.manner.fi\/wp-content\/uploads\/2018\/04\/contact.jpg\",\"width\":1600,\"height\":514},{\"@type\":\"BreadcrumbList\",\"@id\":\"https:\/\/www.manner.fi\/de\/datenschutzerklaerung\/#breadcrumb\",\"itemListElement\":[{\"@type\":\"ListItem\",\"position\":1,\"name\":\"Home\",\"item\":\"https:\/\/www.manner.fi\/de\/\"},{\"@type\":\"ListItem\",\"position\":2,\"name\":\"Datenschutzerklaerung\"}]},{\"@type\":\"WebSite\",\"@id\":\"https:\/\/www.manner.fi\/#website\",\"url\":\"https:\/\/www.manner.fi\/\",\"name\":\"Manner\",\"description\":\"Smart Moves on Manner Castors\",\"potentialAction\":[{\"@type\":\"SearchAction\",\"target\":{\"@type\":\"EntryPoint\",\"urlTemplate\":\"https:\/\/www.manner.fi\/?s={search_term_string}\"},\"query-input\":{\"@type\":\"PropertyValueSpecification\",\"valueRequired\":true,\"valueName\":\"search_term_string\"}}],\"inLanguage\":\"de\"}]}<\/script>\n<!-- \/ Yoast SEO plugin. -->","yoast_head_json":{"title":"Datenschutzerklaerung | Manner","description":"HIer finden Sie unsere Dateschutzerkl\u00e4rung in \u00dcbereinstimmung mit DSGVO der EU. Kontaktieren Sie uns, wenn Sie Fragen hierzu haben.","robots":{"index":"index","follow":"follow","max-snippet":"max-snippet:-1","max-image-preview":"max-image-preview:large","max-video-preview":"max-video-preview:-1"},"og_locale":"de_DE","og_type":"article","og_title":"Datenschutzerklaerung | Manner","og_description":"HIer finden Sie unsere Dateschutzerkl\u00e4rung in \u00dcbereinstimmung mit DSGVO der EU. Kontaktieren Sie uns, wenn Sie Fragen hierzu haben.","og_url":"https:\/\/www.manner.fi\/de\/datenschutzerklaerung\/","og_site_name":"Manner","article_modified_time":"2019-09-04T05:34:56+00:00","og_image":[{"width":1600,"height":514,"url":"https:\/\/www.manner.fi\/wp-content\/uploads\/2018\/04\/contact.jpg","type":"image\/jpeg"}],"twitter_card":"summary_large_image","twitter_misc":{"Gesch\u00e4tzte Lesezeit":"7\u00a0Minuten"},"schema":{"@context":"https:\/\/schema.org","@graph":[{"@type":"WebPage","@id":"https:\/\/www.manner.fi\/de\/datenschutzerklaerung\/","url":"https:\/\/www.manner.fi\/de\/datenschutzerklaerung\/","name":"Datenschutzerklaerung | Manner","isPartOf":{"@id":"https:\/\/www.manner.fi\/#website"},"primaryImageOfPage":{"@id":"https:\/\/www.manner.fi\/de\/datenschutzerklaerung\/#primaryimage"},"image":{"@id":"https:\/\/www.manner.fi\/de\/datenschutzerklaerung\/#primaryimage"},"thumbnailUrl":"https:\/\/www.manner.fi\/wp-content\/uploads\/2018\/04\/contact.jpg","datePublished":"2018-11-27T12:40:34+00:00","dateModified":"2019-09-04T05:34:56+00:00","description":"HIer finden Sie unsere Dateschutzerkl\u00e4rung in \u00dcbereinstimmung mit DSGVO der EU. Kontaktieren Sie uns, wenn Sie Fragen hierzu haben.","breadcrumb":{"@id":"https:\/\/www.manner.fi\/de\/datenschutzerklaerung\/#breadcrumb"},"inLanguage":"de","potentialAction":[{"@type":"ReadAction","target":["https:\/\/www.manner.fi\/de\/datenschutzerklaerung\/"]}]},{"@type":"ImageObject","inLanguage":"de","@id":"https:\/\/www.manner.fi\/de\/datenschutzerklaerung\/#primaryimage","url":"https:\/\/www.manner.fi\/wp-content\/uploads\/2018\/04\/contact.jpg","contentUrl":"https:\/\/www.manner.fi\/wp-content\/uploads\/2018\/04\/contact.jpg","width":1600,"height":514},{"@type":"BreadcrumbList","@id":"https:\/\/www.manner.fi\/de\/datenschutzerklaerung\/#breadcrumb","itemListElement":[{"@type":"ListItem","position":1,"name":"Home","item":"https:\/\/www.manner.fi\/de\/"},{"@type":"ListItem","position":2,"name":"Datenschutzerklaerung"}]},{"@type":"WebSite","@id":"https:\/\/www.manner.fi\/#website","url":"https:\/\/www.manner.fi\/","name":"Manner","description":"Smart Moves on Manner Castors","potentialAction":[{"@type":"SearchAction","target":{"@type":"EntryPoint","urlTemplate":"https:\/\/www.manner.fi\/?s={search_term_string}"},"query-input":{"@type":"PropertyValueSpecification","valueRequired":true,"valueName":"search_term_string"}}],"inLanguage":"de"}]}},"_links":{"self":[{"href":"https:\/\/www.manner.fi\/de\/wp-json\/wp\/v2\/pages\/123374","targetHints":{"allow":["GET"]}}],"collection":[{"href":"https:\/\/www.manner.fi\/de\/wp-json\/wp\/v2\/pages"}],"about":[{"href":"https:\/\/www.manner.fi\/de\/wp-json\/wp\/v2\/types\/page"}],"author":[{"embeddable":true,"href":"https:\/\/www.manner.fi\/de\/wp-json\/wp\/v2\/users\/1"}],"replies":[{"embeddable":true,"href":"https:\/\/www.manner.fi\/de\/wp-json\/wp\/v2\/comments?post=123374"}],"version-history":[{"count":3,"href":"https:\/\/www.manner.fi\/de\/wp-json\/wp\/v2\/pages\/123374\/revisions"}],"predecessor-version":[{"id":185497,"href":"https:\/\/www.manner.fi\/de\/wp-json\/wp\/v2\/pages\/123374\/revisions\/185497"}],"wp:featuredmedia":[{"embeddable":true,"href":"https:\/\/www.manner.fi\/de\/wp-json\/wp\/v2\/media\/44172"}],"wp:attachment":[{"href":"https:\/\/www.manner.fi\/de\/wp-json\/wp\/v2\/media?parent=123374"}],"curies":[{"name":"wp","href":"https:\/\/api.w.org\/{rel}","templated":true}]}}